{"id":257,"date":"2024-12-31T15:53:34","date_gmt":"2024-12-31T07:53:34","guid":{"rendered":"http:\/\/siwoc.com\/?post_type=product&#038;p=257"},"modified":"2024-12-31T16:35:47","modified_gmt":"2024-12-31T08:35:47","slug":"jail-telephone-handset","status":"publish","type":"product","link":"https:\/\/www.siwoc.com\/de\/produkt\/jail-telephone-handset\/","title":{"rendered":"Gef\u00e4ngnis Telefon Handy"},"content":{"rendered":"<p>Das Siniwo -Gef\u00e4ngnis -Telefon -Mobilteil ist so konzipiert, dass er alle ver\u00f6ffentlichten Spezifikationen f\u00fcr Handys f\u00fcr die Verwendung in \u00f6ffentlichen Terminals im Gef\u00e4ngnis erf\u00fcllt oder besiegt. Das Mobilteil verf\u00fcgt \u00fcber St\u00e4rke- und Haltbarkeitsmerkmale, die jedes in China hergestellte Mobilteil \u00fcberschreiten. Dieses von Siniwo hergestellte Gef\u00e4ngnis -Telefon -Handy -Mobilteil besteht aus vandalsicherem Design, robuster Oberfl\u00e4che und versiegeltem Raum, der in Gef\u00e4ngnissen sicher zu bedienen ist.<\/p>\n<div><iframe title=\"YouTube Video Player\" src=\"https:\/\/www.youtube.com\/embed\/yzT2NPSuHno?si=HqUnPgzJ9rdN6sic\" width=\"560\" height=\"315\" frameborder=\"0\" allowfullscreen=\"allowfullscreen\"><\/iframe>\n<\/div>\n<h2>Parameter des Gef\u00e4ngnis -Telefons<\/h2>\n<table>\n<tbody>\n<tr>\n<td width=\"284\">Modellnummer<\/td>\n<td width=\"284\">A02<\/td>\n<\/tr>\n<tr>\n<td width=\"284\">Wasserdichte Note<\/td>\n<td width=\"284\">IP65<\/td>\n<\/tr>\n<tr>\n<td width=\"284\">Umgebungsger\u00e4usche<\/td>\n<td width=\"284\">\u2264 60 dB<\/td>\n<\/tr>\n<tr>\n<td width=\"284\">Arbeitsfrequenz<\/td>\n<td width=\"284\">300 ~ 3400Hz<\/td>\n<\/tr>\n<tr>\n<td width=\"284\">SLR<\/td>\n<td width=\"284\">5 ~ 15 dB<\/td>\n<\/tr>\n<tr>\n<td width=\"284\">RLR<\/td>\n<td width=\"284\">-7 ~ 2 dB<\/td>\n<\/tr>\n<tr>\n<td width=\"284\">Arbeitstemperatur<\/td>\n<td width=\"284\">Gemeinsam: -30 \u2103 ~+50 \u2103<\/td>\n<\/tr>\n<tr>\n<td width=\"284\">Relative Luftfeuchtigkeit<\/td>\n<td width=\"284\">\u2264 95%<\/td>\n<\/tr>\n<tr>\n<td width=\"284\">Atmosph\u00e4rischer Druck<\/td>\n<td width=\"284\">80 ~ 110 kPa<\/td>\n<\/tr>\n<tr>\n<td width=\"284\">Kraft ziehen<\/td>\n<td width=\"284\">Angepasst<\/td>\n<\/tr>\n<\/tbody>\n<\/table>\n<h2>Merkmal des Handy -Handy -Mobilteils<\/h2>\n<p>1. Ein in Gef\u00e4ngnissen eingesetzter Gef\u00e4ngnis-Telefon-Handy-Handy sind die Hauptfaktoren, die wir ber\u00fccksichtigen m\u00fcssen. Wie kann man dann die Sicherheit des Gef\u00e4ngnisses verbessern und vermeiden, dass sie Waffe oder Besitzdrogen durch Gefangene werden? Aus der Struktur kleben wir die Mobilteilkappen mit \u00fcbersteuerten 130 Fu\u00df-Pfund-Drehmoment. Dies stellt sicher, dass die Kappen nicht mit kleinen Handwerkzeugen oder Bare-Hands von der \u00d6ffentlichkeit entfernt werden k\u00f6nnen. Zum Vergleich ben\u00f6tigen sich die Bolzen f\u00fcr Autoreifen etwa 75 ft-lbs Drehmoment zum Entfernen.<\/p>\n<p><img fetchpriority=\"high\" decoding=\"async\" class=\"alignnone wp-image-264 size-full\" src=\"http:\/\/siwoc.com\/wp-content\/uploads\/2024\/12\/1.-A02\u5c3a\u5bf8\u56fe.jpg\" alt=\"\" width=\"449\" height=\"500\" srcset=\"https:\/\/www.siwoc.com\/wp-content\/uploads\/2024\/12\/1.-A02\u5c3a\u5bf8\u56fe.jpg 449w, https:\/\/www.siwoc.com\/wp-content\/uploads\/2024\/12\/1.-A02\u5c3a\u5bf8\u56fe-269x300.jpg 269w, https:\/\/www.siwoc.com\/wp-content\/uploads\/2024\/12\/1.-A02\u5c3a\u5bf8\u56fe-11x12.jpg 11w\" sizes=\"(max-width: 449px) 100vw, 449px\" \/><\/p>\n<p>2. Dieses Handy -Telefon -Mobilteil ist haupts\u00e4chlich f\u00fcr Telefone, PC -Tablet, Kiosk oder Verkaufsautomaten im Gef\u00e4ngnis ausgelegt. F\u00fcr eine andere Anwendung fordert das Mobilteil unterschiedliche L\u00e4ngenkabel und elektrische Verbindungen an. Bei Telefonen besteht die regul\u00e4re Verbindung \u00fcber AMP-Anschl\u00fcsse, aber f\u00fcr PC oder Kiosk werden normalerweise USB-A oder DC Audio-Buchse angefordert.<\/p>\n<p><img decoding=\"async\" class=\"alignnone wp-image-265 size-full\" src=\"http:\/\/siwoc.com\/wp-content\/uploads\/2024\/12\/2.-\u7fd4\u9f99\u76d1\u72f1\u624b\u67c4\u6848\u4f8b.jpg\" alt=\"\" width=\"750\" height=\"668\" srcset=\"https:\/\/www.siwoc.com\/wp-content\/uploads\/2024\/12\/2.-\u7fd4\u9f99\u76d1\u72f1\u624b\u67c4\u6848\u4f8b.jpg 750w, https:\/\/www.siwoc.com\/wp-content\/uploads\/2024\/12\/2.-\u7fd4\u9f99\u76d1\u72f1\u624b\u67c4\u6848\u4f8b-300x267.jpg 300w, https:\/\/www.siwoc.com\/wp-content\/uploads\/2024\/12\/2.-\u7fd4\u9f99\u76d1\u72f1\u624b\u67c4\u6848\u4f8b-13x12.jpg 13w, https:\/\/www.siwoc.com\/wp-content\/uploads\/2024\/12\/2.-\u7fd4\u9f99\u76d1\u72f1\u624b\u67c4\u6848\u4f8b-600x534.jpg 600w\" sizes=\"(max-width: 750px) 100vw, 750px\" \/><\/p>\n<h2>Gef\u00e4ngnis Telefon Handy Handy externe Curly -Kabeldetails<\/h2>\n<p>Flexibler ineinandergreifender Edelstahl SUS304 Edelstahl gepanzertes Kabel (Standard)<br \/>\n- Standard -gepanzerte Kabell\u00e4nge 32 Zoll und 10 Zoll, 12 Zoll, 18 Zoll und 23 Zoll sind optional.<br \/>\n- F\u00fcgen Sie Stahl -Lanyard ein, das an Telefonschale verankert ist. Stahles Seil ist mit unterschiedlicher Zugfestigkeit.<br \/>\n- Durchmesser: 1,6 mm, 0,063 \u201d, Pull -Testlast: 170 kg, 375 lbs.<br \/>\n- Durchmesser: 2,0 mm, 0,078 \u201d, Ziehen Sie Testlast: 250 kg, 551 lbs.<br \/>\n- Durchmesser: 2,5 mm, 0,095 \u201d, Ziehen Sie Testlast: 450 kg, 992 lbs.<\/p>\n<p><img decoding=\"async\" class=\"alignnone wp-image-266 size-full\" src=\"http:\/\/siwoc.com\/wp-content\/uploads\/2024\/12\/3.\u624b\u67c4\u6d4b\u8bd5\u8bbe\u5907\u6d41\u7a0b.jpg\" alt=\"\" width=\"750\" height=\"688\" srcset=\"https:\/\/www.siwoc.com\/wp-content\/uploads\/2024\/12\/3.\u624b\u67c4\u6d4b\u8bd5\u8bbe\u5907\u6d41\u7a0b.jpg 750w, https:\/\/www.siwoc.com\/wp-content\/uploads\/2024\/12\/3.\u624b\u67c4\u6d4b\u8bd5\u8bbe\u5907\u6d41\u7a0b-300x275.jpg 300w, https:\/\/www.siwoc.com\/wp-content\/uploads\/2024\/12\/3.\u624b\u67c4\u6d4b\u8bd5\u8bbe\u5907\u6d41\u7a0b-13x12.jpg 13w, https:\/\/www.siwoc.com\/wp-content\/uploads\/2024\/12\/3.\u624b\u67c4\u6d4b\u8bd5\u8bbe\u5907\u6d41\u7a0b-600x550.jpg 600w\" sizes=\"(max-width: 750px) 100vw, 750px\" \/><\/p>\n<h2>Gef\u00e4ngnis -Telefon -Mobilteilrahtdetails<\/h2>\n<p>Str\u00e4ngigem Draht mit mindestens 26 Gauge wird verwendet, um eine gute \u00dcbertragungsqualit\u00e4t und -flexibilit\u00e4t zu gew\u00e4hrleisten. Die Isolierung ist Teflon, der keine Flamme von W\u00e4rme unterst\u00fctzt. (Zigaretten -Feuerzeuge bei anderen Isolationsarten f\u00fchren dazu, dass die Isolierung Feuer f\u00e4ngt und brennt.) Die meisten Konkurrenten verwenden einen kleineren Draht und eine g\u00fcnstigere Isolierung, was zu potenziellen Problemen f\u00fcr die \u00dcbertragung und das Feuer f\u00fchrt.<\/p>\n<p>&nbsp;<\/p>\n<p>&nbsp;<\/p>\n<p>&nbsp;<\/p>","protected":false},"excerpt":{"rendered":"<p>Siniwo ist ein urspr\u00fcnglicher Fabrik und Lieferant von Gef\u00e4ngnissen in China. Wir haben den H\u00e4ndler des Gef\u00e4ngnis -Telefons auf dem nordamerikanischen Markt, der eine schnelle Lieferzeit und einen After Sale -Service anbieten k\u00f6nnte. Wir suchen nach qualifiziertem Distributor oder Gro\u00dfh\u00e4ndler des Gef\u00e4ngnis-Telefons als langfristiger Partner auf dem globalen Markt.<\/p>","protected":false},"featured_media":258,"template":"","meta":[],"product_cat":[30,24],"product_tag":[33,31,32,35,34],"class_list":{"0":"post-257","1":"product","2":"type-product","3":"status-publish","4":"has-post-thumbnail","6":"product_cat-jail-telephone-handset","7":"product_cat-telephone-handset","8":"product_tag-inmate-telephone-handset","9":"product_tag-jail-telphone-handset","10":"product_tag-prison-phone-handset","11":"product_tag-rugged-telephone-handset","12":"product_tag-vandal-proof-telephone-handset","14":"first","15":"instock","16":"shipping-taxable","17":"product-type-simple"},"_links":{"self":[{"href":"https:\/\/www.siwoc.com\/de\/wp-json\/wp\/v2\/product\/257","targetHints":{"allow":["GET"]}}],"collection":[{"href":"https:\/\/www.siwoc.com\/de\/wp-json\/wp\/v2\/product"}],"about":[{"href":"https:\/\/www.siwoc.com\/de\/wp-json\/wp\/v2\/types\/product"}],"version-history":[{"count":0,"href":"https:\/\/www.siwoc.com\/de\/wp-json\/wp\/v2\/product\/257\/revisions"}],"wp:featuredmedia":[{"embeddable":true,"href":"https:\/\/www.siwoc.com\/de\/wp-json\/wp\/v2\/media\/258"}],"wp:attachment":[{"href":"https:\/\/www.siwoc.com\/de\/wp-json\/wp\/v2\/media?parent=257"}],"wp:term":[{"taxonomy":"product_cat","embeddable":true,"href":"https:\/\/www.siwoc.com\/de\/wp-json\/wp\/v2\/product_cat?post=257"},{"taxonomy":"product_tag","embeddable":true,"href":"https:\/\/www.siwoc.com\/de\/wp-json\/wp\/v2\/product_tag?post=257"}],"curies":[{"name":"wp","href":"https:\/\/api.w.org\/{rel}","templated":true}]}}