{"id":271,"date":"2024-12-31T16:38:24","date_gmt":"2024-12-31T08:38:24","guid":{"rendered":"http:\/\/siwoc.com\/?post_type=product&#038;p=271"},"modified":"2025-01-13T17:40:43","modified_gmt":"2025-01-13T09:40:43","slug":"abs-plastic-ptt-switch-industrial-telephone-handset","status":"publish","type":"product","link":"https:\/\/www.siwoc.com\/de\/produkt\/abs-plastic-ptt-switch-industrial-telephone-handset\/","title":{"rendered":"ABS -Kunststoff -PTT -Schalter Industrielles Telefon Mobilteil"},"content":{"rendered":"<h2>Parameter von ABS -Kunststoff PTT Switch Industrial Phone Handy Mobilteil<\/h2>\n<div>\n<table>\n<tbody>\n<tr>\n<td width=\"49.3400%\">Modellnummer<\/td>\n<td width=\"50.6400%\">A05+L33<\/td>\n<\/tr>\n<tr>\n<td width=\"49.3400%\">Wasserdichte Note<\/td>\n<td width=\"50.6400%\">IP54<\/td>\n<\/tr>\n<tr>\n<td width=\"49.3400%\">Temperatur betreiben<\/td>\n<td width=\"50.6400%\">-30\uff5e+65\u2103<\/td>\n<\/tr>\n<tr>\n<td width=\"49.3400%\">Lagertemperatur<\/td>\n<td width=\"50.6400%\">-40\uff5e+85\u2103<\/td>\n<\/tr>\n<tr>\n<td width=\"49.3400%\">Relative Luftfeuchtigkeit<\/td>\n<td width=\"50.6400%\">30%-90%RH<\/td>\n<\/tr>\n<tr>\n<td width=\"49.3400%\">Atmosph\u00e4rischer Druck<\/td>\n<td width=\"50.6400%\">60 ~ 106 kPa<\/td>\n<\/tr>\n<tr>\n<td width=\"49.3400%\">Material<\/td>\n<td width=\"50.6400%\">Ul genehmigte ABS<\/td>\n<\/tr>\n<tr>\n<td width=\"49.3400%\">PTT -Typ<\/td>\n<td width=\"50.6400%\">Eine runde PTT -Taste<\/td>\n<\/tr>\n<tr>\n<td width=\"49.3400%\">Steuertyp<\/td>\n<td width=\"50.6400%\">Angepasst<\/td>\n<\/tr>\n<tr>\n<td width=\"49.3400%\">Merkmale<\/td>\n<td width=\"50.6400%\">Mit Shake Proof Stand<\/td>\n<\/tr>\n<\/tbody>\n<\/table>\n<\/div>\n<p>Siniwo ABS -Plastik -PTT -Schalter Industrielles Telefon -Handy -Handy wird aus einer \u00fcbereinstimmenden Basis hergestellt, die in holprigem Fahrzeug weit verbreitet ist, wobei ein starker Magnet das Mobilteil mit sch\u00fcttelnden Beweismerkmalen festh\u00e4lt.<\/p>\n<p><iframe title=\"YouTube Video Player\" src=\"https:\/\/www.youtube.com\/embed\/iyzDdBuVMyA?si=o7gt8LDfMRazK4p7\" width=\"560\" height=\"315\" frameborder=\"0\" allowfullscreen=\"allowfullscreen\"><\/iframe><\/p>\n<h2>Merkmal von ABS -Kunststoff -PTT -Switch Industrial Phone Handy Mobilteil<\/h2>\n<p>1.Siniwo ABS -Plastik -PTT -Schalter Industrielles Telefonhandy ist f\u00fcr holprige Fahrzeuge ausgelegt, die sch\u00fcttelnden Mobilteilen f\u00fcr Fahrzeugradios ben\u00f6tigen. Mit einem starken Magneten sowohl innerhalb des Mobilteils als auch des Standes kann sich das Mobilteil nicht frei bewegen, wenn Sie den St\u00e4nder anziehen. Mit der PTT -Taste k\u00f6nnte es das Mikrofon und den Lautsprecher als Ihre Nachfrage steuern.<\/p>\n<p><img fetchpriority=\"high\" decoding=\"async\" class=\"alignnone wp-image-274 size-full\" src=\"http:\/\/siwoc.com\/wp-content\/uploads\/2024\/12\/1.\u5c3a\u5bf8\u56fe.png\" alt=\"\" width=\"1002\" height=\"741\" srcset=\"https:\/\/www.siwoc.com\/wp-content\/uploads\/2024\/12\/1.\u5c3a\u5bf8\u56fe.png 1002w, https:\/\/www.siwoc.com\/wp-content\/uploads\/2024\/12\/1.\u5c3a\u5bf8\u56fe-300x222.png 300w, https:\/\/www.siwoc.com\/wp-content\/uploads\/2024\/12\/1.\u5c3a\u5bf8\u56fe-768x568.png 768w, https:\/\/www.siwoc.com\/wp-content\/uploads\/2024\/12\/1.\u5c3a\u5bf8\u56fe-16x12.png 16w, https:\/\/www.siwoc.com\/wp-content\/uploads\/2024\/12\/1.\u5c3a\u5bf8\u56fe-600x444.png 600w\" sizes=\"(max-width: 1002px) 100vw, 1002px\" \/><\/p>\n<p>2. Siniwo ABS -Kunststoff -PTT -Schalter Industrielles Telefon -Handy -Handy wird f\u00fcr holprige Fahrzeuge h\u00e4ufig verwendet, und die Farbe kann auch so angepasst werden, dass Sie mit Ihren Fahrzeugen \u00fcbereinstimmen, unabh\u00e4ngig von rot, wei\u00df, blau oder orangefarben. Aber Siniwo hat eine MOQ -Anfrage nach verschiedenen Farben. Bitte wenden Sie sich also an uns, um weitere Informationen zu erhalten.<\/p>\n<p><img decoding=\"async\" class=\"alignnone wp-image-275 size-full\" src=\"http:\/\/siwoc.com\/wp-content\/uploads\/2024\/12\/2.\u53ef\u9009\u989c\u8272.jpg\" alt=\"\" width=\"750\" height=\"500\" srcset=\"https:\/\/www.siwoc.com\/wp-content\/uploads\/2024\/12\/2.\u53ef\u9009\u989c\u8272.jpg 750w, https:\/\/www.siwoc.com\/wp-content\/uploads\/2024\/12\/2.\u53ef\u9009\u989c\u8272-300x200.jpg 300w, https:\/\/www.siwoc.com\/wp-content\/uploads\/2024\/12\/2.\u53ef\u9009\u989c\u8272-18x12.jpg 18w, https:\/\/www.siwoc.com\/wp-content\/uploads\/2024\/12\/2.\u53ef\u9009\u989c\u8272-600x400.jpg 600w\" sizes=\"(max-width: 750px) 100vw, 750px\" \/><\/p>\n<p>3.Siniwoabs Plastik -PTT -Switch Industrial Phone -Handy -Handy kann von International Express, Air oder Ocean mit beiden T\u00fcren zum T\u00fcrdienst oder Hafen -zu -Hafen -Service verschifft werden. Siniwo hat einen zuverl\u00e4ssigen Spediteur, um sich mit den Versanddingen f\u00fcr den Kunden mit einem schnelleren, sicheren, wettbewerbsf\u00e4higen Preis und kurzer Lieferzeit zu befassen. Normalerweise dauert es 5 Arbeitstage f\u00fcr International Express und 7 Arbeitstage f\u00fcr den Luftversand.<\/p>\n<p><img decoding=\"async\" class=\"alignnone wp-image-276 size-full\" src=\"http:\/\/siwoc.com\/wp-content\/uploads\/2024\/12\/3.-\u8fd0\u8f93\u56fe.jpg\" alt=\"\" width=\"750\" height=\"424\" srcset=\"https:\/\/www.siwoc.com\/wp-content\/uploads\/2024\/12\/3.-\u8fd0\u8f93\u56fe.jpg 750w, https:\/\/www.siwoc.com\/wp-content\/uploads\/2024\/12\/3.-\u8fd0\u8f93\u56fe-300x170.jpg 300w, https:\/\/www.siwoc.com\/wp-content\/uploads\/2024\/12\/3.-\u8fd0\u8f93\u56fe-18x10.jpg 18w, https:\/\/www.siwoc.com\/wp-content\/uploads\/2024\/12\/3.-\u8fd0\u8f93\u56fe-600x339.jpg 600w\" sizes=\"(max-width: 750px) 100vw, 750px\" \/><\/p>\n<p>&nbsp;<\/p>\n<p>&nbsp;<\/p>\n<p>&nbsp;<\/p>\n<p>&nbsp;<\/p>\n<p>&nbsp;<\/p>","protected":false},"excerpt":{"rendered":"<p>Siniwo Focus als globaler Industrie -integriertes Hersteller in China von ABS Plastic PTT Switch Industrial Telefon. Siniwo erweiterte seine Fabrik mit einem Workshop, dem Workshop f\u00fcr die Formshop f\u00fcr die Formshop f\u00fcr die Laken, der SMT -Workshop und der Assembly Workshop in diesem Jahr, um einen integrierten Service f\u00fcr den Kunden anzubieten.<\/p>","protected":false},"featured_media":273,"template":"","meta":[],"product_cat":[36,24],"product_tag":[33,31,32,35,34],"class_list":{"0":"post-271","1":"product","2":"type-product","3":"status-publish","4":"has-post-thumbnail","6":"product_cat-abs-plastic-ptt-switch-industrial-telephone-handset","7":"product_cat-telephone-handset","8":"product_tag-inmate-telephone-handset","9":"product_tag-jail-telphone-handset","10":"product_tag-prison-phone-handset","11":"product_tag-rugged-telephone-handset","12":"product_tag-vandal-proof-telephone-handset","14":"first","15":"instock","16":"shipping-taxable","17":"product-type-simple"},"_links":{"self":[{"href":"https:\/\/www.siwoc.com\/de\/wp-json\/wp\/v2\/product\/271","targetHints":{"allow":["GET"]}}],"collection":[{"href":"https:\/\/www.siwoc.com\/de\/wp-json\/wp\/v2\/product"}],"about":[{"href":"https:\/\/www.siwoc.com\/de\/wp-json\/wp\/v2\/types\/product"}],"version-history":[{"count":0,"href":"https:\/\/www.siwoc.com\/de\/wp-json\/wp\/v2\/product\/271\/revisions"}],"wp:featuredmedia":[{"embeddable":true,"href":"https:\/\/www.siwoc.com\/de\/wp-json\/wp\/v2\/media\/273"}],"wp:attachment":[{"href":"https:\/\/www.siwoc.com\/de\/wp-json\/wp\/v2\/media?parent=271"}],"wp:term":[{"taxonomy":"product_cat","embeddable":true,"href":"https:\/\/www.siwoc.com\/de\/wp-json\/wp\/v2\/product_cat?post=271"},{"taxonomy":"product_tag","embeddable":true,"href":"https:\/\/www.siwoc.com\/de\/wp-json\/wp\/v2\/product_tag?post=271"}],"curies":[{"name":"wp","href":"https:\/\/api.w.org\/{rel}","templated":true}]}}