{"id":280,"date":"2025-01-02T11:18:02","date_gmt":"2025-01-02T03:18:02","guid":{"rendered":"http:\/\/siwoc.com\/?post_type=product&#038;p=280"},"modified":"2025-01-02T11:32:14","modified_gmt":"2025-01-02T03:32:14","slug":"ptt-switch-telephone-handset","status":"publish","type":"product","link":"https:\/\/www.siwoc.com\/de\/produkt\/ptt-switch-telephone-handset\/","title":{"rendered":"PTT Switch -Telefon -Mobilteilset"},"content":{"rendered":"<p>Dieses Siniwo PTT Switch -Telefon -Handy -Handy ist ein ma\u00dfgeschneidertes Hochleistungs -Telefon -Mobilteil, das in Chemieanlagen, \u00d6l- und Tankstelle und Seaport -St\u00e4nder verwendet wird, bei dem das Ger\u00e4usch reduziert und auf die Gespr\u00e4chsfunktion dr\u00e4ngt. Es entspricht der Richtlinie des Rates EMC 2014\/30\/EU gem\u00e4\u00df den Teststandard EN55032: 2015\/A1: 2020 und EN55035: 2017\/A11: 2020.<\/p>\n<h2>Parameter des PTT Switch -Telefon -Handys<\/h2>\n<table>\n<tbody>\n<tr>\n<td width=\"284\">Modellnummer<\/td>\n<td width=\"284\">A15<\/td>\n<\/tr>\n<tr>\n<td width=\"284\">Wasserdichte Note<\/td>\n<td width=\"284\">IP65<\/td>\n<\/tr>\n<tr>\n<td width=\"284\">Umgebungsger\u00e4usche<\/td>\n<td width=\"284\">\u2264 60 dB<\/td>\n<\/tr>\n<tr>\n<td width=\"284\">Arbeitsfrequenz<\/td>\n<td width=\"284\">300 ~ 3400Hz<\/td>\n<\/tr>\n<tr>\n<td width=\"284\">SLR<\/td>\n<td width=\"284\">5 ~ 15 dB<\/td>\n<\/tr>\n<tr>\n<td width=\"284\">RLR<\/td>\n<td width=\"284\">-7 ~ 2 dB<\/td>\n<\/tr>\n<tr>\n<td width=\"284\">Besondere Funktion<\/td>\n<td width=\"284\">Ger\u00e4uschreduzierende PTT -Switch -Telefon -Handy -Mobilteil<\/td>\n<\/tr>\n<tr>\n<td width=\"284\">Arbeitstemperatur<\/td>\n<td width=\"284\">Gemeinsam: -20 \u2103 ~+40 \u2103<br \/>\nSpezial: -40 \u2103 ~+50 \u2103<br \/>\n(Bitte teilen Sie uns Ihre Anfrage im Voraus mit)<\/td>\n<\/tr>\n<tr>\n<td width=\"284\">Relative Luftfeuchtigkeit<\/td>\n<td width=\"284\">\u2264 95%<\/td>\n<\/tr>\n<tr>\n<td width=\"284\">Atmosph\u00e4rischer Druck<\/td>\n<td width=\"284\">80 ~ 110 kPa<\/td>\n<\/tr>\n<\/tbody>\n<\/table>\n<h2>Merkmal des PTT Switch -Telefonhandelssatzes<\/h2>\n<p>1. Dieser wetterfeste Telefon -Handy -Mobilteil ist f\u00fcr die meisten Au\u00dfentelefone ergonomisch gestaltet und geeignet. Als spezieller Hersteller in der eingereichten industriellen Telekommunikation verf\u00fcgen wir \u00fcber ein reichhaltiges wetterfestes Telefon -Handy -Mobilteil und bieten L\u00f6sungen f\u00fcr Kunden an.<\/p>\n<p>&nbsp;<\/p>\n<p><img fetchpriority=\"high\" decoding=\"async\" class=\"alignnone wp-image-281 size-full\" src=\"http:\/\/siwoc.com\/wp-content\/uploads\/2025\/01\/1.\u5c3a\u5bf8\u56fe.jpg\" alt=\"\" width=\"300\" height=\"354\" srcset=\"https:\/\/www.siwoc.com\/wp-content\/uploads\/2025\/01\/1.\u5c3a\u5bf8\u56fe.jpg 300w, https:\/\/www.siwoc.com\/wp-content\/uploads\/2025\/01\/1.\u5c3a\u5bf8\u56fe-254x300.jpg 254w, https:\/\/www.siwoc.com\/wp-content\/uploads\/2025\/01\/1.\u5c3a\u5bf8\u56fe-10x12.jpg 10w\" sizes=\"(max-width: 300px) 100vw, 300px\" \/><\/p>\n<p>2. F\u00fcr dieses PTT-Switch-Telefon-Mobilteil, das in der harten Umgebung verwendet wird, bieten wir H\u00f6rmaschinen-Lautsprecher f\u00fcr h\u00f6rgesch\u00e4digte Person und Ger\u00e4uschreduzierung an, die das Ger\u00e4usch beim Ansprechen von Anrufen aus dem Hintergrund aufsagen k\u00f6nnen. Mit Taste to Talk Switch k\u00f6nnte es die Kommunikationsqualit\u00e4t verbessern, wenn der Schalter freigegeben wird.<\/p>\n<p><iframe title=\"YouTube Video Player\" src=\"https:\/\/www.youtube.com\/embed\/sZkHPoaxf9Y?si=lbCkkBo0V-49DMNF\" width=\"560\" height=\"315\" frameborder=\"0\" allowfullscreen=\"allowfullscreen\"><\/iframe><\/p>\n<h2>Wetterfestes Telefon -Handy -Mobilteil externe Curly -Kabeldetails<\/h2>\n<p>-PVC Curly Cord (Standard), Arbeitstemperatur: -20 \u2103 ~+40 \u2103<br \/>\n- Standardkabell\u00e4nge 9 Zoll im zur\u00fcckgezogenen, 6 Fu\u00df nach dem Verl\u00e4ngerung (Standard)<br \/>\n- Eine angepasste unterschiedliche L\u00e4nge ist verf\u00fcgbar.<br \/>\n-Wetterfestes PVC -Curly -Kabel (optional), Arbeitstemperatur: -30 \u2103 ~+50 \u2103<br \/>\n-Hytrel Curly Cord (optional) Arbeitstemperatur: -40 \u2103 ~+100 \u2103<\/p>\n<p><img decoding=\"async\" class=\"alignnone wp-image-282 size-full\" src=\"http:\/\/siwoc.com\/wp-content\/uploads\/2025\/01\/2.\u624b\u67c4\u6d4b\u8bd5\u8bbe\u5907\u6d41\u7a0b.jpg\" alt=\"\" width=\"750\" height=\"688\" srcset=\"https:\/\/www.siwoc.com\/wp-content\/uploads\/2025\/01\/2.\u624b\u67c4\u6d4b\u8bd5\u8bbe\u5907\u6d41\u7a0b.jpg 750w, https:\/\/www.siwoc.com\/wp-content\/uploads\/2025\/01\/2.\u624b\u67c4\u6d4b\u8bd5\u8bbe\u5907\u6d41\u7a0b-300x275.jpg 300w, https:\/\/www.siwoc.com\/wp-content\/uploads\/2025\/01\/2.\u624b\u67c4\u6d4b\u8bd5\u8bbe\u5907\u6d41\u7a0b-13x12.jpg 13w, https:\/\/www.siwoc.com\/wp-content\/uploads\/2025\/01\/2.\u624b\u67c4\u6d4b\u8bd5\u8bbe\u5907\u6d41\u7a0b-600x550.jpg 600w\" sizes=\"(max-width: 750px) 100vw, 750px\" \/><\/p>\n<p>3. Als Hersteller und Lieferant in China akzeptiert Siniwo die Farb- und Logo -Anpassung f\u00fcr dieses PTT -Switch -Telefon -Mobilteil. Die \u00fcbliche Farbe auf Lager ist schwarz und rot. Jede andere Farbe kann nach Pantone -Nr. Oder Farbprobe angepasst werden. Das Logo kann durch Laserdruck oder Seidendruck hergestellt werden oder Ihr Logo aus dem urspr\u00fcnglichen Werkzeug angepasst ist.<\/p>\n<p><img decoding=\"async\" class=\"alignnone wp-image-275 size-full\" src=\"http:\/\/siwoc.com\/wp-content\/uploads\/2024\/12\/2.\u53ef\u9009\u989c\u8272.jpg\" alt=\"\" width=\"750\" height=\"500\" srcset=\"https:\/\/www.siwoc.com\/wp-content\/uploads\/2024\/12\/2.\u53ef\u9009\u989c\u8272.jpg 750w, https:\/\/www.siwoc.com\/wp-content\/uploads\/2024\/12\/2.\u53ef\u9009\u989c\u8272-300x200.jpg 300w, https:\/\/www.siwoc.com\/wp-content\/uploads\/2024\/12\/2.\u53ef\u9009\u989c\u8272-18x12.jpg 18w, https:\/\/www.siwoc.com\/wp-content\/uploads\/2024\/12\/2.\u53ef\u9009\u989c\u8272-600x400.jpg 600w\" sizes=\"(max-width: 750px) 100vw, 750px\" \/><\/p>\n<p>&nbsp;<\/p>\n<p>&nbsp;<\/p>\n<p>&nbsp;<\/p>\n<p>&nbsp;<\/p>\n<p>&nbsp;<\/p>\n<p>&nbsp;<\/p>\n<p>&nbsp;<\/p>","protected":false},"excerpt":{"rendered":"<p>Als PTT -Switch -Telefon -Mobilteillieferant in China, der im Industriegebiet verwendet wurde, entwickelte Siniwo bei der Entsorgung von technischen Daten und Mikrofonstruktur. Dieses Siniwo PTT-Switch-Telefon-Handy-Mobilteil wurde von GAI-Tronics f\u00fcr ihre gr\u00f6\u00dften Hochleistungstelefone auf dem globalen Markt ausgew\u00e4hlt.<\/p>","protected":false},"featured_media":286,"template":"","meta":[],"product_cat":[37,24],"product_tag":[38,39,40],"class_list":{"0":"post-280","1":"product","2":"type-product","3":"status-publish","4":"has-post-thumbnail","6":"product_cat-ptt-switch-telephone-handset","7":"product_cat-telephone-handset","8":"product_tag-customized-handset","9":"product_tag-industrial-telephone-handset","10":"product_tag-noise-canceling-handset","12":"first","13":"instock","14":"shipping-taxable","15":"product-type-simple"},"_links":{"self":[{"href":"https:\/\/www.siwoc.com\/de\/wp-json\/wp\/v2\/product\/280","targetHints":{"allow":["GET"]}}],"collection":[{"href":"https:\/\/www.siwoc.com\/de\/wp-json\/wp\/v2\/product"}],"about":[{"href":"https:\/\/www.siwoc.com\/de\/wp-json\/wp\/v2\/types\/product"}],"version-history":[{"count":0,"href":"https:\/\/www.siwoc.com\/de\/wp-json\/wp\/v2\/product\/280\/revisions"}],"wp:featuredmedia":[{"embeddable":true,"href":"https:\/\/www.siwoc.com\/de\/wp-json\/wp\/v2\/media\/286"}],"wp:attachment":[{"href":"https:\/\/www.siwoc.com\/de\/wp-json\/wp\/v2\/media?parent=280"}],"wp:term":[{"taxonomy":"product_cat","embeddable":true,"href":"https:\/\/www.siwoc.com\/de\/wp-json\/wp\/v2\/product_cat?post=280"},{"taxonomy":"product_tag","embeddable":true,"href":"https:\/\/www.siwoc.com\/de\/wp-json\/wp\/v2\/product_tag?post=280"}],"curies":[{"name":"wp","href":"https:\/\/api.w.org\/{rel}","templated":true}]}}