{"id":298,"date":"2025-01-02T13:09:22","date_gmt":"2025-01-02T05:09:22","guid":{"rendered":"http:\/\/siwoc.com\/?post_type=product&#038;p=298"},"modified":"2025-01-02T13:18:55","modified_gmt":"2025-01-02T05:18:55","slug":"rugged-telephone-handset","status":"publish","type":"product","link":"https:\/\/www.siwoc.com\/de\/produkt\/rugged-telephone-handset\/","title":{"rendered":"Robustes Telefon -Mobilteil"},"content":{"rendered":"<p>Dieses Siniwo Rugged Phone Mobilset ist gem\u00e4\u00df dem MIL Standard Handset H250 entworfen, das f\u00fcr milit\u00e4rische Telekommunikationsger\u00e4te wie Radio, MIL -Telefon oder Polizeianruf verwendet wird. Siniwo hat auch das \u00fcbereinstimmende Mikrofon und das \u00fcbereinstimmende Lautsprecher f\u00fcr Kunden entwickelt, die das Erscheinungsbild dieses robusten Telefon -Mobilteils m\u00f6gen, aber keine MIL -Standardspezifikation mit g\u00fcnstigem Preis ben\u00f6tigen.<\/p>\n<h2>Vergleichsparameter des robusten Telefons Mobilteil A25 und MIL H250<\/h2>\n<table>\n<tbody>\n<tr>\n<td width=\"182\">Modellnummer<\/td>\n<td width=\"198\">H-250<\/td>\n<td width=\"187\">A25<\/td>\n<\/tr>\n<tr>\n<td width=\"182\">Gewicht<\/td>\n<td width=\"198\">Ungef\u00e4hr 350 g<\/td>\n<td width=\"187\">Ungef\u00e4hr 350 g<\/td>\n<\/tr>\n<tr>\n<td width=\"182\">Umgebungsger\u00e4usche<\/td>\n<td width=\"198\">N \/ A<\/td>\n<td width=\"187\">\u2264 100 dB<\/td>\n<\/tr>\n<tr>\n<td width=\"182\">Lautsprecherimpedanz<\/td>\n<td width=\"198\">1000 \u03a9 (@1kHz)<\/td>\n<td width=\"187\">1000 \u03a9 (@1kHz)<\/td>\n<\/tr>\n<tr>\n<td width=\"182\">Mikrofonimpedanz:<\/td>\n<td width=\"198\">150 \u03a9 (@1kHz)<\/td>\n<td width=\"187\">150 \u03a9 (@1kHz)<\/td>\n<\/tr>\n<tr>\n<td width=\"182\">Mikrofonausgangspegel:<\/td>\n<td width=\"198\">Mehr als -56 dB (@1kHz)<\/td>\n<td width=\"187\">-59db (@1kHz)<\/td>\n<\/tr>\n<tr>\n<td width=\"182\">Verzerrung:<\/td>\n<td width=\"198\">Weniger als 5% (300 Hz ~ 3500Hz)<\/td>\n<td width=\"187\">Weniger als 5% (200Hz ~ 4000Hz)<\/td>\n<\/tr>\n<tr>\n<td width=\"182\">Betriebstemperaturbereich<\/td>\n<td width=\"198\">-20\u2103~65\u2103<\/td>\n<td width=\"187\">-45\u2103~55\u2103<\/td>\n<\/tr>\n<tr>\n<td width=\"182\">Wasserwiderstand:<\/td>\n<td width=\"198\">Bleibt nach dem Eintauchen in 3 Fu\u00df (91 cm) Wasser 2 Stunden lang voll funktionsf\u00e4hig<\/td>\n<td width=\"187\">Bleibt nach dem Eintauchen in 1 Meter Wasser 2 Stunden lang voll funktionsf\u00e4hig<\/td>\n<\/tr>\n<tr>\n<td width=\"182\">PTT Switch Haltbarkeit:<\/td>\n<td width=\"198\">Mehr als 2 Millionen Aktuden<\/td>\n<td width=\"187\">Mehr als 2 Millionen Aktuden<\/td>\n<\/tr>\n<\/tbody>\n<\/table>\n<h2>Merkmal des robusten Telefons Handy<\/h2>\n<p>1. Dieses robuste Telefon -Mobilteil ist haupts\u00e4chlich f\u00fcr den milit\u00e4rischen Gebrauch ausgelegt. Daher sind Korrosionswiderstandsgrade und wasserdichte Note die wichtigsten Faktoren, \u00fcber die man nachdenken sollte. Deshalb fertigen wir dieses Mobilteil mit wasserdichten Schallmembran sowohl auf Mikrofon als auch auf Lautsprecher und versiegeln den gesamten Raum mit wasserdichtem Kleber.<\/p>\n<p><img fetchpriority=\"high\" decoding=\"async\" class=\"alignnone wp-image-305 size-full\" src=\"http:\/\/siwoc.com\/wp-content\/uploads\/2025\/01\/1.\u5c3a\u5bf8\u56fe-1.jpg\" alt=\"\" width=\"647\" height=\"614\" srcset=\"https:\/\/www.siwoc.com\/wp-content\/uploads\/2025\/01\/1.\u5c3a\u5bf8\u56fe-1.jpg 647w, https:\/\/www.siwoc.com\/wp-content\/uploads\/2025\/01\/1.\u5c3a\u5bf8\u56fe-1-300x285.jpg 300w, https:\/\/www.siwoc.com\/wp-content\/uploads\/2025\/01\/1.\u5c3a\u5bf8\u56fe-1-13x12.jpg 13w, https:\/\/www.siwoc.com\/wp-content\/uploads\/2025\/01\/1.\u5c3a\u5bf8\u56fe-1-600x569.jpg 600w\" sizes=\"(max-width: 647px) 100vw, 647px\" \/><\/p>\n<p>2. Wenn wir dieses robuste Telefon -Mobilteil f\u00fcr die milit\u00e4rische Umgebung entwerfen, haben wir die von ROHS zugelassenen Faserverst\u00e4rkten Polycarbonatmaterial f\u00fcr das robuste Merkmal entschieden. F\u00fcr Kunden, die Interesse an diesem robusten Telefon -Mobilteil in der von Industrie eingereichten Anmeldung haben, bieten wir eine entsprechende Auswahl an, um die Nachfrage der Kunden zu befriedigen.<iframe title=\"YouTube Video Player\" src=\"https:\/\/www.youtube.com\/embed\/-iBEaUq7-l0?si=dUOWylRfB5l2v5PO\" width=\"560\" height=\"315\" frameborder=\"0\" allowfullscreen=\"allowfullscreen\"><\/iframe><\/p>\n<h2>Rugged Telefon Handy Mobilteil externe lockige Kabeldetails<\/h2>\n<p>-TEPU Military Curly Cord Dia 7mm (Standard) Arbeitstemperatur: -40 \u2103 ~+100 \u2103<br \/>\n- Standardkabell\u00e4nge 9 Zoll im zur\u00fcckgezogenen, 6 Fu\u00df nach dem Verl\u00e4ngerung (Standard)<br \/>\n- Eine angepasste unterschiedliche L\u00e4nge ist verf\u00fcgbar.<br \/>\n-PVC Curly Cord (Standard), Arbeitstemperatur: -20 \u2103 ~+40 \u2103<br \/>\n- Standardkabell\u00e4nge 9 Zoll im zur\u00fcckgezogenen, 6 Fu\u00df nach dem Verl\u00e4ngerung (optional)<br \/>\n- Eine angepasste unterschiedliche L\u00e4nge ist verf\u00fcgbar.<br \/>\n-Wetterfestes PVC -Curly -Kabel (optional), Arbeitstemperatur: -30 \u2103 ~+50 \u2103<\/p>\n<p><img decoding=\"async\" class=\"alignnone wp-image-306 size-full\" src=\"http:\/\/siwoc.com\/wp-content\/uploads\/2025\/01\/2.\u624b\u67c4\u5e94\u7528.jpg\" alt=\"\" width=\"750\" height=\"536\" srcset=\"https:\/\/www.siwoc.com\/wp-content\/uploads\/2025\/01\/2.\u624b\u67c4\u5e94\u7528.jpg 750w, https:\/\/www.siwoc.com\/wp-content\/uploads\/2025\/01\/2.\u624b\u67c4\u5e94\u7528-300x214.jpg 300w, https:\/\/www.siwoc.com\/wp-content\/uploads\/2025\/01\/2.\u624b\u67c4\u5e94\u7528-18x12.jpg 18w, https:\/\/www.siwoc.com\/wp-content\/uploads\/2025\/01\/2.\u624b\u67c4\u5e94\u7528-600x429.jpg 600w\" sizes=\"(max-width: 750px) 100vw, 750px\" \/><\/p>\n<p>4. F\u00fcr dieses robuste Telefon -Mobilteil, das in der milit\u00e4rischen Umgebung verwendet wird, ist ein weiteres wichtiges Problem, das sich aus dem Hintergrund den L\u00e4rm reduziert. Sowohl die Vorderseite als auch die R\u00fcckseite des Mikrofons haben Schalleingangsl\u00f6cher. Da die Position der Vorder- und R\u00fcckseite entgegengesetzt ist, wird das Ger\u00e4usch in beide Seiten eingegeben, die sich gegenseitig abbrechen. Der Audio wird nicht abgesagt, da es nur in die sprechende Seite des Mikrofons eingegeben wird. Theoretisch wird in einer Umgebung mit viel Rauschen, die gleichzeitig in beide Seiten des Mikrofons eingegeben werden, das Rauschen aufgebettet.<\/p>\n<p><img decoding=\"async\" class=\"alignnone wp-image-307 size-large\" src=\"http:\/\/siwoc.com\/wp-content\/uploads\/2025\/01\/3.-\u624b\u67c4\u6297\u566a\u539f\u7406\u56fe-1024x411.png\" alt=\"\" width=\"800\" height=\"321\" srcset=\"https:\/\/www.siwoc.com\/wp-content\/uploads\/2025\/01\/3.-\u624b\u67c4\u6297\u566a\u539f\u7406\u56fe-1024x411.png 1024w, https:\/\/www.siwoc.com\/wp-content\/uploads\/2025\/01\/3.-\u624b\u67c4\u6297\u566a\u539f\u7406\u56fe-300x120.png 300w, https:\/\/www.siwoc.com\/wp-content\/uploads\/2025\/01\/3.-\u624b\u67c4\u6297\u566a\u539f\u7406\u56fe-768x308.png 768w, https:\/\/www.siwoc.com\/wp-content\/uploads\/2025\/01\/3.-\u624b\u67c4\u6297\u566a\u539f\u7406\u56fe-1536x616.png 1536w, https:\/\/www.siwoc.com\/wp-content\/uploads\/2025\/01\/3.-\u624b\u67c4\u6297\u566a\u539f\u7406\u56fe-2048x822.png 2048w, https:\/\/www.siwoc.com\/wp-content\/uploads\/2025\/01\/3.-\u624b\u67c4\u6297\u566a\u539f\u7406\u56fe-18x7.png 18w, https:\/\/www.siwoc.com\/wp-content\/uploads\/2025\/01\/3.-\u624b\u67c4\u6297\u566a\u539f\u7406\u56fe-600x241.png 600w\" sizes=\"(max-width: 800px) 100vw, 800px\" \/><\/p>\n<p>&nbsp;<\/p>\n<p>&nbsp;<\/p>\n<p>&nbsp;<\/p>\n<p>&nbsp;<\/p>\n<p>&nbsp;<\/p>","protected":false},"excerpt":{"rendered":"<p>Dieses robuste Telefon -Mobilteil ist das erste milit\u00e4rische Mobilteil, das von Siniwo gem\u00e4\u00df dem H250 -Mobilteil entworfen wurde. Als echter Hersteller und Fabrik in China mit unserem eigenen Forschungs- und Entwicklungsteam k\u00f6nnen wir im Namen Siniwo mit wettbewerbsf\u00e4higen Kosten und qualifizierter Menge ein robustes Telefon -Mobilteil anpassen und entwerfen, um den Markt f\u00fcr Kunden zu gewinnen.<\/p>","protected":false},"featured_media":299,"template":"","meta":[],"product_cat":[46,24],"product_tag":[48,49,47,50],"class_list":{"0":"post-298","1":"product","2":"type-product","3":"status-publish","4":"has-post-thumbnail","6":"product_cat-rugged-telephone-handset","7":"product_cat-telephone-handset","8":"product_tag-h250-handset","9":"product_tag-ip67-waterproof-grade","10":"product_tag-military-handset","11":"product_tag-military-radio-handset","13":"first","14":"instock","15":"shipping-taxable","16":"product-type-simple"},"_links":{"self":[{"href":"https:\/\/www.siwoc.com\/de\/wp-json\/wp\/v2\/product\/298","targetHints":{"allow":["GET"]}}],"collection":[{"href":"https:\/\/www.siwoc.com\/de\/wp-json\/wp\/v2\/product"}],"about":[{"href":"https:\/\/www.siwoc.com\/de\/wp-json\/wp\/v2\/types\/product"}],"version-history":[{"count":0,"href":"https:\/\/www.siwoc.com\/de\/wp-json\/wp\/v2\/product\/298\/revisions"}],"wp:featuredmedia":[{"embeddable":true,"href":"https:\/\/www.siwoc.com\/de\/wp-json\/wp\/v2\/media\/299"}],"wp:attachment":[{"href":"https:\/\/www.siwoc.com\/de\/wp-json\/wp\/v2\/media?parent=298"}],"wp:term":[{"taxonomy":"product_cat","embeddable":true,"href":"https:\/\/www.siwoc.com\/de\/wp-json\/wp\/v2\/product_cat?post=298"},{"taxonomy":"product_tag","embeddable":true,"href":"https:\/\/www.siwoc.com\/de\/wp-json\/wp\/v2\/product_tag?post=298"}],"curies":[{"name":"wp","href":"https:\/\/api.w.org\/{rel}","templated":true}]}}