{"id":309,"date":"2025-01-02T13:20:42","date_gmt":"2025-01-02T05:20:42","guid":{"rendered":"http:\/\/siwoc.com\/?post_type=product&#038;p=309"},"modified":"2025-01-02T14:54:29","modified_gmt":"2025-01-02T06:54:29","slug":"vandal-proof-industrial-keypad","status":"publish","type":"product","link":"https:\/\/www.siwoc.com\/de\/produkt\/vandal-proof-industrial-keypad\/","title":{"rendered":"Vandal Proof Industrial Keypad"},"content":{"rendered":"<h2>Parameter des Vandal -Proof -Industrie -Tastatur<\/h2>\n<table>\n<tbody>\n<tr>\n<td width=\"284\">Modellnummer<\/td>\n<td width=\"284\">B512<\/td>\n<\/tr>\n<tr>\n<td width=\"284\">Wasserdichte Note<\/td>\n<td width=\"284\">IP65<\/td>\n<\/tr>\n<tr>\n<td width=\"284\">Leiterplatte<\/td>\n<td width=\"284\">angepasst<\/td>\n<\/tr>\n<tr>\n<td width=\"284\">anwendung<\/td>\n<td width=\"284\">Telefon<\/td>\n<\/tr>\n<tr>\n<td width=\"284\">Schl\u00fcsselrahmenfarbe<\/td>\n<td width=\"284\">angepasst<\/td>\n<\/tr>\n<tr>\n<td width=\"284\">Herkunftsort<\/td>\n<td width=\"284\">Zhejiang, China<\/td>\n<\/tr>\n<tr>\n<td width=\"284\">Material<\/td>\n<td width=\"284\">Spezielle Zinklegierung<\/td>\n<\/tr>\n<tr>\n<td width=\"284\">garantie<\/td>\n<td width=\"284\">1 jahr<\/td>\n<\/tr>\n<tr>\n<td width=\"284\">Taste<\/td>\n<td width=\"284\">Helle Chrom- oder matte Chrombeschichtung<\/td>\n<\/tr>\n<\/tbody>\n<\/table>\n<p>Der von Siniwo Hersteller produzierte Vandal Proof Industrial Keypad wird auf dem Markt weithin f\u00fcr seine hervorragenden Vandal -Proof -F\u00e4higkeiten gelobt. Als industrielle Tastatur ist das Wichtigste, wedenfest zu sein. Wie in einigen speziellen Bereichen m\u00fcssen wir Produkte entwickeln, die Sch\u00e4den verhindern.<\/p>\n<p><img fetchpriority=\"high\" decoding=\"async\" class=\"alignnone wp-image-315 size-full\" src=\"http:\/\/siwoc.com\/wp-content\/uploads\/2025\/01\/1.-\u5c3a\u5bf8\u56fe-1.jpg\" alt=\"\" width=\"488\" height=\"501\" srcset=\"https:\/\/www.siwoc.com\/wp-content\/uploads\/2025\/01\/1.-\u5c3a\u5bf8\u56fe-1.jpg 488w, https:\/\/www.siwoc.com\/wp-content\/uploads\/2025\/01\/1.-\u5c3a\u5bf8\u56fe-1-292x300.jpg 292w, https:\/\/www.siwoc.com\/wp-content\/uploads\/2025\/01\/1.-\u5c3a\u5bf8\u56fe-1-12x12.jpg 12w\" sizes=\"(max-width: 488px) 100vw, 488px\" \/><\/p>\n<h2>Merkmal von Vandal Proof Industrial Keypad<\/h2>\n<p>1. Die Vandal-Proof-Industrie-Tastatur-Tasten bestehen aus hochwertiger Zinklegierung und haben einen starken Schadensbest\u00e4ndigkeit. Sie k\u00f6nnen in einer Vielzahl von speziellen Bereichen wie Brandschutz, Sicherheit, Gef\u00e4ngnissen und anderen Feldern verwendet werden. Es kann effektiv verhindern, dass Schl\u00fcssel besch\u00e4digt wird und die Produktintegrit\u00e4t und das Kundenerlebnis gew\u00e4hrleisten<\/p>\n<p><img decoding=\"async\" class=\"alignnone wp-image-316 size-full\" src=\"http:\/\/siwoc.com\/wp-content\/uploads\/2025\/01\/2.-\u950c\u5408\u91d1\u5e94\u7528.jpg\" alt=\"\" width=\"750\" height=\"536\" srcset=\"https:\/\/www.siwoc.com\/wp-content\/uploads\/2025\/01\/2.-\u950c\u5408\u91d1\u5e94\u7528.jpg 750w, https:\/\/www.siwoc.com\/wp-content\/uploads\/2025\/01\/2.-\u950c\u5408\u91d1\u5e94\u7528-300x214.jpg 300w, https:\/\/www.siwoc.com\/wp-content\/uploads\/2025\/01\/2.-\u950c\u5408\u91d1\u5e94\u7528-18x12.jpg 18w, https:\/\/www.siwoc.com\/wp-content\/uploads\/2025\/01\/2.-\u950c\u5408\u91d1\u5e94\u7528-600x429.jpg 600w\" sizes=\"(max-width: 750px) 100vw, 750px\" \/><\/p>\n<p>2. Vandal Proof Industrial Keypad verwendet nat\u00fcrliches leitf\u00e4higes Silikonkautschuk, das wetterfeste, korrosionsresistente und Anti-Aging ist. Es kann sich an Umgebungen mit hoher und niedriger Temperatur anpassen und effektiv vermeiden, die durch die Temperatur an den Schl\u00fcssel verursacht werden. Es ist sehr langlebig, hat eine lange Lebensdauer und ist kosteng\u00fcnstig. Der Vandal Proof Industrial Keypad verwendet doppelseitige Goldfinger-Leiterplatten, die der Oxidation effektiv widerstehen und die Tastatur gl\u00e4nzend und sch\u00f6n halten k\u00f6nnen, mit einer bestimmten Textur.<\/p>\n<p>3. Die Knopffarbe der industriellen Tastatur des Vandal -Proofs ist helles Chrom- oder Mattchrom. Die Schl\u00fcsselrahmenfarbe kann nach den Kundenanforderungen angepasst werden, und die Benutzeroberfl\u00e4che kann auch von den Kunden angepasst werden.<\/p>\n<p><img decoding=\"async\" class=\"alignnone wp-image-318 size-full\" src=\"http:\/\/siwoc.com\/wp-content\/uploads\/2025\/01\/4.\u952e\u76d8\u5e38\u89c4\u7528\u63a5\u53e3\u56fe\u72472.jpg\" alt=\"\" width=\"750\" height=\"150\" srcset=\"https:\/\/www.siwoc.com\/wp-content\/uploads\/2025\/01\/4.\u952e\u76d8\u5e38\u89c4\u7528\u63a5\u53e3\u56fe\u72472.jpg 750w, https:\/\/www.siwoc.com\/wp-content\/uploads\/2025\/01\/4.\u952e\u76d8\u5e38\u89c4\u7528\u63a5\u53e3\u56fe\u72472-300x60.jpg 300w, https:\/\/www.siwoc.com\/wp-content\/uploads\/2025\/01\/4.\u952e\u76d8\u5e38\u89c4\u7528\u63a5\u53e3\u56fe\u72472-18x4.jpg 18w, https:\/\/www.siwoc.com\/wp-content\/uploads\/2025\/01\/4.\u952e\u76d8\u5e38\u89c4\u7528\u63a5\u53e3\u56fe\u72472-600x120.jpg 600w\" sizes=\"(max-width: 750px) 100vw, 750px\" \/><\/p>\n<p>&nbsp;<\/p>\n<p>&nbsp;<\/p>\n<p>&nbsp;<\/p>\n<p>&nbsp;<\/p>\n<p>&nbsp;<\/p>","protected":false},"excerpt":{"rendered":"<p>Siniwo ist eine Fabrik, die sich seit 2005 auf die Produktion von Vandal Proof Industrial -Tastatur f\u00fcr den globalen Markt in China spezialisiert hat. Wir sind weiterhin innovativ und bem\u00fchen uns, industrielle Tastaturen mit ausgezeichneten Vandal -Proof -F\u00e4higkeiten zu schaffen.<\/p>","protected":false},"featured_media":311,"template":"","meta":[],"product_cat":[15,51],"product_tag":[54,52,55,53],"class_list":{"0":"post-309","1":"product","2":"type-product","3":"status-publish","4":"has-post-thumbnail","6":"product_cat-industrial-keypad","7":"product_cat-vandal-proof-industrial-keypad","8":"product_tag-4x4-matrix-keypad","9":"product_tag-industrial-keypad","10":"product_tag-metal-keypad","11":"product_tag-zinc-alloy-keypad","13":"first","14":"instock","15":"shipping-taxable","16":"product-type-simple"},"_links":{"self":[{"href":"https:\/\/www.siwoc.com\/de\/wp-json\/wp\/v2\/product\/309","targetHints":{"allow":["GET"]}}],"collection":[{"href":"https:\/\/www.siwoc.com\/de\/wp-json\/wp\/v2\/product"}],"about":[{"href":"https:\/\/www.siwoc.com\/de\/wp-json\/wp\/v2\/types\/product"}],"version-history":[{"count":0,"href":"https:\/\/www.siwoc.com\/de\/wp-json\/wp\/v2\/product\/309\/revisions"}],"wp:featuredmedia":[{"embeddable":true,"href":"https:\/\/www.siwoc.com\/de\/wp-json\/wp\/v2\/media\/311"}],"wp:attachment":[{"href":"https:\/\/www.siwoc.com\/de\/wp-json\/wp\/v2\/media?parent=309"}],"wp:term":[{"taxonomy":"product_cat","embeddable":true,"href":"https:\/\/www.siwoc.com\/de\/wp-json\/wp\/v2\/product_cat?post=309"},{"taxonomy":"product_tag","embeddable":true,"href":"https:\/\/www.siwoc.com\/de\/wp-json\/wp\/v2\/product_tag?post=309"}],"curies":[{"name":"wp","href":"https:\/\/api.w.org\/{rel}","templated":true}]}}