{"id":350,"date":"2025-01-11T13:51:34","date_gmt":"2025-01-11T05:51:34","guid":{"rendered":"http:\/\/siwoc.com\/?post_type=product&#038;p=350"},"modified":"2025-01-14T14:55:50","modified_gmt":"2025-01-14T06:55:50","slug":"rs232-industrial-keypad","status":"publish","type":"product","link":"https:\/\/www.siwoc.com\/de\/produkt\/rs232-industrial-keypad\/","title":{"rendered":"RS232 Industrie -Tastatur"},"content":{"rendered":"<p>1.Diese Siniwo RS232 Industrie -Tastatur ist eine haltbare Industrie -Tastatur mit wetterfesten und IP65 -wasserdichten Funktionen, die f\u00fcr Anwendungen der \u00f6ffentlichen Umgebung ausgelegt ist. Unabh\u00e4ngig davon, ob es sich um Verkaufsautomaten, Ticketger\u00e4te, Zahlungsanschl\u00fcsse, Zugangskontrollsysteme oder Industriemaschinen handelt, kann diese Tastatur die Anforderungen dieser rauen Umgebungen erf\u00fcllen.<\/p>\n<p><img fetchpriority=\"high\" decoding=\"async\" class=\"alignnone wp-image-357 size-full\" src=\"http:\/\/siwoc.com\/wp-content\/uploads\/2025\/01\/1.-\u4e0d\u9508\u94a2\u5e94\u7528.jpg\" alt=\"\" width=\"750\" height=\"536\" srcset=\"https:\/\/www.siwoc.com\/wp-content\/uploads\/2025\/01\/1.-\u4e0d\u9508\u94a2\u5e94\u7528.jpg 750w, https:\/\/www.siwoc.com\/wp-content\/uploads\/2025\/01\/1.-\u4e0d\u9508\u94a2\u5e94\u7528-300x214.jpg 300w, https:\/\/www.siwoc.com\/wp-content\/uploads\/2025\/01\/1.-\u4e0d\u9508\u94a2\u5e94\u7528-18x12.jpg 18w, https:\/\/www.siwoc.com\/wp-content\/uploads\/2025\/01\/1.-\u4e0d\u9508\u94a2\u5e94\u7528-600x429.jpg 600w\" sizes=\"(max-width: 750px) 100vw, 750px\" \/><\/p>\n<h2>2. Parameter von RS232 Industrie -Tastaturen<\/h2>\n<table>\n<tbody>\n<tr>\n<td width=\"284\">Modellnummer<\/td>\n<td width=\"284\">B880<\/td>\n<\/tr>\n<tr>\n<td width=\"284\">Wasserdichte Note<\/td>\n<td width=\"284\">IP65<\/td>\n<\/tr>\n<tr>\n<td width=\"284\">Eingangsspannung<\/td>\n<td width=\"284\">3.3V\/5V<\/td>\n<\/tr>\n<tr>\n<td width=\"284\">Bet\u00e4tigungskraft<\/td>\n<td width=\"284\">250 g\/2,45n (Druckpunkt)<\/td>\n<\/tr>\n<tr>\n<td width=\"284\">Arbeitstemperatur<\/td>\n<td width=\"284\">-25\u2103~+65\u2103<\/td>\n<\/tr>\n<tr>\n<td width=\"284\">Lagertemperatur<\/td>\n<td width=\"284\">-40\u2103~+85\u2103<\/td>\n<\/tr>\n<tr>\n<td width=\"284\">Relative Luftfeuchtigkeit<\/td>\n<td width=\"284\">30%-95%<\/td>\n<\/tr>\n<tr>\n<td width=\"284\">Atmosph\u00e4rischer Druck<\/td>\n<td width=\"284\">60kpa-106kpa<\/td>\n<\/tr>\n<tr>\n<td width=\"284\">LED -Farbe<\/td>\n<td width=\"284\">angepasst<\/td>\n<\/tr>\n<tr>\n<td width=\"284\">Tastensymbol<\/td>\n<td width=\"284\">Angepasst mit g\u00fcnstigen Kosten<\/td>\n<\/tr>\n<tr>\n<td width=\"284\">Tastaturdimension<\/td>\n<td width=\"284\">Angefordert als Kundenanfrage<\/td>\n<\/tr>\n<\/tbody>\n<\/table>\n<h2>3. Merkmal von RS232 Industrie -Tastatur<\/h2>\n<p>Eines der RS232-Industrie-Tastatur-Merkmale ist die materielle Zusammensetzung mit qualifiziertem 304# oder 316# geb\u00fcrsteten Edelstahl. Es hat nicht nur ein modisches und professionelles Erscheinungsbild, sondern ist auch in Bezug auf korrosionsresistente und \u00e4ltere Resistente in Bezug auf die Qualit\u00e4t.<\/p>\n<p><img decoding=\"async\" class=\"alignnone size-full wp-image-358\" src=\"http:\/\/siwoc.com\/wp-content\/uploads\/2025\/01\/2.-\u5c3a\u5bf8\u56fe.bmp\" alt=\"\" width=\"687\" height=\"368\" \/><\/p>\n<h2>4.Der Transport f\u00fcr RS232 Industrial -Tastatur:<\/h2>\n<p>Wenn es um den Transport geht, bieten wir flexible Optionen, die Ihren Vorlieben entsprechen. Unabh\u00e4ngig davon, ob Sie die RS232 -Industrie -Tastatur aus China aus Luft-, See- oder Ausdrucksbereitschaft bevorzugen, bieten wir Ihnen die beste Wahl mit Sicherheitspackinformationen. Siniwo wird hart arbeiten, um sicherzustellen, dass Ihre Bestellung Sie umgehend und m\u00fchelos erreicht.<\/p>\n<p><img decoding=\"async\" class=\"alignnone wp-image-360 size-full\" src=\"http:\/\/siwoc.com\/wp-content\/uploads\/2025\/01\/4.\u6253\u5305\u56fe.jpg\" alt=\"\" width=\"750\" height=\"654\" srcset=\"https:\/\/www.siwoc.com\/wp-content\/uploads\/2025\/01\/4.\u6253\u5305\u56fe.jpg 750w, https:\/\/www.siwoc.com\/wp-content\/uploads\/2025\/01\/4.\u6253\u5305\u56fe-300x262.jpg 300w, https:\/\/www.siwoc.com\/wp-content\/uploads\/2025\/01\/4.\u6253\u5305\u56fe-14x12.jpg 14w, https:\/\/www.siwoc.com\/wp-content\/uploads\/2025\/01\/4.\u6253\u5305\u56fe-600x523.jpg 600w\" sizes=\"(max-width: 750px) 100vw, 750px\" \/><img loading=\"lazy\" decoding=\"async\" class=\"alignnone wp-image-359 size-full\" src=\"http:\/\/siwoc.com\/wp-content\/uploads\/2025\/01\/3.-\u8fd0\u8f93\u56fe.jpg\" alt=\"\" width=\"750\" height=\"424\" srcset=\"https:\/\/www.siwoc.com\/wp-content\/uploads\/2025\/01\/3.-\u8fd0\u8f93\u56fe.jpg 750w, https:\/\/www.siwoc.com\/wp-content\/uploads\/2025\/01\/3.-\u8fd0\u8f93\u56fe-300x170.jpg 300w, https:\/\/www.siwoc.com\/wp-content\/uploads\/2025\/01\/3.-\u8fd0\u8f93\u56fe-18x10.jpg 18w, https:\/\/www.siwoc.com\/wp-content\/uploads\/2025\/01\/3.-\u8fd0\u8f93\u56fe-600x339.jpg 600w\" sizes=\"(max-width: 750px) 100vw, 750px\" \/><\/p>\n<p>&nbsp;<\/p>\n<p>&nbsp;<\/p>\n<p>&nbsp;<\/p>\n<p>&nbsp;<\/p>\n<p>&nbsp;<\/p>\n<p>&nbsp;<\/p>","protected":false},"excerpt":{"rendered":"<p>Als ma\u00dfgeschneiderte Fabrik in China akzeptiert Siniwo seit 2005 verschiedene RS232-Industrie-Tastaturen. Siniwo integriert Design, Produktion, Forschung und Entwicklung sowie den Umsatz im gesamten Prozess, um Kunden One-Stop-Service mit Wettbewerbskosten und After-Sale-Service zu unterst\u00fctzen. Siniwo -Handelspartner haben Weltregionen wie Asien, Europa und Afrika abgedeckt.<\/p>","protected":false},"featured_media":354,"template":"","meta":[],"product_cat":[115,15,69],"product_tag":[73,74,70,71,72],"class_list":{"0":"post-350","1":"product","2":"type-product","3":"status-publish","4":"has-post-thumbnail","6":"product_cat-hot-selling-product","7":"product_cat-industrial-keypad","8":"product_cat-rs232-industrial-keypad","9":"product_tag-12-keys-keypad","10":"product_tag-3x4-illuminated-keypad","11":"product_tag-rs232-keypad","12":"product_tag-uart-keypad","13":"product_tag-usb-keypad","15":"first","16":"instock","17":"shipping-taxable","18":"product-type-simple"},"_links":{"self":[{"href":"https:\/\/www.siwoc.com\/de\/wp-json\/wp\/v2\/product\/350","targetHints":{"allow":["GET"]}}],"collection":[{"href":"https:\/\/www.siwoc.com\/de\/wp-json\/wp\/v2\/product"}],"about":[{"href":"https:\/\/www.siwoc.com\/de\/wp-json\/wp\/v2\/types\/product"}],"version-history":[{"count":0,"href":"https:\/\/www.siwoc.com\/de\/wp-json\/wp\/v2\/product\/350\/revisions"}],"wp:featuredmedia":[{"embeddable":true,"href":"https:\/\/www.siwoc.com\/de\/wp-json\/wp\/v2\/media\/354"}],"wp:attachment":[{"href":"https:\/\/www.siwoc.com\/de\/wp-json\/wp\/v2\/media?parent=350"}],"wp:term":[{"taxonomy":"product_cat","embeddable":true,"href":"https:\/\/www.siwoc.com\/de\/wp-json\/wp\/v2\/product_cat?post=350"},{"taxonomy":"product_tag","embeddable":true,"href":"https:\/\/www.siwoc.com\/de\/wp-json\/wp\/v2\/product_tag?post=350"}],"curies":[{"name":"wp","href":"https:\/\/api.w.org\/{rel}","templated":true}]}}