{"id":362,"date":"2025-01-02T13:58:55","date_gmt":"2025-01-02T05:58:55","guid":{"rendered":"http:\/\/siwoc.com\/?post_type=product&#038;p=362"},"modified":"2025-01-02T15:00:51","modified_gmt":"2025-01-02T07:00:51","slug":"industrial-vending-machine-keypad","status":"publish","type":"product","link":"https:\/\/www.siwoc.com\/de\/produkt\/industrial-vending-machine-keypad\/","title":{"rendered":"Tastatur des industriellen Verkaufsautomats"},"content":{"rendered":"<p>Siniwo Industrial Vending Machine Keypad besteht aus Edelstahl, hat eine hervorragende Leistung, ein wundersch\u00f6nes Erscheinungsbild, langlebig und eine wasserdichte Bewertung von IP65. Diese von Siniwo hergestellte industrielle Verkaufsmaschinen -Tastatur, die speziell in \u00f6ffentlicher Umgebung verwendet wird, wie z.<\/p>\n<p><iframe title=\"YouTube Video Player\" src=\"https:\/\/www.youtube.com\/embed\/AI71gyLorWQ?si=XaM67tsahAWBFCBU\" width=\"560\" height=\"315\" frameborder=\"0\" allowfullscreen=\"allowfullscreen\"><\/iframe><\/p>\n<h2>Spezifikation der Tastatur f\u00fcr Industrieautomaten<\/h2>\n<table>\n<tbody>\n<tr>\n<td width=\"284\">Modellnummer<\/td>\n<td width=\"284\">B725<\/td>\n<\/tr>\n<tr>\n<td width=\"284\">Wasserdichte Note<\/td>\n<td width=\"284\">IP65<\/td>\n<\/tr>\n<tr>\n<td width=\"284\">Eingangsspannung<\/td>\n<td width=\"284\">3.5V\/5V<\/td>\n<\/tr>\n<tr>\n<td width=\"284\">Elektrisches Leben<\/td>\n<td width=\"284\">1 Million Betriebszyklen pro Schl\u00fcssel<\/td>\n<\/tr>\n<tr>\n<td width=\"284\">Schl\u00fcsselreisen<\/td>\n<td width=\"284\">0.45mm<\/td>\n<\/tr>\n<tr>\n<td width=\"284\">Bet\u00e4tigungskraft<\/td>\n<td width=\"284\">250g\/2.45N<\/td>\n<\/tr>\n<tr>\n<td width=\"284\">Gummileben<\/td>\n<td width=\"284\">Mehr als 500.000 Zyklen<\/td>\n<\/tr>\n<tr>\n<td width=\"284\">Relative Luftfeuchtigkeit<\/td>\n<td width=\"284\">35%-95%<\/td>\n<\/tr>\n<tr>\n<td width=\"284\">Atmosph\u00e4rischer Druck<\/td>\n<td width=\"284\">60KPA ~ 106 kPa<\/td>\n<\/tr>\n<\/tbody>\n<\/table>\n<h2>Details der Tastatur f\u00fcr industrielle Automaten:<\/h2>\n<p>1. Diese von SUS304 geb\u00fcrstete Edelstahl aus SUS304 kann diese industrielle Maching -Tastatur standhalten und Sch\u00e4den durch Umweltfaktoren wie Feuchtigkeit, Staub und Temperaturschwankungen widerstehen.<\/p>\n<p><img fetchpriority=\"high\" decoding=\"async\" class=\"alignnone wp-image-367 size-full\" src=\"http:\/\/siwoc.com\/wp-content\/uploads\/2025\/01\/1.-\u5c3a\u5bf8\u56fe-3.jpg\" alt=\"\" width=\"799\" height=\"373\" srcset=\"https:\/\/www.siwoc.com\/wp-content\/uploads\/2025\/01\/1.-\u5c3a\u5bf8\u56fe-3.jpg 799w, https:\/\/www.siwoc.com\/wp-content\/uploads\/2025\/01\/1.-\u5c3a\u5bf8\u56fe-3-300x140.jpg 300w, https:\/\/www.siwoc.com\/wp-content\/uploads\/2025\/01\/1.-\u5c3a\u5bf8\u56fe-3-768x359.jpg 768w, https:\/\/www.siwoc.com\/wp-content\/uploads\/2025\/01\/1.-\u5c3a\u5bf8\u56fe-3-18x8.jpg 18w, https:\/\/www.siwoc.com\/wp-content\/uploads\/2025\/01\/1.-\u5c3a\u5bf8\u56fe-3-600x280.jpg 600w\" sizes=\"(max-width: 799px) 100vw, 799px\" \/> <img decoding=\"async\" class=\"alignnone wp-image-368 size-full\" src=\"http:\/\/siwoc.com\/wp-content\/uploads\/2025\/01\/2.-\u952e\u76d8\u6d4b\u8bd5\u8bbe\u5907\u6d41\u7a0b-1.jpg\" alt=\"\" width=\"900\" height=\"751\" srcset=\"https:\/\/www.siwoc.com\/wp-content\/uploads\/2025\/01\/2.-\u952e\u76d8\u6d4b\u8bd5\u8bbe\u5907\u6d41\u7a0b-1.jpg 900w, https:\/\/www.siwoc.com\/wp-content\/uploads\/2025\/01\/2.-\u952e\u76d8\u6d4b\u8bd5\u8bbe\u5907\u6d41\u7a0b-1-300x250.jpg 300w, https:\/\/www.siwoc.com\/wp-content\/uploads\/2025\/01\/2.-\u952e\u76d8\u6d4b\u8bd5\u8bbe\u5907\u6d41\u7a0b-1-768x641.jpg 768w, https:\/\/www.siwoc.com\/wp-content\/uploads\/2025\/01\/2.-\u952e\u76d8\u6d4b\u8bd5\u8bbe\u5907\u6d41\u7a0b-1-14x12.jpg 14w, https:\/\/www.siwoc.com\/wp-content\/uploads\/2025\/01\/2.-\u952e\u76d8\u6d4b\u8bd5\u8bbe\u5907\u6d41\u7a0b-1-600x501.jpg 600w\" sizes=\"(max-width: 900px) 100vw, 900px\" \/><\/p>\n<p>2. Die 16 Tasten f\u00fcr Industrieautomaten werden haupts\u00e4chlich in Verkaufsautomaten verwendet. Um den unterschiedlichen Bed\u00fcrfnissen der Verbraucher gerecht zu werden, k\u00f6nnen das Layout der Tasten und die Tastaturschnittstelle angepasst werden. Dar\u00fcber hinaus ist das Signal der Tastatur optional, z. B. RS232, RS485, USB, Matrix Design.<\/p>\n<p><img decoding=\"async\" class=\"alignnone wp-image-369 size-full\" src=\"http:\/\/siwoc.com\/wp-content\/uploads\/2025\/01\/3.-\u952e\u76d8\u5e38\u89c4\u7528\u63a5\u53e3.jpg\" alt=\"\" width=\"750\" height=\"150\" srcset=\"https:\/\/www.siwoc.com\/wp-content\/uploads\/2025\/01\/3.-\u952e\u76d8\u5e38\u89c4\u7528\u63a5\u53e3.jpg 750w, https:\/\/www.siwoc.com\/wp-content\/uploads\/2025\/01\/3.-\u952e\u76d8\u5e38\u89c4\u7528\u63a5\u53e3-300x60.jpg 300w, https:\/\/www.siwoc.com\/wp-content\/uploads\/2025\/01\/3.-\u952e\u76d8\u5e38\u89c4\u7528\u63a5\u53e3-18x4.jpg 18w, https:\/\/www.siwoc.com\/wp-content\/uploads\/2025\/01\/3.-\u952e\u76d8\u5e38\u89c4\u7528\u63a5\u53e3-600x120.jpg 600w\" sizes=\"(max-width: 750px) 100vw, 750px\" \/><\/p>\n<p>3. Die f\u00fcr den industriellen Gebrauch ausgelegte Tastatur des Automatenautomaten sind in der Regel versiegelt und resistent gegen Fl\u00fcssigkeiten, Staub und Tr\u00fcmmer. Dies macht die Reinigung und Wartung von Tastaturen problemlos, wodurch sichergestellt wird, dass die von Kunden verwendeten Tastaturen immer sauber sind.<\/p>\n<p><img loading=\"lazy\" decoding=\"async\" class=\"alignnone wp-image-370 size-full\" src=\"http:\/\/siwoc.com\/wp-content\/uploads\/2025\/01\/5.-\u952e\u76d8\u5305\u88c5\u56fe.jpg\" alt=\"\" width=\"750\" height=\"654\" srcset=\"https:\/\/www.siwoc.com\/wp-content\/uploads\/2025\/01\/5.-\u952e\u76d8\u5305\u88c5\u56fe.jpg 750w, https:\/\/www.siwoc.com\/wp-content\/uploads\/2025\/01\/5.-\u952e\u76d8\u5305\u88c5\u56fe-300x262.jpg 300w, https:\/\/www.siwoc.com\/wp-content\/uploads\/2025\/01\/5.-\u952e\u76d8\u5305\u88c5\u56fe-14x12.jpg 14w, https:\/\/www.siwoc.com\/wp-content\/uploads\/2025\/01\/5.-\u952e\u76d8\u5305\u88c5\u56fe-600x523.jpg 600w\" sizes=\"(max-width: 750px) 100vw, 750px\" \/><\/p>","protected":false},"excerpt":{"rendered":"<p>Als f\u00fchrender Hersteller und Anbieter von Industrieautomaten -Maschinen -Tastaturen ist Siniwo f\u00fcr seine hervorragende Handwerkskunst und seinen wettbewerbsf\u00e4higen Preis bekannt. Die von Siniwo produzierte Tastatur f\u00fcr industrielle Automaten werden gut an den globalen Markt verkauft und erhalten die Bewunderung von den Verbrauchern.<\/p>","protected":false},"featured_media":366,"template":"","meta":[],"product_cat":[15,75],"product_tag":[77,78,79,76],"class_list":{"0":"post-362","1":"product","2":"type-product","3":"status-publish","4":"has-post-thumbnail","6":"product_cat-industrial-keypad","7":"product_cat-industrial-vending-machine-keypad","8":"product_tag-atm-keypad","9":"product_tag-stainless-steel-keypad","10":"product_tag-vandal-proof-keypad","11":"product_tag-vending-machine-keypad","13":"first","14":"instock","15":"shipping-taxable","16":"product-type-simple"},"_links":{"self":[{"href":"https:\/\/www.siwoc.com\/de\/wp-json\/wp\/v2\/product\/362","targetHints":{"allow":["GET"]}}],"collection":[{"href":"https:\/\/www.siwoc.com\/de\/wp-json\/wp\/v2\/product"}],"about":[{"href":"https:\/\/www.siwoc.com\/de\/wp-json\/wp\/v2\/types\/product"}],"version-history":[{"count":0,"href":"https:\/\/www.siwoc.com\/de\/wp-json\/wp\/v2\/product\/362\/revisions"}],"wp:featuredmedia":[{"embeddable":true,"href":"https:\/\/www.siwoc.com\/de\/wp-json\/wp\/v2\/media\/366"}],"wp:attachment":[{"href":"https:\/\/www.siwoc.com\/de\/wp-json\/wp\/v2\/media?parent=362"}],"wp:term":[{"taxonomy":"product_cat","embeddable":true,"href":"https:\/\/www.siwoc.com\/de\/wp-json\/wp\/v2\/product_cat?post=362"},{"taxonomy":"product_tag","embeddable":true,"href":"https:\/\/www.siwoc.com\/de\/wp-json\/wp\/v2\/product_tag?post=362"}],"curies":[{"name":"wp","href":"https:\/\/api.w.org\/{rel}","templated":true}]}}