{"id":379,"date":"2025-01-02T14:12:58","date_gmt":"2025-01-02T06:12:58","guid":{"rendered":"http:\/\/siwoc.com\/?post_type=product&#038;p=379"},"modified":"2025-01-09T09:44:03","modified_gmt":"2025-01-09T01:44:03","slug":"fire-telephone-metal-enclosure","status":"publish","type":"product","link":"https:\/\/www.siwoc.com\/de\/produkt\/fire-telephone-metal-enclosure\/","title":{"rendered":"Brand Telefonmetallgeh\u00e4use"},"content":{"rendered":"<p>das siniwo fire telefon -metall -metallgeh\u00e4use ist ein dauerhaftes schutzgeh\u00e4use f\u00fcr das handy -handy, das wetter und gewaltresistent ist. dieses brand -telefon -metall -geh\u00e4use hat eine feste oberfl\u00e4che und hat eine gewisse f\u00e4higkeit, dem druck standzuhalten. es handelt sich um ein von siniwo f\u00fcr \u00f6ffentliches brandmobil -handys wie brandstationen und erdgrad stationen bereitgestellter schutzgeh\u00e4use.<\/p>\n<h2>Parameter des Brandes Telefonmetall -Geh\u00e4use:<\/h2>\n<table>\n<tbody>\n<tr>\n<td width=\"284\">Modellnummer<\/td>\n<td width=\"284\">L38<\/td>\n<\/tr>\n<tr>\n<td width=\"284\">Wasserdichte Note<\/td>\n<td width=\"284\">IP65<\/td>\n<\/tr>\n<tr>\n<td width=\"284\">funktion<\/td>\n<td width=\"284\">mobilteil sch\u00fctzen<\/td>\n<\/tr>\n<tr>\n<td width=\"284\">anwendung<\/td>\n<td width=\"284\">feuer notfalltelefon<\/td>\n<\/tr>\n<tr>\n<td width=\"284\">Besonderheit<\/td>\n<td width=\"284\">robust<\/td>\n<\/tr>\n<tr>\n<td width=\"284\">Herkunftsort<\/td>\n<td width=\"284\">Zhejiang, China<\/td>\n<\/tr>\n<tr>\n<td width=\"284\">Produktname<\/td>\n<td width=\"284\">Metallgeh\u00e4use<\/td>\n<\/tr>\n<tr>\n<td width=\"284\">garantie<\/td>\n<td width=\"284\">1 jahr<\/td>\n<\/tr>\n<tr>\n<td width=\"284\">farbe<\/td>\n<td width=\"284\">customized color<\/td>\n<\/tr>\n<\/tbody>\n<\/table>\n<h2>feature of fire phone metal metal gehege:<\/h2>\n<p>1.fire telefonmetall -geh\u00e4use passt zu den meisten brand -telefon -handys. als hersteller mit gut ausgestatteten einrichtungen und einem professionellen team erf\u00fcllen wir die kundenbed\u00fcrfnisse aktiv, wenn wir h\u00fclsen zum schutz von telefon-mobilteilen entwerfen und den kunden die zufriedenstellendsten produkte zur verf\u00fcgung stellen.<\/p>\n<p><img fetchpriority=\"high\" decoding=\"async\" class=\"alignnone wp-image-385 size-full\" src=\"http:\/\/siwoc.com\/wp-content\/uploads\/2025\/01\/1.-L38\u5c3a\u5bf8\u56fe.jpg\" alt=\"\" width=\"819\" height=\"651\" srcset=\"https:\/\/www.siwoc.com\/wp-content\/uploads\/2025\/01\/1.-L38\u5c3a\u5bf8\u56fe.jpg 819w, https:\/\/www.siwoc.com\/wp-content\/uploads\/2025\/01\/1.-L38\u5c3a\u5bf8\u56fe-300x238.jpg 300w, https:\/\/www.siwoc.com\/wp-content\/uploads\/2025\/01\/1.-L38\u5c3a\u5bf8\u56fe-768x610.jpg 768w, https:\/\/www.siwoc.com\/wp-content\/uploads\/2025\/01\/1.-L38\u5c3a\u5bf8\u56fe-15x12.jpg 15w, https:\/\/www.siwoc.com\/wp-content\/uploads\/2025\/01\/1.-L38\u5c3a\u5bf8\u56fe-600x477.jpg 600w\" sizes=\"(max-width: 819px) 100vw, 819px\" \/><\/p>\n<p>2. als wir das brand -telefon -metall -geh\u00e4use entworfen haben, haben wir viele faktoren ber\u00fccksichtigt, wie z.<\/p>\n<p><img decoding=\"async\" class=\"alignnone wp-image-386 size-full\" src=\"http:\/\/siwoc.com\/wp-content\/uploads\/2025\/01\/2.-\u6d88\u9632\u884c\u4e1a\u6848\u4f8b.jpg\" alt=\"\" width=\"750\" height=\"668\" srcset=\"https:\/\/www.siwoc.com\/wp-content\/uploads\/2025\/01\/2.-\u6d88\u9632\u884c\u4e1a\u6848\u4f8b.jpg 750w, https:\/\/www.siwoc.com\/wp-content\/uploads\/2025\/01\/2.-\u6d88\u9632\u884c\u4e1a\u6848\u4f8b-300x267.jpg 300w, https:\/\/www.siwoc.com\/wp-content\/uploads\/2025\/01\/2.-\u6d88\u9632\u884c\u4e1a\u6848\u4f8b-13x12.jpg 13w, https:\/\/www.siwoc.com\/wp-content\/uploads\/2025\/01\/2.-\u6d88\u9632\u884c\u4e1a\u6848\u4f8b-600x534.jpg 600w\" sizes=\"(max-width: 750px) 100vw, 750px\" \/><\/p>\n<p>3.das brand -telefon -metallgeh\u00e4use kann das telefon -mobilteil in rauen umgebungen sch\u00fctzen. das metallmaterial hat einen hervorragenden druckwiderstand und feuchtigkeitsbest\u00e4ndigkeit, und die oberfl\u00e4che ist glatt und visuell sch\u00f6n. das \u00e4u\u00dfere ist hart genug, um den telefonempf\u00e4nger effektiv vor besch\u00e4digungen und verschlei\u00df zu sch\u00fctzen.<\/p>\n<p>4. f\u00fcr dieses brand -telefon -metallgeh\u00e4use akzeptieren wir die anpassung des farb- und logo -drucks. die normale farbe ist rot. jede andere farbe kann gem\u00e4\u00df pantone -nummer oder farbprobe angepasst werden.<\/p>\n<p><img decoding=\"async\" class=\"alignnone wp-image-387 size-full\" src=\"http:\/\/siwoc.com\/wp-content\/uploads\/2025\/01\/3.\u5305\u88c5\u56fe.jpg\" alt=\"\" width=\"750\" height=\"654\" srcset=\"https:\/\/www.siwoc.com\/wp-content\/uploads\/2025\/01\/3.\u5305\u88c5\u56fe.jpg 750w, https:\/\/www.siwoc.com\/wp-content\/uploads\/2025\/01\/3.\u5305\u88c5\u56fe-300x262.jpg 300w, https:\/\/www.siwoc.com\/wp-content\/uploads\/2025\/01\/3.\u5305\u88c5\u56fe-14x12.jpg 14w, https:\/\/www.siwoc.com\/wp-content\/uploads\/2025\/01\/3.\u5305\u88c5\u56fe-600x523.jpg 600w\" sizes=\"(max-width: 750px) 100vw, 750px\" \/><\/p>","protected":false},"excerpt":{"rendered":"<p>Siniwo ist Chinas urspr\u00fcnglicher Hersteller und Lieferant von Brand -Telefonmetallgehege. Mit einem erfahrenen F &amp; E-Team in diesem Bereich k\u00f6nnen wir inl\u00e4ndische und ausl\u00e4ndische Kunden die kosteng\u00fcnstigsten Produkte zur Verf\u00fcgung stellen. Als Fabrik in China verf\u00fcgt Siniwo \u00fcber eine flexible Kapazit\u00e4t, um das Brand -Telefon -Metallgeh\u00e4use mit unterschiedlichem Erscheinungsbild und Dimension entsprechend den Kundenanforderungen anzupassen.<\/p>","protected":false},"featured_media":380,"template":"","meta":[],"product_cat":[86,80],"product_tag":[88,89,90,87],"class_list":{"0":"post-379","1":"product","2":"type-product","3":"status-publish","4":"has-post-thumbnail","6":"product_cat-fire-telephone-metal-enclosure","7":"product_cat-telephone-accessory","8":"product_tag-customized-metal-enclosure","9":"product_tag-metal-sheet-enclosure","10":"product_tag-rugged-metal-enclosure","11":"product_tag-telephone-metal-enclosure","13":"first","14":"instock","15":"shipping-taxable","16":"product-type-simple"},"_links":{"self":[{"href":"https:\/\/www.siwoc.com\/de\/wp-json\/wp\/v2\/product\/379","targetHints":{"allow":["GET"]}}],"collection":[{"href":"https:\/\/www.siwoc.com\/de\/wp-json\/wp\/v2\/product"}],"about":[{"href":"https:\/\/www.siwoc.com\/de\/wp-json\/wp\/v2\/types\/product"}],"version-history":[{"count":0,"href":"https:\/\/www.siwoc.com\/de\/wp-json\/wp\/v2\/product\/379\/revisions"}],"wp:featuredmedia":[{"embeddable":true,"href":"https:\/\/www.siwoc.com\/de\/wp-json\/wp\/v2\/media\/380"}],"wp:attachment":[{"href":"https:\/\/www.siwoc.com\/de\/wp-json\/wp\/v2\/media?parent=379"}],"wp:term":[{"taxonomy":"product_cat","embeddable":true,"href":"https:\/\/www.siwoc.com\/de\/wp-json\/wp\/v2\/product_cat?post=379"},{"taxonomy":"product_tag","embeddable":true,"href":"https:\/\/www.siwoc.com\/de\/wp-json\/wp\/v2\/product_tag?post=379"}],"curies":[{"name":"wp","href":"https:\/\/api.w.org\/{rel}","templated":true}]}}