{"id":257,"date":"2024-12-31T15:53:34","date_gmt":"2024-12-31T07:53:34","guid":{"rendered":"http:\/\/siwoc.com\/?post_type=product&#038;p=257"},"modified":"2024-12-31T16:35:47","modified_gmt":"2024-12-31T08:35:47","slug":"jail-telephone-handset","status":"publish","type":"product","link":"https:\/\/www.siwoc.com\/es\/product\/jail-telephone-handset\/","title":{"rendered":"Auricular del tel\u00e9fono de la c\u00e1rcel"},"content":{"rendered":"<p>El tel\u00e9fono de la c\u00e1rcel SINIWO est\u00e1 dise\u00f1ado para cumplir o superar todas las especificaciones publicadas para tel\u00e9fonos para uso en terminales p\u00fablicas en la c\u00e1rcel. El tel\u00e9fono tiene caracter\u00edsticas de resistencia y durabilidad que superan a cualquier tel\u00e9fono fabricado en China. Este tel\u00e9fono para c\u00e1rcel fabricado por SINIWO tiene un dise\u00f1o a prueba de vandalismo, una superficie resistente y un espacio sellado, por lo que es seguro de usar en las c\u00e1rceles.<\/p>\n<div><iframe title=\"Reproductor de video de YouTube\" src=\"https:\/\/www.youtube.com\/embed\/yzT2NPSuHno?si=HqUnPgzJ9rdN6sic\" width=\"560\" height=\"315\" frameborder=\"0\" allowfullscreen=\"allowfullscreen\"><\/iframe>\n<\/div>\n<h2>Par\u00e1metro del auricular del tel\u00e9fono de la c\u00e1rcel<\/h2>\n<table>\n<tbody>\n<tr>\n<td width=\"284\">N\u00famero de modelo<\/td>\n<td width=\"284\">A02<\/td>\n<\/tr>\n<tr>\n<td width=\"284\">Grado impermeable<\/td>\n<td width=\"284\">IP65<\/td>\n<\/tr>\n<tr>\n<td width=\"284\">Ruido ambiental<\/td>\n<td width=\"284\">\u226460dB<\/td>\n<\/tr>\n<tr>\n<td width=\"284\">Frecuencia de trabajo<\/td>\n<td width=\"284\">300~3400Hz<\/td>\n<\/tr>\n<tr>\n<td width=\"284\">c\u00e1mara r\u00e9flex<\/td>\n<td width=\"284\">5~15dB<\/td>\n<\/tr>\n<tr>\n<td width=\"284\">RLR<\/td>\n<td width=\"284\">-7~2dB<\/td>\n<\/tr>\n<tr>\n<td width=\"284\">Working Temperature<\/td>\n<td width=\"284\">Com\u00fan: -30\u2103~+50\u2103<\/td>\n<\/tr>\n<tr>\n<td width=\"284\">Humedad relativa<\/td>\n<td width=\"284\">\u226495%<\/td>\n<\/tr>\n<tr>\n<td width=\"284\">Presi\u00f3n atmosf\u00e9rica<\/td>\n<td width=\"284\">80~110Kpa<\/td>\n<\/tr>\n<tr>\n<td width=\"284\">Fuerza de tracci\u00f3n<\/td>\n<td width=\"284\">Personalizado<\/td>\n<\/tr>\n<\/tbody>\n<\/table>\n<h2>Caracter\u00edstica del auricular del tel\u00e9fono de la c\u00e1rcel<\/h2>\n<p>1. Como tel\u00e9fono carcelario utilizado en las prisiones, el antivandalismo y las caracter\u00edsticas de seguridad son los principales factores que debemos considerar. Entonces, \u00bfc\u00f3mo mejorar la seguridad de los tel\u00e9fonos de la c\u00e1rcel y evitar que los presos los conviertan en armas o posesi\u00f3n de drogas? Desde la estructura, pegamos las tapas de los auriculares con un torque de extracci\u00f3n que excede las 130 libras-pie. Esto garantiza que el p\u00fablico no pueda quitar las tapas utilizando herramientas manuales peque\u00f1as o con las manos desnudas. A modo de comparaci\u00f3n, los pernos de las llantas de los autom\u00f3viles requieren aproximadamente 75 pies-libras de torsi\u00f3n para quitarlos.<\/p>\n<p><img fetchpriority=\"high\" decoding=\"async\" class=\"alignnone wp-image-264 size-full\" src=\"http:\/\/siwoc.com\/wp-content\/uploads\/2024\/12\/1.-A02\u5c3a\u5bf8\u56fe.jpg\" alt=\"\" width=\"449\" height=\"500\" srcset=\"https:\/\/www.siwoc.com\/wp-content\/uploads\/2024\/12\/1.-A02\u5c3a\u5bf8\u56fe.jpg 449w, https:\/\/www.siwoc.com\/wp-content\/uploads\/2024\/12\/1.-A02\u5c3a\u5bf8\u56fe-269x300.jpg 269w, https:\/\/www.siwoc.com\/wp-content\/uploads\/2024\/12\/1.-A02\u5c3a\u5bf8\u56fe-11x12.jpg 11w\" sizes=\"(max-width: 449px) 100vw, 449px\" \/><\/p>\n<p>2. Este tel\u00e9fono carcelario est\u00e1 dise\u00f1ado principalmente para tel\u00e9fonos, tabletas, quioscos o m\u00e1quinas expendedoras en la c\u00e1rcel. Para diferentes aplicaciones, el tel\u00e9fono requiere cables y conexiones el\u00e9ctricas de diferentes longitudes. Para tel\u00e9fonos, la conexi\u00f3n habitual son conectores AMP, pero para PC o quiosco, normalmente se solicita un conector de audio USB-A o DC.<\/p>\n<p><img decoding=\"async\" class=\"alignnone wp-image-265 size-full\" src=\"http:\/\/siwoc.com\/wp-content\/uploads\/2024\/12\/2.-\u7fd4\u9f99\u76d1\u72f1\u624b\u67c4\u6848\u4f8b.jpg\" alt=\"\" width=\"750\" height=\"668\" srcset=\"https:\/\/www.siwoc.com\/wp-content\/uploads\/2024\/12\/2.-\u7fd4\u9f99\u76d1\u72f1\u624b\u67c4\u6848\u4f8b.jpg 750w, https:\/\/www.siwoc.com\/wp-content\/uploads\/2024\/12\/2.-\u7fd4\u9f99\u76d1\u72f1\u624b\u67c4\u6848\u4f8b-300x267.jpg 300w, https:\/\/www.siwoc.com\/wp-content\/uploads\/2024\/12\/2.-\u7fd4\u9f99\u76d1\u72f1\u624b\u67c4\u6848\u4f8b-13x12.jpg 13w, https:\/\/www.siwoc.com\/wp-content\/uploads\/2024\/12\/2.-\u7fd4\u9f99\u76d1\u72f1\u624b\u67c4\u6848\u4f8b-600x534.jpg 600w\" sizes=\"(max-width: 750px) 100vw, 750px\" \/><\/p>\n<h2>Detalles del cable rizado externo del auricular del tel\u00e9fono de la c\u00e1rcel<\/h2>\n<p>Cable blindado de acero inoxidable SUS304 de enclavamiento flexible (predeterminado)<br \/>\n\u2013 La longitud del cable blindado est\u00e1ndar de 32 pulgadas y 10 pulgadas, 12 pulgadas, 18 pulgadas y 23 pulgadas son opcionales.<br \/>\n\u2013 Incluye cord\u00f3n de acero que se ancla a la carcasa del tel\u00e9fono. La cuerda de acero combinada tiene diferente fuerza de tracci\u00f3n.<br \/>\n\u2013 Di\u00e1metro: 1,6 mm, 0,063\u201d, Carga de prueba de tracci\u00f3n: 170 kg, 375 lbs.<br \/>\n\u2013 Di\u00e1metro: 2,0 mm, 0,078\u201d, Carga de prueba de tracci\u00f3n: 250 kg, 551 lbs.<br \/>\n\u2013 Di\u00e1metro: 2,5 mm, 0,095\u201d, Carga de prueba de tracci\u00f3n: 450 kg, 992 lbs.<\/p>\n<p><img decoding=\"async\" class=\"alignnone wp-image-266 size-full\" src=\"http:\/\/siwoc.com\/wp-content\/uploads\/2024\/12\/3.\u624b\u67c4\u6d4b\u8bd5\u8bbe\u5907\u6d41\u7a0b.jpg\" alt=\"\" width=\"750\" height=\"688\" srcset=\"https:\/\/www.siwoc.com\/wp-content\/uploads\/2024\/12\/3.\u624b\u67c4\u6d4b\u8bd5\u8bbe\u5907\u6d41\u7a0b.jpg 750w, https:\/\/www.siwoc.com\/wp-content\/uploads\/2024\/12\/3.\u624b\u67c4\u6d4b\u8bd5\u8bbe\u5907\u6d41\u7a0b-300x275.jpg 300w, https:\/\/www.siwoc.com\/wp-content\/uploads\/2024\/12\/3.\u624b\u67c4\u6d4b\u8bd5\u8bbe\u5907\u6d41\u7a0b-13x12.jpg 13w, https:\/\/www.siwoc.com\/wp-content\/uploads\/2024\/12\/3.\u624b\u67c4\u6d4b\u8bd5\u8bbe\u5907\u6d41\u7a0b-600x550.jpg 600w\" sizes=\"(max-width: 750px) 100vw, 750px\" \/><\/p>\n<h2>Detalles del cableado del auricular del tel\u00e9fono de la c\u00e1rcel<\/h2>\n<p>Se utiliza alambre trenzado de al menos calibre 26 para garantizar una buena calidad de transmisi\u00f3n y flexibilidad y durabilidad. El aislamiento es de tefl\u00f3n, que no soporta una llama por calor. (Los encendedores de cigarrillos con otros tipos de aislamiento har\u00e1n que el aislamiento se incendie y se queme). La mayor\u00eda de los competidores utilizan un cable de menor calibre y un aislamiento m\u00e1s barato, lo que genera posibles problemas de transmisi\u00f3n e incendio.<\/p>\n<p>&nbsp;<\/p>\n<p>&nbsp;<\/p>\n<p>&nbsp;<\/p>","protected":false},"excerpt":{"rendered":"<p>SINIWO es una f\u00e1brica y proveedor original de auriculares telef\u00f3nicos para c\u00e1rceles en China. Contamos con un distribuidor de tel\u00e9fonos carcelarios en el mercado norteamericano, que podr\u00eda ofrecer un tiempo de entrega r\u00e1pido y un servicio posventa. Estamos buscando un distribuidor o mayorista calificado de tel\u00e9fonos carcelarios como socio a largo plazo en el mercado global.<\/p>","protected":false},"featured_media":258,"template":"","meta":[],"product_cat":[30,24],"product_tag":[33,31,32,35,34],"class_list":{"0":"post-257","1":"product","2":"type-product","3":"status-publish","4":"has-post-thumbnail","6":"product_cat-jail-telephone-handset","7":"product_cat-telephone-handset","8":"product_tag-inmate-telephone-handset","9":"product_tag-jail-telphone-handset","10":"product_tag-prison-phone-handset","11":"product_tag-rugged-telephone-handset","12":"product_tag-vandal-proof-telephone-handset","14":"first","15":"instock","16":"shipping-taxable","17":"product-type-simple"},"_links":{"self":[{"href":"https:\/\/www.siwoc.com\/es\/wp-json\/wp\/v2\/product\/257","targetHints":{"allow":["GET"]}}],"collection":[{"href":"https:\/\/www.siwoc.com\/es\/wp-json\/wp\/v2\/product"}],"about":[{"href":"https:\/\/www.siwoc.com\/es\/wp-json\/wp\/v2\/types\/product"}],"version-history":[{"count":0,"href":"https:\/\/www.siwoc.com\/es\/wp-json\/wp\/v2\/product\/257\/revisions"}],"wp:featuredmedia":[{"embeddable":true,"href":"https:\/\/www.siwoc.com\/es\/wp-json\/wp\/v2\/media\/258"}],"wp:attachment":[{"href":"https:\/\/www.siwoc.com\/es\/wp-json\/wp\/v2\/media?parent=257"}],"wp:term":[{"taxonomy":"product_cat","embeddable":true,"href":"https:\/\/www.siwoc.com\/es\/wp-json\/wp\/v2\/product_cat?post=257"},{"taxonomy":"product_tag","embeddable":true,"href":"https:\/\/www.siwoc.com\/es\/wp-json\/wp\/v2\/product_tag?post=257"}],"curies":[{"name":"wp","href":"https:\/\/api.w.org\/{rel}","templated":true}]}}