{"id":271,"date":"2024-12-31T16:38:24","date_gmt":"2024-12-31T08:38:24","guid":{"rendered":"http:\/\/siwoc.com\/?post_type=product&#038;p=271"},"modified":"2025-01-13T17:40:43","modified_gmt":"2025-01-13T09:40:43","slug":"abs-plastic-ptt-switch-industrial-telephone-handset","status":"publish","type":"product","link":"https:\/\/www.siwoc.com\/es\/product\/abs-plastic-ptt-switch-industrial-telephone-handset\/","title":{"rendered":"Auricular de tel\u00e9fono industrial del interruptor PTT de pl\u00e1stico ABS"},"content":{"rendered":"<h2>Par\u00e1metro del auricular telef\u00f3nico industrial con interruptor PTT de pl\u00e1stico ABS<\/h2>\n<div>\n<table>\n<tbody>\n<tr>\n<td width=\"49.3400%\">N\u00famero de modelo<\/td>\n<td width=\"50.6400%\">A05+L33<\/td>\n<\/tr>\n<tr>\n<td width=\"49.3400%\">Grado impermeable<\/td>\n<td width=\"50.6400%\">IP54<\/td>\n<\/tr>\n<tr>\n<td width=\"49.3400%\">Temperatura de operaci\u00f3n<\/td>\n<td width=\"50.6400%\">-30\uff5e+65\u2103<\/td>\n<\/tr>\n<tr>\n<td width=\"49.3400%\">Temperatura de almacenamiento<\/td>\n<td width=\"50.6400%\">-40\uff5e+85\u2103<\/td>\n<\/tr>\n<tr>\n<td width=\"49.3400%\">Humedad relativa<\/td>\n<td width=\"50.6400%\">30%-90%RH<\/td>\n<\/tr>\n<tr>\n<td width=\"49.3400%\">Presi\u00f3n atmosf\u00e9rica<\/td>\n<td width=\"50.6400%\">60~106 Kpa<\/td>\n<\/tr>\n<tr>\n<td width=\"49.3400%\">Material<\/td>\n<td width=\"50.6400%\">ABS aprobado por UL<\/td>\n<\/tr>\n<tr>\n<td width=\"49.3400%\">tipo PTT<\/td>\n<td width=\"50.6400%\">Un bot\u00f3n PTT redondo<\/td>\n<\/tr>\n<tr>\n<td width=\"49.3400%\">Tipo de control<\/td>\n<td width=\"50.6400%\">Personalizado<\/td>\n<\/tr>\n<tr>\n<td width=\"49.3400%\">Caracter\u00edsticas<\/td>\n<td width=\"50.6400%\">Con soporte a prueba de sacudidas<\/td>\n<\/tr>\n<\/tbody>\n<\/table>\n<\/div>\n<p>El auricular telef\u00f3nico industrial con interruptor PTT de pl\u00e1stico ABS SINIWO est\u00e1 fabricado con una base combinada, que se usa ampliamente en veh\u00edculos con baches, con un im\u00e1n fuerte para sujetar el auricular firmemente con caracter\u00edsticas a prueba de sacudidas.<\/p>\n<p><iframe title=\"Reproductor de video de YouTube\" src=\"https:\/\/www.youtube.com\/embed\/iyzDdBuVMyA?si=o7gt8LDfMRazK4p7\" width=\"560\" height=\"315\" frameborder=\"0\" allowfullscreen=\"allowfullscreen\"><\/iframe><\/p>\n<h2>Caracter\u00edstica del auricular de tel\u00e9fono industrial con interruptor PTT de pl\u00e1stico ABS<\/h2>\n<p>1.El auricular telef\u00f3nico industrial con interruptor PTT de pl\u00e1stico ABS SINIWO est\u00e1 dise\u00f1ado para veh\u00edculos con baches que necesitan auriculares a prueba de sacudidas para radios de veh\u00edculos. Con un im\u00e1n fuerte tanto dentro del tel\u00e9fono como en el soporte, el tel\u00e9fono no puede moverse libremente cuando lo coloca en el soporte. Con el bot\u00f3n PTT, puede controlar el micr\u00f3fono y el altavoz seg\u00fan sus necesidades.<\/p>\n<p><img fetchpriority=\"high\" decoding=\"async\" class=\"alignnone wp-image-274 size-full\" src=\"http:\/\/siwoc.com\/wp-content\/uploads\/2024\/12\/1.\u5c3a\u5bf8\u56fe.png\" alt=\"\" width=\"1002\" height=\"741\" srcset=\"https:\/\/www.siwoc.com\/wp-content\/uploads\/2024\/12\/1.\u5c3a\u5bf8\u56fe.png 1002w, https:\/\/www.siwoc.com\/wp-content\/uploads\/2024\/12\/1.\u5c3a\u5bf8\u56fe-300x222.png 300w, https:\/\/www.siwoc.com\/wp-content\/uploads\/2024\/12\/1.\u5c3a\u5bf8\u56fe-768x568.png 768w, https:\/\/www.siwoc.com\/wp-content\/uploads\/2024\/12\/1.\u5c3a\u5bf8\u56fe-16x12.png 16w, https:\/\/www.siwoc.com\/wp-content\/uploads\/2024\/12\/1.\u5c3a\u5bf8\u56fe-600x444.png 600w\" sizes=\"(max-width: 1002px) 100vw, 1002px\" \/><\/p>\n<p>2.El auricular telef\u00f3nico industrial con interruptor PTT de pl\u00e1stico ABS SINIWO se usa ampliamente para veh\u00edculos con baches y el color tambi\u00e9n se puede personalizar para que coincida con el color de su veh\u00edculo, sin importar el color rojo, blanco, azul o naranja. Pero SINIWO tiene una solicitud de MOQ para diferentes colores, as\u00ed que cont\u00e1ctenos para obtener m\u00e1s detalles.<\/p>\n<p><img decoding=\"async\" class=\"alignnone wp-image-275 size-full\" src=\"http:\/\/siwoc.com\/wp-content\/uploads\/2024\/12\/2.\u53ef\u9009\u989c\u8272.jpg\" alt=\"\" width=\"750\" height=\"500\" srcset=\"https:\/\/www.siwoc.com\/wp-content\/uploads\/2024\/12\/2.\u53ef\u9009\u989c\u8272.jpg 750w, https:\/\/www.siwoc.com\/wp-content\/uploads\/2024\/12\/2.\u53ef\u9009\u989c\u8272-300x200.jpg 300w, https:\/\/www.siwoc.com\/wp-content\/uploads\/2024\/12\/2.\u53ef\u9009\u989c\u8272-18x12.jpg 18w, https:\/\/www.siwoc.com\/wp-content\/uploads\/2024\/12\/2.\u53ef\u9009\u989c\u8272-600x400.jpg 600w\" sizes=\"(max-width: 750px) 100vw, 750px\" \/><\/p>\n<p>3.El auricular telef\u00f3nico industrial con interruptor PTT de pl\u00e1stico SINIWOABS puede enviarse por expreso internacional, por aire o por mar, con servicio puerta a puerta o servicio de puerto a puerto. SINIWO cuenta con un transportista confiable para encargarse del env\u00edo de art\u00edculos para el cliente con un precio m\u00e1s r\u00e1pido, seguro y competitivo y un servicio de tiempo de entrega corto. Normalmente, el env\u00edo expr\u00e9s internacional tarda 5 d\u00edas h\u00e1biles y el env\u00edo a\u00e9reo 7 d\u00edas h\u00e1biles.<\/p>\n<p><img decoding=\"async\" class=\"alignnone wp-image-276 size-full\" src=\"http:\/\/siwoc.com\/wp-content\/uploads\/2024\/12\/3.-\u8fd0\u8f93\u56fe.jpg\" alt=\"\" width=\"750\" height=\"424\" srcset=\"https:\/\/www.siwoc.com\/wp-content\/uploads\/2024\/12\/3.-\u8fd0\u8f93\u56fe.jpg 750w, https:\/\/www.siwoc.com\/wp-content\/uploads\/2024\/12\/3.-\u8fd0\u8f93\u56fe-300x170.jpg 300w, https:\/\/www.siwoc.com\/wp-content\/uploads\/2024\/12\/3.-\u8fd0\u8f93\u56fe-18x10.jpg 18w, https:\/\/www.siwoc.com\/wp-content\/uploads\/2024\/12\/3.-\u8fd0\u8f93\u56fe-600x339.jpg 600w\" sizes=\"(max-width: 750px) 100vw, 750px\" \/><\/p>\n<p>&nbsp;<\/p>\n<p>&nbsp;<\/p>\n<p>&nbsp;<\/p>\n<p>&nbsp;<\/p>\n<p>&nbsp;<\/p>","protected":false},"excerpt":{"rendered":"<p>SINIWO se enfoca en ser un fabricante integrado de la industria global en China de auriculares telef\u00f3nicos industriales con interruptor PTT de pl\u00e1stico ABS. SINIWO ampli\u00f3 su f\u00e1brica con un taller de inyecci\u00f3n de moldeo, un taller de punzonado, un taller de procesamiento de l\u00e1minas, un taller de SMT y un taller de ensamblaje este a\u00f1o para ofrecer un servicio integrado al cliente.<\/p>","protected":false},"featured_media":273,"template":"","meta":[],"product_cat":[36,24],"product_tag":[33,31,32,35,34],"class_list":{"0":"post-271","1":"product","2":"type-product","3":"status-publish","4":"has-post-thumbnail","6":"product_cat-abs-plastic-ptt-switch-industrial-telephone-handset","7":"product_cat-telephone-handset","8":"product_tag-inmate-telephone-handset","9":"product_tag-jail-telphone-handset","10":"product_tag-prison-phone-handset","11":"product_tag-rugged-telephone-handset","12":"product_tag-vandal-proof-telephone-handset","14":"first","15":"instock","16":"shipping-taxable","17":"product-type-simple"},"_links":{"self":[{"href":"https:\/\/www.siwoc.com\/es\/wp-json\/wp\/v2\/product\/271","targetHints":{"allow":["GET"]}}],"collection":[{"href":"https:\/\/www.siwoc.com\/es\/wp-json\/wp\/v2\/product"}],"about":[{"href":"https:\/\/www.siwoc.com\/es\/wp-json\/wp\/v2\/types\/product"}],"version-history":[{"count":0,"href":"https:\/\/www.siwoc.com\/es\/wp-json\/wp\/v2\/product\/271\/revisions"}],"wp:featuredmedia":[{"embeddable":true,"href":"https:\/\/www.siwoc.com\/es\/wp-json\/wp\/v2\/media\/273"}],"wp:attachment":[{"href":"https:\/\/www.siwoc.com\/es\/wp-json\/wp\/v2\/media?parent=271"}],"wp:term":[{"taxonomy":"product_cat","embeddable":true,"href":"https:\/\/www.siwoc.com\/es\/wp-json\/wp\/v2\/product_cat?post=271"},{"taxonomy":"product_tag","embeddable":true,"href":"https:\/\/www.siwoc.com\/es\/wp-json\/wp\/v2\/product_tag?post=271"}],"curies":[{"name":"wp","href":"https:\/\/api.w.org\/{rel}","templated":true}]}}