{"id":280,"date":"2025-01-02T11:18:02","date_gmt":"2025-01-02T03:18:02","guid":{"rendered":"http:\/\/siwoc.com\/?post_type=product&#038;p=280"},"modified":"2025-01-02T11:32:14","modified_gmt":"2025-01-02T03:32:14","slug":"ptt-switch-telephone-handset","status":"publish","type":"product","link":"https:\/\/www.siwoc.com\/es\/product\/ptt-switch-telephone-handset\/","title":{"rendered":"Auricular telef\u00f3nico con interruptor PTT"},"content":{"rendered":"<p>Este microtel\u00e9fono con interruptor PTT de SINIWO es un microtel\u00e9fono personalizado de alta resistencia que se utiliza en plantas qu\u00edmicas, estaciones de petr\u00f3leo y gas y puertos mar\u00edtimos, donde se solicita la funci\u00f3n de reducci\u00f3n de ruido y pulsar para hablar. Cumple con la Directiva EMC 2014\/30\/UE del Consejo seg\u00fan la norma de prueba EN55032:2015\/A1:2020 y EN55035:2017\/A11:2020.<\/p>\n<h2>Par\u00e1metro del auricular del tel\u00e9fono con interruptor PTT<\/h2>\n<table>\n<tbody>\n<tr>\n<td width=\"284\">N\u00famero de modelo<\/td>\n<td width=\"284\">A15<\/td>\n<\/tr>\n<tr>\n<td width=\"284\">Grado impermeable<\/td>\n<td width=\"284\">IP65<\/td>\n<\/tr>\n<tr>\n<td width=\"284\">Ruido ambiental<\/td>\n<td width=\"284\">\u226460dB<\/td>\n<\/tr>\n<tr>\n<td width=\"284\">Frecuencia de trabajo<\/td>\n<td width=\"284\">300~3400Hz<\/td>\n<\/tr>\n<tr>\n<td width=\"284\">c\u00e1mara r\u00e9flex<\/td>\n<td width=\"284\">5~15dB<\/td>\n<\/tr>\n<tr>\n<td width=\"284\">RLR<\/td>\n<td width=\"284\">-7~2dB<\/td>\n<\/tr>\n<tr>\n<td width=\"284\">Funci\u00f3n especial<\/td>\n<td width=\"284\">Auricular telef\u00f3nico con interruptor PTT con reducci\u00f3n de ruido<\/td>\n<\/tr>\n<tr>\n<td width=\"284\">Working Temperature<\/td>\n<td width=\"284\">Com\u00fan: -20\u2103~+40\u2103<br \/>\nEspecial: -40\u2103~+50\u2103<br \/>\n(Por favor d\u00edganos su solicitud con antelaci\u00f3n)<\/td>\n<\/tr>\n<tr>\n<td width=\"284\">Humedad relativa<\/td>\n<td width=\"284\">\u226495%<\/td>\n<\/tr>\n<tr>\n<td width=\"284\">Presi\u00f3n atmosf\u00e9rica<\/td>\n<td width=\"284\">80~110Kpa<\/td>\n<\/tr>\n<\/tbody>\n<\/table>\n<h2>Caracter\u00edstica del auricular del tel\u00e9fono con interruptor PTT<\/h2>\n<p>1.Este tel\u00e9fono resistente a la intemperie tiene un dise\u00f1o ergon\u00f3mico y es adecuado para la mayor\u00eda de los tel\u00e9fonos exteriores. Como fabricante especial en el campo de las telecomunicaciones industriales, tenemos una amplia experiencia en el dise\u00f1o de tel\u00e9fonos resistentes a la intemperie y brindamos soluciones a los clientes.<\/p>\n<p>&nbsp;<\/p>\n<p><img fetchpriority=\"high\" decoding=\"async\" class=\"alignnone wp-image-281 size-full\" src=\"http:\/\/siwoc.com\/wp-content\/uploads\/2025\/01\/1.\u5c3a\u5bf8\u56fe.jpg\" alt=\"\" width=\"300\" height=\"354\" srcset=\"https:\/\/www.siwoc.com\/wp-content\/uploads\/2025\/01\/1.\u5c3a\u5bf8\u56fe.jpg 300w, https:\/\/www.siwoc.com\/wp-content\/uploads\/2025\/01\/1.\u5c3a\u5bf8\u56fe-254x300.jpg 254w, https:\/\/www.siwoc.com\/wp-content\/uploads\/2025\/01\/1.\u5c3a\u5bf8\u56fe-10x12.jpg 10w\" sizes=\"(max-width: 300px) 100vw, 300px\" \/><\/p>\n<p>2. Para este tel\u00e9fono con interruptor PTT utilizado en entornos hostiles, ofrecemos un altavoz con aud\u00edfono para personas con discapacidad auditiva y un micr\u00f3fono reductor de ruido, que podr\u00eda cancelar el ruido de fondo al responder llamadas; Con el interruptor pulsar para hablar, podr\u00eda mejorar la calidad de la comunicaci\u00f3n al soltar el interruptor.<\/p>\n<p><iframe title=\"Reproductor de video de YouTube\" src=\"https:\/\/www.youtube.com\/embed\/sZkHPoaxf9Y?si=lbCkkBo0V-49DMNF\" width=\"560\" height=\"315\" frameborder=\"0\" allowfullscreen=\"allowfullscreen\"><\/iframe><\/p>\n<h2>Detalles del cable rizado externo del auricular del tel\u00e9fono resistente a la intemperie<\/h2>\n<p>\u2013 Cord\u00f3n rizado de PVC (predeterminado), temperatura de trabajo: -20 \u2103 ~ +40\u2103<br \/>\n\u2013 Longitud del cable est\u00e1ndar: 9 pulgadas retra\u00eddo, 6 pies despu\u00e9s de extendido (predeterminado)<br \/>\n\u2013 Hay disponibles diferentes longitudes personalizadas.<br \/>\n\u2013 Cord\u00f3n rizado de PVC resistente a la intemperie (opcional), temperatura de trabajo: -30 \u2103 ~ +50\u2103<br \/>\n\u2013 Temperatura de trabajo del cord\u00f3n rizado Hytrel (opcional): -40 \u2103 ~ +100\u2103<\/p>\n<p><img decoding=\"async\" class=\"alignnone wp-image-282 size-full\" src=\"http:\/\/siwoc.com\/wp-content\/uploads\/2025\/01\/2.\u624b\u67c4\u6d4b\u8bd5\u8bbe\u5907\u6d41\u7a0b.jpg\" alt=\"\" width=\"750\" height=\"688\" srcset=\"https:\/\/www.siwoc.com\/wp-content\/uploads\/2025\/01\/2.\u624b\u67c4\u6d4b\u8bd5\u8bbe\u5907\u6d41\u7a0b.jpg 750w, https:\/\/www.siwoc.com\/wp-content\/uploads\/2025\/01\/2.\u624b\u67c4\u6d4b\u8bd5\u8bbe\u5907\u6d41\u7a0b-300x275.jpg 300w, https:\/\/www.siwoc.com\/wp-content\/uploads\/2025\/01\/2.\u624b\u67c4\u6d4b\u8bd5\u8bbe\u5907\u6d41\u7a0b-13x12.jpg 13w, https:\/\/www.siwoc.com\/wp-content\/uploads\/2025\/01\/2.\u624b\u67c4\u6d4b\u8bd5\u8bbe\u5907\u6d41\u7a0b-600x550.jpg 600w\" sizes=\"(max-width: 750px) 100vw, 750px\" \/><\/p>\n<p>3. Como fabricante y proveedor en China, SINIWO acepta la personalizaci\u00f3n de colores y logotipos para este tel\u00e9fono con interruptor PTT. El color com\u00fan en stock es el negro y el rojo. Cualquier otro color se puede personalizar seg\u00fan el n\u00famero de Pantone o la muestra de color. El logotipo se puede hacer mediante impresi\u00f3n l\u00e1ser o impresi\u00f3n en seda, o se acepta personalizar su logotipo a partir de las herramientas originales.<\/p>\n<p><img decoding=\"async\" class=\"alignnone wp-image-275 size-full\" src=\"http:\/\/siwoc.com\/wp-content\/uploads\/2024\/12\/2.\u53ef\u9009\u989c\u8272.jpg\" alt=\"\" width=\"750\" height=\"500\" srcset=\"https:\/\/www.siwoc.com\/wp-content\/uploads\/2024\/12\/2.\u53ef\u9009\u989c\u8272.jpg 750w, https:\/\/www.siwoc.com\/wp-content\/uploads\/2024\/12\/2.\u53ef\u9009\u989c\u8272-300x200.jpg 300w, https:\/\/www.siwoc.com\/wp-content\/uploads\/2024\/12\/2.\u53ef\u9009\u989c\u8272-18x12.jpg 18w, https:\/\/www.siwoc.com\/wp-content\/uploads\/2024\/12\/2.\u53ef\u9009\u989c\u8272-600x400.jpg 600w\" sizes=\"(max-width: 750px) 100vw, 750px\" \/><\/p>\n<p>&nbsp;<\/p>\n<p>&nbsp;<\/p>\n<p>&nbsp;<\/p>\n<p>&nbsp;<\/p>\n<p>&nbsp;<\/p>\n<p>&nbsp;<\/p>\n<p>&nbsp;<\/p>","protected":false},"excerpt":{"rendered":"<p>Como proveedor de auriculares telef\u00f3nicos conmutados PTT en China, utilizados en el \u00e1rea industrial, SINIWO desarroll\u00f3 un micr\u00f3fono reductor de ruido a partir de datos t\u00e9cnicos y la estructura del micr\u00f3fono cuando lo dise\u00f1\u00f3. Gai-tronics eligi\u00f3 este auricular telef\u00f3nico con conmutador PTT SINIWO para la mayor\u00eda de sus tel\u00e9fonos de servicio pesado en el mercado global.<\/p>","protected":false},"featured_media":286,"template":"","meta":[],"product_cat":[37,24],"product_tag":[38,39,40],"class_list":{"0":"post-280","1":"product","2":"type-product","3":"status-publish","4":"has-post-thumbnail","6":"product_cat-ptt-switch-telephone-handset","7":"product_cat-telephone-handset","8":"product_tag-customized-handset","9":"product_tag-industrial-telephone-handset","10":"product_tag-noise-canceling-handset","12":"first","13":"instock","14":"shipping-taxable","15":"product-type-simple"},"_links":{"self":[{"href":"https:\/\/www.siwoc.com\/es\/wp-json\/wp\/v2\/product\/280","targetHints":{"allow":["GET"]}}],"collection":[{"href":"https:\/\/www.siwoc.com\/es\/wp-json\/wp\/v2\/product"}],"about":[{"href":"https:\/\/www.siwoc.com\/es\/wp-json\/wp\/v2\/types\/product"}],"version-history":[{"count":0,"href":"https:\/\/www.siwoc.com\/es\/wp-json\/wp\/v2\/product\/280\/revisions"}],"wp:featuredmedia":[{"embeddable":true,"href":"https:\/\/www.siwoc.com\/es\/wp-json\/wp\/v2\/media\/286"}],"wp:attachment":[{"href":"https:\/\/www.siwoc.com\/es\/wp-json\/wp\/v2\/media?parent=280"}],"wp:term":[{"taxonomy":"product_cat","embeddable":true,"href":"https:\/\/www.siwoc.com\/es\/wp-json\/wp\/v2\/product_cat?post=280"},{"taxonomy":"product_tag","embeddable":true,"href":"https:\/\/www.siwoc.com\/es\/wp-json\/wp\/v2\/product_tag?post=280"}],"curies":[{"name":"wp","href":"https:\/\/api.w.org\/{rel}","templated":true}]}}