{"id":298,"date":"2025-01-02T13:09:22","date_gmt":"2025-01-02T05:09:22","guid":{"rendered":"http:\/\/siwoc.com\/?post_type=product&#038;p=298"},"modified":"2025-01-02T13:18:55","modified_gmt":"2025-01-02T05:18:55","slug":"rugged-telephone-handset","status":"publish","type":"product","link":"https:\/\/www.siwoc.com\/es\/product\/rugged-telephone-handset\/","title":{"rendered":"Auricular de tel\u00e9fono resistente"},"content":{"rendered":"<p>Este resistente tel\u00e9fono SINIWO est\u00e1 dise\u00f1ado seg\u00fan el est\u00e1ndar MIL H250, que se utiliza para equipos de telecomunicaciones militares, como radio, tel\u00e9fono MIL o sistema de llamadas a la polic\u00eda. SINIWO tambi\u00e9n dise\u00f1\u00f3 el micr\u00f3fono y el altavoz combinados para clientes a quienes les gusta la apariencia de este tel\u00e9fono resistente pero que no necesitan la especificaci\u00f3n est\u00e1ndar MIL a un precio econ\u00f3mico.<\/p>\n<h2>Par\u00e1metro de comparaci\u00f3n del tel\u00e9fono resistente A25 y MIL H250<\/h2>\n<table>\n<tbody>\n<tr>\n<td width=\"182\">N\u00famero de modelo<\/td>\n<td width=\"198\">H-250<\/td>\n<td width=\"187\">A25<\/td>\n<\/tr>\n<tr>\n<td width=\"182\">Peso<\/td>\n<td width=\"198\">Aproximadamente 350 g<\/td>\n<td width=\"187\">Aproximadamente 350 g<\/td>\n<\/tr>\n<tr>\n<td width=\"182\">Ruido ambiental<\/td>\n<td width=\"198\">N\/A<\/td>\n<td width=\"187\">\u2264100dB<\/td>\n<\/tr>\n<tr>\n<td width=\"182\">Impedancia del altavoz<\/td>\n<td width=\"198\">1000\u03a9 (@1kHz)<\/td>\n<td width=\"187\">1000\u03a9 (@1kHz)<\/td>\n<\/tr>\n<tr>\n<td width=\"182\">Impedancia del micr\u00f3fono:<\/td>\n<td width=\"198\">150\u03a9 (@1kHz)<\/td>\n<td width=\"187\">150\u03a9 (@1kHz)<\/td>\n<\/tr>\n<tr>\n<td width=\"182\">Nivel de salida del micr\u00f3fono:<\/td>\n<td width=\"198\">M\u00e1s de -56dB(@1kHz)<\/td>\n<td width=\"187\">-59dB(@1kHz)<\/td>\n<\/tr>\n<tr>\n<td width=\"182\">Distorsi\u00f3n:<\/td>\n<td width=\"198\">Menos de 5%(300Hz~3500Hz)<\/td>\n<td width=\"187\">Menos de 5%(200Hz~4000Hz)<\/td>\n<\/tr>\n<tr>\n<td width=\"182\">Rango de temperatura de funcionamiento<\/td>\n<td width=\"198\">-20\u2103~65\u2103<\/td>\n<td width=\"187\">-45\u2103~55\u2103<\/td>\n<\/tr>\n<tr>\n<td width=\"182\">Resistencia al agua:<\/td>\n<td width=\"198\">Permanece en pleno funcionamiento despu\u00e9s de sumergirlo en 3 pies (91 cm) de agua durante 2 horas.<\/td>\n<td width=\"187\">Permanece en pleno funcionamiento despu\u00e9s de sumergirlo en 1 metro de agua durante 2 horas.<\/td>\n<\/tr>\n<tr>\n<td width=\"182\">Durabilidad del interruptor PTT:<\/td>\n<td width=\"198\">M\u00e1s de 2 millones de actuaciones<\/td>\n<td width=\"187\">M\u00e1s de 2 millones de actuaciones<\/td>\n<\/tr>\n<\/tbody>\n<\/table>\n<h2>Caracter\u00edstica del tel\u00e9fono resistente<\/h2>\n<p>1. Este tel\u00e9fono resistente est\u00e1 dise\u00f1ado principalmente para uso militar, por lo que el grado de resistencia a la corrosi\u00f3n y el grado de impermeabilidad son los factores m\u00e1s importantes a considerar. Por eso fabricamos este tel\u00e9fono con una membrana impermeable para el paso del sonido tanto en el micr\u00f3fono como en el altavoz y sellamos todo el espacio con pegamento impermeable.<\/p>\n<p><img fetchpriority=\"high\" decoding=\"async\" class=\"alignnone wp-image-305 size-full\" src=\"http:\/\/siwoc.com\/wp-content\/uploads\/2025\/01\/1.\u5c3a\u5bf8\u56fe-1.jpg\" alt=\"\" width=\"647\" height=\"614\" srcset=\"https:\/\/www.siwoc.com\/wp-content\/uploads\/2025\/01\/1.\u5c3a\u5bf8\u56fe-1.jpg 647w, https:\/\/www.siwoc.com\/wp-content\/uploads\/2025\/01\/1.\u5c3a\u5bf8\u56fe-1-300x285.jpg 300w, https:\/\/www.siwoc.com\/wp-content\/uploads\/2025\/01\/1.\u5c3a\u5bf8\u56fe-1-13x12.jpg 13w, https:\/\/www.siwoc.com\/wp-content\/uploads\/2025\/01\/1.\u5c3a\u5bf8\u56fe-1-600x569.jpg 600w\" sizes=\"(max-width: 647px) 100vw, 647px\" \/><\/p>\n<p>2. Cuando dise\u00f1amos este tel\u00e9fono resistente para entornos militares, elegimos material de policarbonato reforzado con fibra aprobado por RoHS para reforzar su caracter\u00edstica resistente. Para los clientes que tienen inter\u00e9s en este tel\u00e9fono resistente en el \u00e1mbito industrial, ofrecemos opciones adaptadas para satisfacer la demanda de los clientes.<iframe title=\"Reproductor de video de YouTube\" src=\"https:\/\/www.youtube.com\/embed\/-iBEaUq7-l0?si=dUOWylRfB5l2v5PO\" width=\"560\" height=\"315\" frameborder=\"0\" allowfullscreen=\"allowfullscreen\"><\/iframe><\/p>\n<h2>Detalles del cable rizado externo del auricular de tel\u00e9fono resistente<\/h2>\n<p>\u2013 Cord\u00f3n rizado militar TEPU Di\u00e1metro 7 mm (predeterminado) Temperatura de trabajo: -40 \u2103 ~ +100\u2103<br \/>\n\u2013 Longitud del cable est\u00e1ndar: 9 pulgadas retra\u00eddo, 6 pies despu\u00e9s de extendido (predeterminado)<br \/>\n\u2013 Hay disponibles diferentes longitudes personalizadas.<br \/>\n\u2013 Cord\u00f3n rizado de PVC (predeterminado), temperatura de trabajo: -20 \u2103 ~ +40\u2103<br \/>\n\u2013 Longitud del cable est\u00e1ndar: 9 pulgadas retra\u00edda, 6 pies despu\u00e9s de extendida (opcional)<br \/>\n\u2013 Hay disponibles diferentes longitudes personalizadas.<br \/>\n\u2013 Cord\u00f3n rizado de PVC resistente a la intemperie (opcional), temperatura de trabajo: -30 \u2103 ~ +50\u2103<\/p>\n<p><img decoding=\"async\" class=\"alignnone wp-image-306 size-full\" src=\"http:\/\/siwoc.com\/wp-content\/uploads\/2025\/01\/2.\u624b\u67c4\u5e94\u7528.jpg\" alt=\"\" width=\"750\" height=\"536\" srcset=\"https:\/\/www.siwoc.com\/wp-content\/uploads\/2025\/01\/2.\u624b\u67c4\u5e94\u7528.jpg 750w, https:\/\/www.siwoc.com\/wp-content\/uploads\/2025\/01\/2.\u624b\u67c4\u5e94\u7528-300x214.jpg 300w, https:\/\/www.siwoc.com\/wp-content\/uploads\/2025\/01\/2.\u624b\u67c4\u5e94\u7528-18x12.jpg 18w, https:\/\/www.siwoc.com\/wp-content\/uploads\/2025\/01\/2.\u624b\u67c4\u5e94\u7528-600x429.jpg 600w\" sizes=\"(max-width: 750px) 100vw, 750px\" \/><\/p>\n<p>4. Para este tel\u00e9fono resistente utilizado en entornos militares, otra cosa importante es la reducci\u00f3n del ruido de fondo. Tanto la parte delantera como la trasera del micr\u00f3fono tienen orificios de entrada de sonido. Dado que las posiciones de la parte delantera y trasera son opuestas, se introduce ruido en ambos lados, lo que se cancelar\u00e1 entre s\u00ed. El audio no se cancelar\u00e1 ya que solo se ingresa por el lado del habla del micr\u00f3fono. Te\u00f3ricamente, en un entorno con mucho ruido que entra por ambos lados del micr\u00f3fono al mismo tiempo, el ruido se cancelar\u00e1.<\/p>\n<p><img decoding=\"async\" class=\"alignnone wp-image-307 size-large\" src=\"http:\/\/siwoc.com\/wp-content\/uploads\/2025\/01\/3.-\u624b\u67c4\u6297\u566a\u539f\u7406\u56fe-1024x411.png\" alt=\"\" width=\"800\" height=\"321\" srcset=\"https:\/\/www.siwoc.com\/wp-content\/uploads\/2025\/01\/3.-\u624b\u67c4\u6297\u566a\u539f\u7406\u56fe-1024x411.png 1024w, https:\/\/www.siwoc.com\/wp-content\/uploads\/2025\/01\/3.-\u624b\u67c4\u6297\u566a\u539f\u7406\u56fe-300x120.png 300w, https:\/\/www.siwoc.com\/wp-content\/uploads\/2025\/01\/3.-\u624b\u67c4\u6297\u566a\u539f\u7406\u56fe-768x308.png 768w, https:\/\/www.siwoc.com\/wp-content\/uploads\/2025\/01\/3.-\u624b\u67c4\u6297\u566a\u539f\u7406\u56fe-1536x616.png 1536w, https:\/\/www.siwoc.com\/wp-content\/uploads\/2025\/01\/3.-\u624b\u67c4\u6297\u566a\u539f\u7406\u56fe-2048x822.png 2048w, https:\/\/www.siwoc.com\/wp-content\/uploads\/2025\/01\/3.-\u624b\u67c4\u6297\u566a\u539f\u7406\u56fe-18x7.png 18w, https:\/\/www.siwoc.com\/wp-content\/uploads\/2025\/01\/3.-\u624b\u67c4\u6297\u566a\u539f\u7406\u56fe-600x241.png 600w\" sizes=\"(max-width: 800px) 100vw, 800px\" \/><\/p>\n<p>&nbsp;<\/p>\n<p>&nbsp;<\/p>\n<p>&nbsp;<\/p>\n<p>&nbsp;<\/p>\n<p>&nbsp;<\/p>","protected":false},"excerpt":{"rendered":"<p>Este resistente tel\u00e9fono es el primer tel\u00e9fono militar dise\u00f1ado por SINIWO seg\u00fan el tel\u00e9fono H250. Como verdadero fabricante y f\u00e1brica en China con nuestro propio equipo de I+D, tenemos la capacidad de personalizar y dise\u00f1ar tel\u00e9fonos resistentes en nombre de SINIWO con costos competitivos y cantidades calificadas para ganar el mercado para los clientes.<\/p>","protected":false},"featured_media":299,"template":"","meta":[],"product_cat":[46,24],"product_tag":[48,49,47,50],"class_list":{"0":"post-298","1":"product","2":"type-product","3":"status-publish","4":"has-post-thumbnail","6":"product_cat-rugged-telephone-handset","7":"product_cat-telephone-handset","8":"product_tag-h250-handset","9":"product_tag-ip67-waterproof-grade","10":"product_tag-military-handset","11":"product_tag-military-radio-handset","13":"first","14":"instock","15":"shipping-taxable","16":"product-type-simple"},"_links":{"self":[{"href":"https:\/\/www.siwoc.com\/es\/wp-json\/wp\/v2\/product\/298","targetHints":{"allow":["GET"]}}],"collection":[{"href":"https:\/\/www.siwoc.com\/es\/wp-json\/wp\/v2\/product"}],"about":[{"href":"https:\/\/www.siwoc.com\/es\/wp-json\/wp\/v2\/types\/product"}],"version-history":[{"count":0,"href":"https:\/\/www.siwoc.com\/es\/wp-json\/wp\/v2\/product\/298\/revisions"}],"wp:featuredmedia":[{"embeddable":true,"href":"https:\/\/www.siwoc.com\/es\/wp-json\/wp\/v2\/media\/299"}],"wp:attachment":[{"href":"https:\/\/www.siwoc.com\/es\/wp-json\/wp\/v2\/media?parent=298"}],"wp:term":[{"taxonomy":"product_cat","embeddable":true,"href":"https:\/\/www.siwoc.com\/es\/wp-json\/wp\/v2\/product_cat?post=298"},{"taxonomy":"product_tag","embeddable":true,"href":"https:\/\/www.siwoc.com\/es\/wp-json\/wp\/v2\/product_tag?post=298"}],"curies":[{"name":"wp","href":"https:\/\/api.w.org\/{rel}","templated":true}]}}