{"id":309,"date":"2025-01-02T13:20:42","date_gmt":"2025-01-02T05:20:42","guid":{"rendered":"http:\/\/siwoc.com\/?post_type=product&#038;p=309"},"modified":"2025-01-02T14:54:29","modified_gmt":"2025-01-02T06:54:29","slug":"vandal-proof-industrial-keypad","status":"publish","type":"product","link":"https:\/\/www.siwoc.com\/es\/product\/vandal-proof-industrial-keypad\/","title":{"rendered":"Teclado industrial a prueba de vandalismo"},"content":{"rendered":"<h2>Par\u00e1metro del teclado industrial a prueba de vandalismo<\/h2>\n<table>\n<tbody>\n<tr>\n<td width=\"284\">N\u00famero de modelo<\/td>\n<td width=\"284\">B512<\/td>\n<\/tr>\n<tr>\n<td width=\"284\">Grado impermeable<\/td>\n<td width=\"284\">IP65<\/td>\n<\/tr>\n<tr>\n<td width=\"284\">Tarjeta de circuitos<\/td>\n<td width=\"284\">customized<\/td>\n<\/tr>\n<tr>\n<td width=\"284\">Solicitud<\/td>\n<td width=\"284\">tel\u00e9fono<\/td>\n<\/tr>\n<tr>\n<td width=\"284\">Color del marco clave<\/td>\n<td width=\"284\">customized<\/td>\n<\/tr>\n<tr>\n<td width=\"284\">Lugar de origen<\/td>\n<td width=\"284\">Zhejiang, China<\/td>\n<\/tr>\n<tr>\n<td width=\"284\">Material<\/td>\n<td width=\"284\">aleaci\u00f3n especial de zinc<\/td>\n<\/tr>\n<tr>\n<td width=\"284\">Garant\u00eda<\/td>\n<td width=\"284\">1 a\u00f1o<\/td>\n<\/tr>\n<tr>\n<td width=\"284\">Bot\u00f3n<\/td>\n<td width=\"284\">cromado brillante o cromado mate<\/td>\n<\/tr>\n<\/tbody>\n<\/table>\n<p>El teclado industrial a prueba de vandalismo producido por el fabricante SINIWO es ampliamente elogiado en el mercado por sus excelentes capacidades a prueba de vandalismo. Como teclado industrial, lo m\u00e1s importante es que sea resistente al desgaste. Como en algunos campos especiales, debemos desarrollar productos que prevengan los da\u00f1os.<\/p>\n<p><img fetchpriority=\"high\" decoding=\"async\" class=\"alignnone wp-image-315 size-full\" src=\"http:\/\/siwoc.com\/wp-content\/uploads\/2025\/01\/1.-\u5c3a\u5bf8\u56fe-1.jpg\" alt=\"\" width=\"488\" height=\"501\" srcset=\"https:\/\/www.siwoc.com\/wp-content\/uploads\/2025\/01\/1.-\u5c3a\u5bf8\u56fe-1.jpg 488w, https:\/\/www.siwoc.com\/wp-content\/uploads\/2025\/01\/1.-\u5c3a\u5bf8\u56fe-1-292x300.jpg 292w, https:\/\/www.siwoc.com\/wp-content\/uploads\/2025\/01\/1.-\u5c3a\u5bf8\u56fe-1-12x12.jpg 12w\" sizes=\"(max-width: 488px) 100vw, 488px\" \/><\/p>\n<h2>Caracter\u00edstica del teclado industrial a prueba de vandalismo<\/h2>\n<p>1. Los botones del teclado industrial a prueba de vandalismo est\u00e1n hechos de aleaci\u00f3n de zinc de alta calidad y tienen una gran resistencia al da\u00f1o. Se pueden utilizar en una variedad de campos especiales como protecci\u00f3n contra incendios, seguridad, prisiones y otros campos. Puede prevenir eficazmente que las llaves se da\u00f1en y garantizar la integridad del producto y la experiencia del cliente.<\/p>\n<p><img decoding=\"async\" class=\"alignnone wp-image-316 size-full\" src=\"http:\/\/siwoc.com\/wp-content\/uploads\/2025\/01\/2.-\u950c\u5408\u91d1\u5e94\u7528.jpg\" alt=\"\" width=\"750\" height=\"536\" srcset=\"https:\/\/www.siwoc.com\/wp-content\/uploads\/2025\/01\/2.-\u950c\u5408\u91d1\u5e94\u7528.jpg 750w, https:\/\/www.siwoc.com\/wp-content\/uploads\/2025\/01\/2.-\u950c\u5408\u91d1\u5e94\u7528-300x214.jpg 300w, https:\/\/www.siwoc.com\/wp-content\/uploads\/2025\/01\/2.-\u950c\u5408\u91d1\u5e94\u7528-18x12.jpg 18w, https:\/\/www.siwoc.com\/wp-content\/uploads\/2025\/01\/2.-\u950c\u5408\u91d1\u5e94\u7528-600x429.jpg 600w\" sizes=\"(max-width: 750px) 100vw, 750px\" \/><\/p>\n<p>2.El teclado industrial a prueba de vandalismo utiliza caucho de silicona conductivo natural, que es resistente a la intemperie, a la corrosi\u00f3n y antienvejecimiento. Puede adaptarse a entornos de alta y baja temperatura y evitar eficazmente da\u00f1os causados \u200b\u200bpor la temperatura en las teclas. Es muy duradero, tiene una larga vida \u00fatil y es rentable. El teclado industrial a prueba de vandalismo utiliza una PCB con dedo dorado de doble cara, que puede resistir eficazmente la oxidaci\u00f3n y mantener el teclado brillante y hermoso, con cierta textura.<\/p>\n<p>3.El color del bot\u00f3n del teclado industrial a prueba de vandalismo es cromo brillante o cromo mate. El color del marco clave se puede personalizar de acuerdo con los requisitos del cliente, y los clientes tambi\u00e9n pueden personalizar la interfaz.<\/p>\n<p><img decoding=\"async\" class=\"alignnone wp-image-318 size-full\" src=\"http:\/\/siwoc.com\/wp-content\/uploads\/2025\/01\/4.\u952e\u76d8\u5e38\u89c4\u7528\u63a5\u53e3\u56fe\u72472.jpg\" alt=\"\" width=\"750\" height=\"150\" srcset=\"https:\/\/www.siwoc.com\/wp-content\/uploads\/2025\/01\/4.\u952e\u76d8\u5e38\u89c4\u7528\u63a5\u53e3\u56fe\u72472.jpg 750w, https:\/\/www.siwoc.com\/wp-content\/uploads\/2025\/01\/4.\u952e\u76d8\u5e38\u89c4\u7528\u63a5\u53e3\u56fe\u72472-300x60.jpg 300w, https:\/\/www.siwoc.com\/wp-content\/uploads\/2025\/01\/4.\u952e\u76d8\u5e38\u89c4\u7528\u63a5\u53e3\u56fe\u72472-18x4.jpg 18w, https:\/\/www.siwoc.com\/wp-content\/uploads\/2025\/01\/4.\u952e\u76d8\u5e38\u89c4\u7528\u63a5\u53e3\u56fe\u72472-600x120.jpg 600w\" sizes=\"(max-width: 750px) 100vw, 750px\" \/><\/p>\n<p>&nbsp;<\/p>\n<p>&nbsp;<\/p>\n<p>&nbsp;<\/p>\n<p>&nbsp;<\/p>\n<p>&nbsp;<\/p>","protected":false},"excerpt":{"rendered":"<p>SINIWO es una f\u00e1brica especializada en la producci\u00f3n de teclados industriales a prueba de vandalismo desde 2005 para el mercado global de China. Seguimos innovando y esforz\u00e1ndonos por crear teclados industriales con excelentes capacidades a prueba de vandalismo.<\/p>","protected":false},"featured_media":311,"template":"","meta":[],"product_cat":[15,51],"product_tag":[54,52,55,53],"class_list":{"0":"post-309","1":"product","2":"type-product","3":"status-publish","4":"has-post-thumbnail","6":"product_cat-industrial-keypad","7":"product_cat-vandal-proof-industrial-keypad","8":"product_tag-4x4-matrix-keypad","9":"product_tag-industrial-keypad","10":"product_tag-metal-keypad","11":"product_tag-zinc-alloy-keypad","13":"first","14":"instock","15":"shipping-taxable","16":"product-type-simple"},"_links":{"self":[{"href":"https:\/\/www.siwoc.com\/es\/wp-json\/wp\/v2\/product\/309","targetHints":{"allow":["GET"]}}],"collection":[{"href":"https:\/\/www.siwoc.com\/es\/wp-json\/wp\/v2\/product"}],"about":[{"href":"https:\/\/www.siwoc.com\/es\/wp-json\/wp\/v2\/types\/product"}],"version-history":[{"count":0,"href":"https:\/\/www.siwoc.com\/es\/wp-json\/wp\/v2\/product\/309\/revisions"}],"wp:featuredmedia":[{"embeddable":true,"href":"https:\/\/www.siwoc.com\/es\/wp-json\/wp\/v2\/media\/311"}],"wp:attachment":[{"href":"https:\/\/www.siwoc.com\/es\/wp-json\/wp\/v2\/media?parent=309"}],"wp:term":[{"taxonomy":"product_cat","embeddable":true,"href":"https:\/\/www.siwoc.com\/es\/wp-json\/wp\/v2\/product_cat?post=309"},{"taxonomy":"product_tag","embeddable":true,"href":"https:\/\/www.siwoc.com\/es\/wp-json\/wp\/v2\/product_tag?post=309"}],"curies":[{"name":"wp","href":"https:\/\/api.w.org\/{rel}","templated":true}]}}