{"id":246,"date":"2025-01-13T18:57:14","date_gmt":"2025-01-13T10:57:14","guid":{"rendered":"http:\/\/siwoc.com\/?post_type=product&#038;p=246"},"modified":"2025-01-14T14:56:37","modified_gmt":"2025-01-14T06:56:37","slug":"weatherproof-telephone-handset","status":"publish","type":"product","link":"https:\/\/www.siwoc.com\/fr\/produit\/weatherproof-telephone-handset\/","title":{"rendered":"Combin\u00e9 t\u00e9l\u00e9phonique r\u00e9sistant aux intemp\u00e9ries"},"content":{"rendered":"<p>Ce combin\u00e9 t\u00e9l\u00e9phonique Siniwo T\u00e9l\u00e9phone est un combin\u00e9 t\u00e9l\u00e9phonique durable avec des fonctionnalit\u00e9s imperm\u00e9ables \u00e0 l'\u00e9preuve des intemp\u00e9ries et IP65. Ce combin\u00e9 t\u00e9l\u00e9phonique r\u00e9sistant aux intemp\u00e9ries est avec une surface robuste et un haut-parleur et un microphone de haute qualit\u00e9, con\u00e7us par Siniwo pour la station de t\u00e9l\u00e9communications de gaz et de p\u00e9trole, les t\u00e9l\u00e9phones d'urgence des ports maritimes, les t\u00e9l\u00e9phones publics qui n\u00e9cessitent une temp\u00e9rature ext\u00e9rieure extr\u00eamement inf\u00e9rieure.<\/p>\n<h2>Param\u00e8tre du combin\u00e9 t\u00e9l\u00e9phonique r\u00e9sistant aux intemp\u00e9ries<\/h2>\n<table>\n<tbody>\n<tr>\n<td width=\"284\">Mod\u00e8le n \u00b0<\/td>\n<td width=\"284\">A01<\/td>\n<\/tr>\n<tr>\n<td width=\"284\">Grade imperm\u00e9able<\/td>\n<td width=\"284\">IP65<\/td>\n<\/tr>\n<tr>\n<td width=\"284\">Bruit ambiant<\/td>\n<td width=\"284\">\u2264 60 dB<\/td>\n<\/tr>\n<tr>\n<td width=\"284\">Fr\u00e9quence de travail<\/td>\n<td width=\"284\">300 ~ 3400Hz<\/td>\n<\/tr>\n<tr>\n<td width=\"284\">SLR<\/td>\n<td width=\"284\">5 ~ 15 dB<\/td>\n<\/tr>\n<tr>\n<td width=\"284\">RLR<\/td>\n<td width=\"284\">-7 ~ 2 dB<\/td>\n<\/tr>\n<tr>\n<td width=\"284\">Temp\u00e9rature de travail<\/td>\n<td width=\"284\">Common: -20 \u2103 ~ + 40 \u2103<br \/>\nSp\u00e9cial: -40 \u2103 ~ + 50 \u2103<br \/>\n(Veuillez nous dire votre demande \u00e0 l'avance)<\/td>\n<\/tr>\n<tr>\n<td width=\"284\">Humidit\u00e9 relative<\/td>\n<td width=\"284\">\u226495%<\/td>\n<\/tr>\n<tr>\n<td width=\"284\">Pression atmosph\u00e9rique<\/td>\n<td width=\"284\">80 ~ 110kpa<\/td>\n<\/tr>\n<\/tbody>\n<\/table>\n<h2>Caract\u00e9ristique du combin\u00e9 t\u00e9l\u00e9phonique r\u00e9sistant aux intemp\u00e9ries<\/h2>\n<p>1. Son combin\u00e9 t\u00e9l\u00e9phonique r\u00e9sistant aux intemp\u00e9ries est con\u00e7u ergonomique et adapt\u00e9 \u00e0 la plupart des t\u00e9l\u00e9phones ext\u00e9rieurs. En tant que fabricant sp\u00e9cial dans les t\u00e9l\u00e9communications industrielles d\u00e9pos\u00e9es, nous avons une riche exp\u00e9rience dans le combin\u00e9 t\u00e9l\u00e9phonique de conception et fournissant des solutions aux clients.<\/p>\n<p><img fetchpriority=\"high\" decoding=\"async\" class=\"alignnone wp-image-251 size-full\" src=\"http:\/\/siwoc.com\/wp-content\/uploads\/2024\/12\/1.-A01\u5c3a\u5bf8\u56fe.jpg\" alt=\"\" width=\"440\" height=\"503\" srcset=\"https:\/\/www.siwoc.com\/wp-content\/uploads\/2024\/12\/1.-A01\u5c3a\u5bf8\u56fe.jpg 440w, https:\/\/www.siwoc.com\/wp-content\/uploads\/2024\/12\/1.-A01\u5c3a\u5bf8\u56fe-262x300.jpg 262w, https:\/\/www.siwoc.com\/wp-content\/uploads\/2024\/12\/1.-A01\u5c3a\u5bf8\u56fe-10x12.jpg 10w\" sizes=\"(max-width: 440px) 100vw, 440px\" \/><\/p>\n<p>2. Lorsque nous concevons un combin\u00e9 t\u00e9l\u00e9phonique \u00e0 l'\u00e9preuve des intemp\u00e9ries pour les gaz et la plate-forme p\u00e9troli\u00e8re ou le port maritime, la note \u00e9tanche et l'endurance \u00e0 l'environnement hostile sont les caract\u00e9ristiques prioritaires auxquelles penser. Nous prenons donc tous les d\u00e9tails en consid\u00e9ration des mat\u00e9riaux d'origine aux structures internes, aux composants \u00e9lectriques et au cordon boucl\u00e9 externe.<\/p>\n<p><img decoding=\"async\" class=\"alignnone wp-image-252 size-full\" src=\"http:\/\/siwoc.com\/wp-content\/uploads\/2024\/12\/2.\u7fd4\u9f99\u77f3\u5316\u884c\u4e1a\u624b\u67c4\u6848\u4f8b.jpg\" alt=\"\" width=\"750\" height=\"668\" srcset=\"https:\/\/www.siwoc.com\/wp-content\/uploads\/2024\/12\/2.\u7fd4\u9f99\u77f3\u5316\u884c\u4e1a\u624b\u67c4\u6848\u4f8b.jpg 750w, https:\/\/www.siwoc.com\/wp-content\/uploads\/2024\/12\/2.\u7fd4\u9f99\u77f3\u5316\u884c\u4e1a\u624b\u67c4\u6848\u4f8b-300x267.jpg 300w, https:\/\/www.siwoc.com\/wp-content\/uploads\/2024\/12\/2.\u7fd4\u9f99\u77f3\u5316\u884c\u4e1a\u624b\u67c4\u6848\u4f8b-13x12.jpg 13w, https:\/\/www.siwoc.com\/wp-content\/uploads\/2024\/12\/2.\u7fd4\u9f99\u77f3\u5316\u884c\u4e1a\u624b\u67c4\u6848\u4f8b-600x534.jpg 600w\" sizes=\"(max-width: 750px) 100vw, 750px\" \/><\/p>\n<p>3.Pour ces combin\u00e9s t\u00e9l\u00e9phoniques r\u00e9sistants aux intemp\u00e9ries utilis\u00e9s dans un environnement s\u00e9v\u00e8re, le mat\u00e9riau PC anti-UV Lexan ou les mat\u00e9riaux ABS charg\u00e9s en carbone sont disponibles pour diff\u00e9rents usages; Diff\u00e9rents microphones et haut-parleur d'imp\u00e9dance sont associ\u00e9s \u00e0 diverses carte m\u00e8re; Le haut-parleur de fonction auditif et le microphone r\u00e9duisant le bruit sont disponibles pour diff\u00e9rents utilisateurs.<br \/>\n4. D\u00e9tails du cordon boucl\u00e9 externe du combin\u00e9 t\u00e9l\u00e9phonique \u00e0 l'\u00e9preuve du temps.<br \/>\n-Pvc CORLY CORLY (par d\u00e9faut), temp\u00e9rature de travail: -20 \u2103 ~ + 40 \u2103<br \/>\n- Longueur du cordon standard de 9 pouces en r\u00e9traction, 6 pieds apr\u00e8s \u00e9tendue (par d\u00e9faut)<br \/>\n- Une longueur diff\u00e9rente personnalis\u00e9e est disponible.<br \/>\n-Corde boucl\u00e9 en PVC r\u00e9sistant \u00e0 la manche (facultative), temp\u00e9rature de travail: -30 \u2103 ~ + 50 \u2103<br \/>\n- Cordon boucl\u00e9 de l'hytrel (facultatif) Temp\u00e9rature de travail: -40 \u2103 ~ + 100 \u2103<\/p>\n<p><img decoding=\"async\" class=\"alignnone wp-image-255 size-full\" src=\"http:\/\/siwoc.com\/wp-content\/uploads\/2024\/12\/5.\u624b\u67c4\u6d4b\u8bd5\u8bbe\u5907\u6d41\u7a0b.jpg\" alt=\"\" width=\"750\" height=\"688\" srcset=\"https:\/\/www.siwoc.com\/wp-content\/uploads\/2024\/12\/5.\u624b\u67c4\u6d4b\u8bd5\u8bbe\u5907\u6d41\u7a0b.jpg 750w, https:\/\/www.siwoc.com\/wp-content\/uploads\/2024\/12\/5.\u624b\u67c4\u6d4b\u8bd5\u8bbe\u5907\u6d41\u7a0b-300x275.jpg 300w, https:\/\/www.siwoc.com\/wp-content\/uploads\/2024\/12\/5.\u624b\u67c4\u6d4b\u8bd5\u8bbe\u5907\u6d41\u7a0b-13x12.jpg 13w, https:\/\/www.siwoc.com\/wp-content\/uploads\/2024\/12\/5.\u624b\u67c4\u6d4b\u8bd5\u8bbe\u5907\u6d41\u7a0b-600x550.jpg 600w\" sizes=\"(max-width: 750px) 100vw, 750px\" \/><\/p>\n<p>5. Pour ce combin\u00e9 t\u00e9l\u00e9phonique r\u00e9sistant aux intemp\u00e9ries, nous acceptons la personnalisation de la couleur et de l'impression du logo. La couleur r\u00e9guli\u00e8re en stock est en noir et rouge. Toute autre couleur pourrait \u00eatre personnalis\u00e9e en fonction du pantone n \u00b0 ou de l'\u00e9chantillon de couleur.<\/p>\n<p><img loading=\"lazy\" decoding=\"async\" class=\"alignnone wp-image-254 size-full\" src=\"http:\/\/siwoc.com\/wp-content\/uploads\/2024\/12\/4.\u53ef\u9009\u989c\u8272.jpg\" alt=\"\" width=\"750\" height=\"500\" srcset=\"https:\/\/www.siwoc.com\/wp-content\/uploads\/2024\/12\/4.\u53ef\u9009\u989c\u8272.jpg 750w, https:\/\/www.siwoc.com\/wp-content\/uploads\/2024\/12\/4.\u53ef\u9009\u989c\u8272-300x200.jpg 300w, https:\/\/www.siwoc.com\/wp-content\/uploads\/2024\/12\/4.\u53ef\u9009\u989c\u8272-18x12.jpg 18w, https:\/\/www.siwoc.com\/wp-content\/uploads\/2024\/12\/4.\u53ef\u9009\u989c\u8272-600x400.jpg 600w\" sizes=\"(max-width: 750px) 100vw, 750px\" \/><\/p>\n<p>6.Il ce combin\u00e9 t\u00e9l\u00e9phonique r\u00e9sistant aux intemp\u00e9ries est non seulement utilis\u00e9 dans les t\u00e9l\u00e9phones, mais aussi dans le kiosque ext\u00e9rieur et le distributeur automatique. Ainsi, le terminal du combin\u00e9 pourrait \u00eatre effectu\u00e9 en fonction de la demande des clients compl\u00e8tement.<\/p>\n<p><img loading=\"lazy\" decoding=\"async\" class=\"alignnone wp-image-253 size-full\" src=\"http:\/\/siwoc.com\/wp-content\/uploads\/2024\/12\/3.\u624b\u67c4\u63a5\u53e3\u56fe\u72472.jpg\" alt=\"\" width=\"750\" height=\"300\" srcset=\"https:\/\/www.siwoc.com\/wp-content\/uploads\/2024\/12\/3.\u624b\u67c4\u63a5\u53e3\u56fe\u72472.jpg 750w, https:\/\/www.siwoc.com\/wp-content\/uploads\/2024\/12\/3.\u624b\u67c4\u63a5\u53e3\u56fe\u72472-300x120.jpg 300w, https:\/\/www.siwoc.com\/wp-content\/uploads\/2024\/12\/3.\u624b\u67c4\u63a5\u53e3\u56fe\u72472-18x7.jpg 18w, https:\/\/www.siwoc.com\/wp-content\/uploads\/2024\/12\/3.\u624b\u67c4\u63a5\u53e3\u56fe\u72472-600x240.jpg 600w\" sizes=\"(max-width: 750px) 100vw, 750px\" \/><\/p>\n<p>&nbsp;<\/p>","protected":false},"excerpt":{"rendered":"<p>Siniwo est un fabricant et fournisseur d'origine pour les combin\u00e9s t\u00e9l\u00e9phoniques \u00e0 l'\u00e9preuve des intemp\u00e9ries en Chine. Avec une \u00e9quipe de R&amp;D riche exp\u00e9rience dans ce d\u00e9pos\u00e9, nous pourrions offrir la meilleure solution professionnelle aux clients ayant un prix comp\u00e9titif de la maison et de l'\u00e9tranger. Nous avons \u00e9t\u00e9 la premi\u00e8re usine de combin\u00e9s t\u00e9l\u00e9phoniques sur les intemp\u00e9ries en Chine selon la demande des clients.<\/p>\n<p>&nbsp;<\/p>","protected":false},"featured_media":250,"template":"","meta":[],"product_cat":[115,24,25],"product_tag":[28,29,27,26],"class_list":{"0":"post-246","1":"product","2":"type-product","3":"status-publish","4":"has-post-thumbnail","6":"product_cat-hot-selling-product","7":"product_cat-telephone-handset","8":"product_cat-weatherproof-telephone-handset","9":"product_tag-industrial-telephone","10":"product_tag-ip65-outdoor-telephone","11":"product_tag-waterproof-telephone","12":"product_tag-weatherproof-telephone-handset","14":"first","15":"instock","16":"shipping-taxable","17":"product-type-simple"},"_links":{"self":[{"href":"https:\/\/www.siwoc.com\/fr\/wp-json\/wp\/v2\/product\/246","targetHints":{"allow":["GET"]}}],"collection":[{"href":"https:\/\/www.siwoc.com\/fr\/wp-json\/wp\/v2\/product"}],"about":[{"href":"https:\/\/www.siwoc.com\/fr\/wp-json\/wp\/v2\/types\/product"}],"version-history":[{"count":0,"href":"https:\/\/www.siwoc.com\/fr\/wp-json\/wp\/v2\/product\/246\/revisions"}],"wp:featuredmedia":[{"embeddable":true,"href":"https:\/\/www.siwoc.com\/fr\/wp-json\/wp\/v2\/media\/250"}],"wp:attachment":[{"href":"https:\/\/www.siwoc.com\/fr\/wp-json\/wp\/v2\/media?parent=246"}],"wp:term":[{"taxonomy":"product_cat","embeddable":true,"href":"https:\/\/www.siwoc.com\/fr\/wp-json\/wp\/v2\/product_cat?post=246"},{"taxonomy":"product_tag","embeddable":true,"href":"https:\/\/www.siwoc.com\/fr\/wp-json\/wp\/v2\/product_tag?post=246"}],"curies":[{"name":"wp","href":"https:\/\/api.w.org\/{rel}","templated":true}]}}