{"id":257,"date":"2024-12-31T15:53:34","date_gmt":"2024-12-31T07:53:34","guid":{"rendered":"http:\/\/siwoc.com\/?post_type=product&#038;p=257"},"modified":"2024-12-31T16:35:47","modified_gmt":"2024-12-31T08:35:47","slug":"jail-telephone-handset","status":"publish","type":"product","link":"https:\/\/www.siwoc.com\/fr\/produit\/jail-telephone-handset\/","title":{"rendered":"Combin\u00e9 de t\u00e9l\u00e9phonie de prison"},"content":{"rendered":"<p>Le combin\u00e9 de t\u00e9l\u00e9phonie de prison de Siniwo est con\u00e7u pour rencontrer ou battre toutes les sp\u00e9cifications publi\u00e9es pour les combin\u00e9s \u00e0 utiliser sur les terminaux publics en prison. Le combin\u00e9 a des caract\u00e9ristiques de r\u00e9sistance et de durabilit\u00e9 qui d\u00e9passent tout combin\u00e9 fabriqu\u00e9 en Chine. Ce combin\u00e9 t\u00e9l\u00e9phonique de prison fabriqu\u00e9 par Siniwo est avec une conception \u00e0 l'\u00e9preuve des vandales, une surface robuste et un espace scell\u00e9, qui est s\u00fbr \u00e0 utiliser dans les prisons.<\/p>\n<div><iframe title=\"Lecteur vid\u00e9o YouTube\" src=\"https:\/\/www.youtube.com\/embed\/yzT2NPSuHno?si=HqUnPgzJ9rdN6sic\" width=\"560\" height=\"315\" frameborder=\"0\" allowfullscreen=\"allowfullscreen\"><\/iframe>\n<\/div>\n<h2>Param\u00e8tre du combin\u00e9 t\u00e9l\u00e9phonique de prison<\/h2>\n<table>\n<tbody>\n<tr>\n<td width=\"284\">Mod\u00e8le n \u00b0<\/td>\n<td width=\"284\">A02<\/td>\n<\/tr>\n<tr>\n<td width=\"284\">Grade imperm\u00e9able<\/td>\n<td width=\"284\">IP65<\/td>\n<\/tr>\n<tr>\n<td width=\"284\">Bruit ambiant<\/td>\n<td width=\"284\">\u2264 60 dB<\/td>\n<\/tr>\n<tr>\n<td width=\"284\">Fr\u00e9quence de travail<\/td>\n<td width=\"284\">300 ~ 3400Hz<\/td>\n<\/tr>\n<tr>\n<td width=\"284\">SLR<\/td>\n<td width=\"284\">5 ~ 15 dB<\/td>\n<\/tr>\n<tr>\n<td width=\"284\">RLR<\/td>\n<td width=\"284\">-7 ~ 2 dB<\/td>\n<\/tr>\n<tr>\n<td width=\"284\">Temp\u00e9rature de travail<\/td>\n<td width=\"284\">Common: -30 \u2103 ~ + 50 \u2103<\/td>\n<\/tr>\n<tr>\n<td width=\"284\">Humidit\u00e9 relative<\/td>\n<td width=\"284\">\u226495%<\/td>\n<\/tr>\n<tr>\n<td width=\"284\">Pression atmosph\u00e9rique<\/td>\n<td width=\"284\">80 ~ 110kpa<\/td>\n<\/tr>\n<tr>\n<td width=\"284\">Tirer la force<\/td>\n<td width=\"284\">Personnalis\u00e9<\/td>\n<\/tr>\n<\/tbody>\n<\/table>\n<h2>Caract\u00e9ristique du combin\u00e9 t\u00e9l\u00e9phonique de prison<\/h2>\n<p>1.Il un combin\u00e9 t\u00e9l\u00e9phonique de prison utilis\u00e9 dans les prisons, l'anti-vandalisme et les caract\u00e9ristiques de s\u00e9curit\u00e9 sont les principaux facteurs que nous devons consid\u00e9rer. Ensuite, comment am\u00e9liorer la s\u00e9curit\u00e9 des combin\u00e9s t\u00e9l\u00e9phoniques de la prison et \u00e9viter qu'il devienne une arme ou des drogues de possession par les prisonniers? De la structure, nous colletons les capuchons du combin\u00e9 avec un couple d'\u00e9limination de 130 pieds-livres. Cela garantit que les plafonds ne peuvent pas \u00eatre supprim\u00e9s par le public \u00e0 l'aide de petits outils \u00e0 main ou des mains nues. \u00c0 titre de comparaison, les boulons de roue pour les pneus de voiture n\u00e9cessitent environ 75 lb-lb de couple \u00e0 retirer.<\/p>\n<p><img fetchpriority=\"high\" decoding=\"async\" class=\"alignnone wp-image-264 size-full\" src=\"http:\/\/siwoc.com\/wp-content\/uploads\/2024\/12\/1.-A02\u5c3a\u5bf8\u56fe.jpg\" alt=\"\" width=\"449\" height=\"500\" srcset=\"https:\/\/www.siwoc.com\/wp-content\/uploads\/2024\/12\/1.-A02\u5c3a\u5bf8\u56fe.jpg 449w, https:\/\/www.siwoc.com\/wp-content\/uploads\/2024\/12\/1.-A02\u5c3a\u5bf8\u56fe-269x300.jpg 269w, https:\/\/www.siwoc.com\/wp-content\/uploads\/2024\/12\/1.-A02\u5c3a\u5bf8\u56fe-11x12.jpg 11w\" sizes=\"(max-width: 449px) 100vw, 449px\" \/><\/p>\n<p>2. Ce combin\u00e9 de t\u00e9l\u00e9phonie de prison est principalement con\u00e7u pour les t\u00e9l\u00e9phones, la tablette PC, le kiosque ou les distributeurs automatiques en prison. Pour une application diff\u00e9rente, le combin\u00e9 demande diff\u00e9rentes connexions de cordon de longueur et \u00e9lectriques. Pour les t\u00e9l\u00e9phones, la connexion r\u00e9guli\u00e8re est des connecteurs AMP, mais pour PC ou Kiosque, normalement USB-A ou DC Jack est demand\u00e9.<\/p>\n<p><img decoding=\"async\" class=\"alignnone wp-image-265 size-full\" src=\"http:\/\/siwoc.com\/wp-content\/uploads\/2024\/12\/2.-\u7fd4\u9f99\u76d1\u72f1\u624b\u67c4\u6848\u4f8b.jpg\" alt=\"\" width=\"750\" height=\"668\" srcset=\"https:\/\/www.siwoc.com\/wp-content\/uploads\/2024\/12\/2.-\u7fd4\u9f99\u76d1\u72f1\u624b\u67c4\u6848\u4f8b.jpg 750w, https:\/\/www.siwoc.com\/wp-content\/uploads\/2024\/12\/2.-\u7fd4\u9f99\u76d1\u72f1\u624b\u67c4\u6848\u4f8b-300x267.jpg 300w, https:\/\/www.siwoc.com\/wp-content\/uploads\/2024\/12\/2.-\u7fd4\u9f99\u76d1\u72f1\u624b\u67c4\u6848\u4f8b-13x12.jpg 13w, https:\/\/www.siwoc.com\/wp-content\/uploads\/2024\/12\/2.-\u7fd4\u9f99\u76d1\u72f1\u624b\u67c4\u6848\u4f8b-600x534.jpg 600w\" sizes=\"(max-width: 750px) 100vw, 750px\" \/><\/p>\n<h2>D\u00e9tails de cordon boucl\u00e9 externe du combin\u00e9 de prison<\/h2>\n<p>Entrelace flexible en acier inoxydable Sus304 Cordon blind\u00e9 en acier inoxydable (par d\u00e9faut)<br \/>\n- Longueur de cordon blind\u00e9 standard 32 pouces et 10 pouces, 12 pouces, 18 pouces et 23 pouces est facultative.<br \/>\n- Inclure la longe en acier qui est ancr\u00e9e \u00e0 la coquille t\u00e9l\u00e9phonique. La corde en acier appari\u00e9e est avec une r\u00e9sistance \u00e0 la traction diff\u00e9rente.<br \/>\n- Dia: 1,6 mm, 0,063 \u201d, charge de test: 170 kg, 375 lb.<br \/>\n- Dia: 2,0 mm, 0,078 \u201d, Tirez la charge de test: 250 kg, 551 lb.<br \/>\n- Dia: 2,5 mm, 0,095 \u201d, Tirez la charge de test: 450 kg, 992 lb.<\/p>\n<p><img decoding=\"async\" class=\"alignnone wp-image-266 size-full\" src=\"http:\/\/siwoc.com\/wp-content\/uploads\/2024\/12\/3.\u624b\u67c4\u6d4b\u8bd5\u8bbe\u5907\u6d41\u7a0b.jpg\" alt=\"\" width=\"750\" height=\"688\" srcset=\"https:\/\/www.siwoc.com\/wp-content\/uploads\/2024\/12\/3.\u624b\u67c4\u6d4b\u8bd5\u8bbe\u5907\u6d41\u7a0b.jpg 750w, https:\/\/www.siwoc.com\/wp-content\/uploads\/2024\/12\/3.\u624b\u67c4\u6d4b\u8bd5\u8bbe\u5907\u6d41\u7a0b-300x275.jpg 300w, https:\/\/www.siwoc.com\/wp-content\/uploads\/2024\/12\/3.\u624b\u67c4\u6d4b\u8bd5\u8bbe\u5907\u6d41\u7a0b-13x12.jpg 13w, https:\/\/www.siwoc.com\/wp-content\/uploads\/2024\/12\/3.\u624b\u67c4\u6d4b\u8bd5\u8bbe\u5907\u6d41\u7a0b-600x550.jpg 600w\" sizes=\"(max-width: 750px) 100vw, 750px\" \/><\/p>\n<h2>D\u00e9tails de fil de combin\u00e9 t\u00e9l\u00e9phonique de prison<\/h2>\n<p>Un fil \u00e9chou\u00e9 d'au moins 26 calibre est utilis\u00e9 pour assurer une bonne qualit\u00e9 de transmission et une flexibilit\u00e9 toute durabilit\u00e9. L'isolation est le t\u00e9flon, qui ne supporte pas une flamme de la chaleur. (Les briquets de cigarettes sur d'autres types d'isolation feront prendre feu et br\u00fbler l'isolation.) La plupart des concurrents utilisent un fil de jauge plus petit et une isolation moins ch\u00e8re, entra\u00eenant des probl\u00e8mes potentiels pour la transmission et le feu.<\/p>\n<p>&nbsp;<\/p>\n<p>&nbsp;<\/p>\n<p>&nbsp;<\/p>","protected":false},"excerpt":{"rendered":"<p>Siniwo est une usine d'origine et fournisseur de combin\u00e9s t\u00e9l\u00e9phoniques de prison en Chine. Nous avons un distributeur de combin\u00e9s t\u00e9l\u00e9phoniques de prison sur le march\u00e9 nord-am\u00e9ricain, qui pourrait offrir un d\u00e9lai de livraison rapide et apr\u00e8s le service de vente. Nous recherchons un distributeur qualifi\u00e9 ou un grossiste de combin\u00e9 t\u00e9l\u00e9phonique de prison en tant que partenaire \u00e0 long terme sur le march\u00e9 mondial.<\/p>","protected":false},"featured_media":258,"template":"","meta":[],"product_cat":[30,24],"product_tag":[33,31,32,35,34],"class_list":{"0":"post-257","1":"product","2":"type-product","3":"status-publish","4":"has-post-thumbnail","6":"product_cat-jail-telephone-handset","7":"product_cat-telephone-handset","8":"product_tag-inmate-telephone-handset","9":"product_tag-jail-telphone-handset","10":"product_tag-prison-phone-handset","11":"product_tag-rugged-telephone-handset","12":"product_tag-vandal-proof-telephone-handset","14":"first","15":"instock","16":"shipping-taxable","17":"product-type-simple"},"_links":{"self":[{"href":"https:\/\/www.siwoc.com\/fr\/wp-json\/wp\/v2\/product\/257","targetHints":{"allow":["GET"]}}],"collection":[{"href":"https:\/\/www.siwoc.com\/fr\/wp-json\/wp\/v2\/product"}],"about":[{"href":"https:\/\/www.siwoc.com\/fr\/wp-json\/wp\/v2\/types\/product"}],"version-history":[{"count":0,"href":"https:\/\/www.siwoc.com\/fr\/wp-json\/wp\/v2\/product\/257\/revisions"}],"wp:featuredmedia":[{"embeddable":true,"href":"https:\/\/www.siwoc.com\/fr\/wp-json\/wp\/v2\/media\/258"}],"wp:attachment":[{"href":"https:\/\/www.siwoc.com\/fr\/wp-json\/wp\/v2\/media?parent=257"}],"wp:term":[{"taxonomy":"product_cat","embeddable":true,"href":"https:\/\/www.siwoc.com\/fr\/wp-json\/wp\/v2\/product_cat?post=257"},{"taxonomy":"product_tag","embeddable":true,"href":"https:\/\/www.siwoc.com\/fr\/wp-json\/wp\/v2\/product_tag?post=257"}],"curies":[{"name":"wp","href":"https:\/\/api.w.org\/{rel}","templated":true}]}}