{"id":271,"date":"2024-12-31T16:38:24","date_gmt":"2024-12-31T08:38:24","guid":{"rendered":"http:\/\/siwoc.com\/?post_type=product&#038;p=271"},"modified":"2025-01-13T17:40:43","modified_gmt":"2025-01-13T09:40:43","slug":"abs-plastic-ptt-switch-industrial-telephone-handset","status":"publish","type":"product","link":"https:\/\/www.siwoc.com\/fr\/produit\/abs-plastic-ptt-switch-industrial-telephone-handset\/","title":{"rendered":"ABS PLAST PLAST PTT Switch Industrial T\u00e9l\u00e9phone industriel"},"content":{"rendered":"<h2>Param\u00e8tre du Switch PTT PTT PTT ABS COMBSET T\u00c9L\u00c9PHONE INDUSTRIEL<\/h2>\n<div>\n<table>\n<tbody>\n<tr>\n<td width=\"49.3400%\">Mod\u00e8le n \u00b0<\/td>\n<td width=\"50.6400%\">A05 + L33<\/td>\n<\/tr>\n<tr>\n<td width=\"49.3400%\">Grade imperm\u00e9able<\/td>\n<td width=\"50.6400%\">IP54<\/td>\n<\/tr>\n<tr>\n<td width=\"49.3400%\">Faire fonctionner la temp\u00e9rature<\/td>\n<td width=\"50.6400%\">-30\uff5e+65\u2103<\/td>\n<\/tr>\n<tr>\n<td width=\"49.3400%\">Temp\u00e9rature de stockage<\/td>\n<td width=\"50.6400%\">-40\uff5e+85\u2103<\/td>\n<\/tr>\n<tr>\n<td width=\"49.3400%\">Humidit\u00e9 relative<\/td>\n<td width=\"50.6400%\">30%-90%RH<\/td>\n<\/tr>\n<tr>\n<td width=\"49.3400%\">Pression atmosph\u00e9rique<\/td>\n<td width=\"50.6400%\">60 ~ 106 kpa<\/td>\n<\/tr>\n<tr>\n<td width=\"49.3400%\">mat\u00e9riel<\/td>\n<td width=\"50.6400%\">Abs approuv\u00e9s UL<\/td>\n<\/tr>\n<tr>\n<td width=\"49.3400%\">Type PTT<\/td>\n<td width=\"50.6400%\">Bouton PTT rond<\/td>\n<\/tr>\n<tr>\n<td width=\"49.3400%\">Type de contr\u00f4le<\/td>\n<td width=\"50.6400%\">Personnalis\u00e9<\/td>\n<\/tr>\n<tr>\n<td width=\"49.3400%\">caract\u00e9ristiques<\/td>\n<td width=\"50.6400%\">Avec un support de shake<\/td>\n<\/tr>\n<\/tbody>\n<\/table>\n<\/div>\n<p>Le combin\u00e9 de t\u00e9l\u00e9phone industriel PTT PLAST PLAST SINIWO ABS est fabriqu\u00e9 avec une base appari\u00e9e, qui est largement utilis\u00e9e dans un v\u00e9hicule cahoteux, avec un aimant fort pour maintenir le combin\u00e9 \u00e9troitement avec des caract\u00e9ristiques de Shake Proof.<\/p>\n<p><iframe title=\"Lecteur vid\u00e9o YouTube\" src=\"https:\/\/www.youtube.com\/embed\/iyzDdBuVMyA?si=o7gt8LDfMRazK4p7\" width=\"560\" height=\"315\" frameborder=\"0\" allowfullscreen=\"allowfullscreen\"><\/iframe><\/p>\n<h2>Caract\u00e9ristique du Switch PTT Switch ABS PTT Switch Industrial T\u00e9l\u00e9phone<\/h2>\n<p>1. Siniwo ABS PLAST PLAST PTT Switch T\u00e9l\u00e9phone industriel est con\u00e7u pour les v\u00e9hicules cahoteux qui ont besoin de combin\u00e9s \u00e0 \u00e9preuves pour les radios de v\u00e9hicule. Avec un aimant fort \u00e0 l'int\u00e9rieur du combin\u00e9 et du support, le combin\u00e9 ne peut pas se d\u00e9placer librement lorsque vous mettez le support. Avec le bouton PTT, il pourrait contr\u00f4ler le microphone et le haut-parleur comme demande.<\/p>\n<p><img fetchpriority=\"high\" decoding=\"async\" class=\"alignnone wp-image-274 size-full\" src=\"http:\/\/siwoc.com\/wp-content\/uploads\/2024\/12\/1.\u5c3a\u5bf8\u56fe.png\" alt=\"\" width=\"1002\" height=\"741\" srcset=\"https:\/\/www.siwoc.com\/wp-content\/uploads\/2024\/12\/1.\u5c3a\u5bf8\u56fe.png 1002w, https:\/\/www.siwoc.com\/wp-content\/uploads\/2024\/12\/1.\u5c3a\u5bf8\u56fe-300x222.png 300w, https:\/\/www.siwoc.com\/wp-content\/uploads\/2024\/12\/1.\u5c3a\u5bf8\u56fe-768x568.png 768w, https:\/\/www.siwoc.com\/wp-content\/uploads\/2024\/12\/1.\u5c3a\u5bf8\u56fe-16x12.png 16w, https:\/\/www.siwoc.com\/wp-content\/uploads\/2024\/12\/1.\u5c3a\u5bf8\u56fe-600x444.png 600w\" sizes=\"(max-width: 1002px) 100vw, 1002px\" \/><\/p>\n<p>2.Siniwo ABS PLAST PLAST PTT Switch T\u00e9l\u00e9phone industriel est largement utilis\u00e9 pour les v\u00e9hicules cahoteux et la couleur peut \u00e9galement \u00eatre personnalis\u00e9e pour correspondre \u00e0 la couleur de vos v\u00e9hicules, quelle que soit la couleur rouge, blanc, bleu ou orange. Mais Siniwo a une demande MOQ pour diff\u00e9rentes couleurs, veuillez donc contacter avec nous pour plus de d\u00e9tails.<\/p>\n<p><img decoding=\"async\" class=\"alignnone wp-image-275 size-full\" src=\"http:\/\/siwoc.com\/wp-content\/uploads\/2024\/12\/2.\u53ef\u9009\u989c\u8272.jpg\" alt=\"\" width=\"750\" height=\"500\" srcset=\"https:\/\/www.siwoc.com\/wp-content\/uploads\/2024\/12\/2.\u53ef\u9009\u989c\u8272.jpg 750w, https:\/\/www.siwoc.com\/wp-content\/uploads\/2024\/12\/2.\u53ef\u9009\u989c\u8272-300x200.jpg 300w, https:\/\/www.siwoc.com\/wp-content\/uploads\/2024\/12\/2.\u53ef\u9009\u989c\u8272-18x12.jpg 18w, https:\/\/www.siwoc.com\/wp-content\/uploads\/2024\/12\/2.\u53ef\u9009\u989c\u8272-600x400.jpg 600w\" sizes=\"(max-width: 750px) 100vw, 750px\" \/><\/p>\n<p>3.Siniwoabs Le combin\u00e9 de t\u00e9l\u00e9phone industriel PTT Switch en plastique pourrait \u00eatre exp\u00e9di\u00e9 par International Express, par air ou par oc\u00e9an, avec un service de porte \u00e0 porte ou un service de port \u00e0 port. Siniwo a un transfert fiable pour g\u00e9rer les choses d'exp\u00e9dition pour les clients avec un prix plus rapide, s\u00fbr et comp\u00e9titif et un service de d\u00e9lais de courte dur\u00e9e. Normalement, il faut 5 jours ouvrables pour International Express et 7 jours ouvrables pour l'exp\u00e9dition a\u00e9rienne.<\/p>\n<p><img decoding=\"async\" class=\"alignnone wp-image-276 size-full\" src=\"http:\/\/siwoc.com\/wp-content\/uploads\/2024\/12\/3.-\u8fd0\u8f93\u56fe.jpg\" alt=\"\" width=\"750\" height=\"424\" srcset=\"https:\/\/www.siwoc.com\/wp-content\/uploads\/2024\/12\/3.-\u8fd0\u8f93\u56fe.jpg 750w, https:\/\/www.siwoc.com\/wp-content\/uploads\/2024\/12\/3.-\u8fd0\u8f93\u56fe-300x170.jpg 300w, https:\/\/www.siwoc.com\/wp-content\/uploads\/2024\/12\/3.-\u8fd0\u8f93\u56fe-18x10.jpg 18w, https:\/\/www.siwoc.com\/wp-content\/uploads\/2024\/12\/3.-\u8fd0\u8f93\u56fe-600x339.jpg 600w\" sizes=\"(max-width: 750px) 100vw, 750px\" \/><\/p>\n<p>&nbsp;<\/p>\n<p>&nbsp;<\/p>\n<p>&nbsp;<\/p>\n<p>&nbsp;<\/p>\n<p>&nbsp;<\/p>","protected":false},"excerpt":{"rendered":"<p>Siniwo se concentre pour \u00eatre un fabricant int\u00e9gr\u00e9 de l'industrie mondiale en Chine du combin\u00e9 de t\u00e9l\u00e9phone industriel PTT Switch ABS en plastique. Siniwo a \u00e9largi son usine avec un atelier d'injection de moulage, un atelier de punch, un atelier de traitement de feuille, un atelier SMT et un atelier d'assemblage cette ann\u00e9e pour offrir un service int\u00e9gr\u00e9 pour le client.<\/p>","protected":false},"featured_media":273,"template":"","meta":[],"product_cat":[36,24],"product_tag":[33,31,32,35,34],"class_list":{"0":"post-271","1":"product","2":"type-product","3":"status-publish","4":"has-post-thumbnail","6":"product_cat-abs-plastic-ptt-switch-industrial-telephone-handset","7":"product_cat-telephone-handset","8":"product_tag-inmate-telephone-handset","9":"product_tag-jail-telphone-handset","10":"product_tag-prison-phone-handset","11":"product_tag-rugged-telephone-handset","12":"product_tag-vandal-proof-telephone-handset","14":"first","15":"instock","16":"shipping-taxable","17":"product-type-simple"},"_links":{"self":[{"href":"https:\/\/www.siwoc.com\/fr\/wp-json\/wp\/v2\/product\/271","targetHints":{"allow":["GET"]}}],"collection":[{"href":"https:\/\/www.siwoc.com\/fr\/wp-json\/wp\/v2\/product"}],"about":[{"href":"https:\/\/www.siwoc.com\/fr\/wp-json\/wp\/v2\/types\/product"}],"version-history":[{"count":0,"href":"https:\/\/www.siwoc.com\/fr\/wp-json\/wp\/v2\/product\/271\/revisions"}],"wp:featuredmedia":[{"embeddable":true,"href":"https:\/\/www.siwoc.com\/fr\/wp-json\/wp\/v2\/media\/273"}],"wp:attachment":[{"href":"https:\/\/www.siwoc.com\/fr\/wp-json\/wp\/v2\/media?parent=271"}],"wp:term":[{"taxonomy":"product_cat","embeddable":true,"href":"https:\/\/www.siwoc.com\/fr\/wp-json\/wp\/v2\/product_cat?post=271"},{"taxonomy":"product_tag","embeddable":true,"href":"https:\/\/www.siwoc.com\/fr\/wp-json\/wp\/v2\/product_tag?post=271"}],"curies":[{"name":"wp","href":"https:\/\/api.w.org\/{rel}","templated":true}]}}