{"id":280,"date":"2025-01-02T11:18:02","date_gmt":"2025-01-02T03:18:02","guid":{"rendered":"http:\/\/siwoc.com\/?post_type=product&#038;p=280"},"modified":"2025-01-02T11:32:14","modified_gmt":"2025-01-02T03:32:14","slug":"ptt-switch-telephone-handset","status":"publish","type":"product","link":"https:\/\/www.siwoc.com\/fr\/produit\/ptt-switch-telephone-handset\/","title":{"rendered":"Contr\u00f4le de t\u00e9l\u00e9phone PTT Switch"},"content":{"rendered":"<p>Ce combin\u00e9 de t\u00e9l\u00e9phone Siniwo PTT Switch est un combin\u00e9 t\u00e9l\u00e9phonique lourd personnalis\u00e9 qui a utilis\u00e9 dans les centres chimiques, la station de p\u00e9trole et de gaz et leport maritime, o\u00f9 demande la r\u00e9duction du bruit et la fonction de parler pour parler. Il est conforme \u00e0 la directive EMC du Conseil 2014\/30 \/ UE selon le test Standard EN55032: 2015 \/ A1: 2020 et EN55035: 2017 \/ A11: 2020.<\/p>\n<h2>Param\u00e8tre du combin\u00e9 t\u00e9l\u00e9phonique de commutateur PTT<\/h2>\n<table>\n<tbody>\n<tr>\n<td width=\"284\">Mod\u00e8le n \u00b0<\/td>\n<td width=\"284\">A15<\/td>\n<\/tr>\n<tr>\n<td width=\"284\">Grade imperm\u00e9able<\/td>\n<td width=\"284\">IP65<\/td>\n<\/tr>\n<tr>\n<td width=\"284\">Bruit ambiant<\/td>\n<td width=\"284\">\u2264 60 dB<\/td>\n<\/tr>\n<tr>\n<td width=\"284\">Fr\u00e9quence de travail<\/td>\n<td width=\"284\">300 ~ 3400Hz<\/td>\n<\/tr>\n<tr>\n<td width=\"284\">SLR<\/td>\n<td width=\"284\">5 ~ 15 dB<\/td>\n<\/tr>\n<tr>\n<td width=\"284\">RLR<\/td>\n<td width=\"284\">-7 ~ 2 dB<\/td>\n<\/tr>\n<tr>\n<td width=\"284\">Fonction sp\u00e9ciale<\/td>\n<td width=\"284\">Combinaison t\u00e9l\u00e9phonique de commutateur PTT r\u00e9duisant le bruit<\/td>\n<\/tr>\n<tr>\n<td width=\"284\">Temp\u00e9rature de travail<\/td>\n<td width=\"284\">Common: -20 \u2103 ~ + 40 \u2103<br \/>\nSp\u00e9cial: -40 \u2103 ~ + 50 \u2103<br \/>\n(Veuillez nous dire votre demande \u00e0 l'avance)<\/td>\n<\/tr>\n<tr>\n<td width=\"284\">Humidit\u00e9 relative<\/td>\n<td width=\"284\">\u226495%<\/td>\n<\/tr>\n<tr>\n<td width=\"284\">Pression atmosph\u00e9rique<\/td>\n<td width=\"284\">80 ~ 110kpa<\/td>\n<\/tr>\n<\/tbody>\n<\/table>\n<h2>Caract\u00e9ristique du combin\u00e9 t\u00e9l\u00e9phonique PTT Switch<\/h2>\n<p>1. Ce combin\u00e9 t\u00e9l\u00e9phonique r\u00e9sistant aux intemp\u00e9ries est con\u00e7u ergonomique et adapt\u00e9 \u00e0 la plupart des t\u00e9l\u00e9phones ext\u00e9rieurs. En tant que fabricant sp\u00e9cial dans les t\u00e9l\u00e9communications industrielles d\u00e9pos\u00e9es, nous avons une riche exp\u00e9rience dans le combin\u00e9 t\u00e9l\u00e9phonique de conception et fournissant des solutions aux clients.<\/p>\n<p>&nbsp;<\/p>\n<p><img fetchpriority=\"high\" decoding=\"async\" class=\"alignnone wp-image-281 size-full\" src=\"http:\/\/siwoc.com\/wp-content\/uploads\/2025\/01\/1.\u5c3a\u5bf8\u56fe.jpg\" alt=\"\" width=\"300\" height=\"354\" srcset=\"https:\/\/www.siwoc.com\/wp-content\/uploads\/2025\/01\/1.\u5c3a\u5bf8\u56fe.jpg 300w, https:\/\/www.siwoc.com\/wp-content\/uploads\/2025\/01\/1.\u5c3a\u5bf8\u56fe-254x300.jpg 254w, https:\/\/www.siwoc.com\/wp-content\/uploads\/2025\/01\/1.\u5c3a\u5bf8\u56fe-10x12.jpg 10w\" sizes=\"(max-width: 300px) 100vw, 300px\" \/><\/p>\n<p>2. Pour ce combin\u00e9 t\u00e9l\u00e9phonique PTT Switch utilis\u00e9 dans un environnement s\u00e9v\u00e8re, nous offrons un haut-parleur d'aide auditif pour les personnes malentendantes et le microphone r\u00e9duisant le bruit, ce qui pourrait annuler le bruit du fond lors de la r\u00e9ponse aux appels; Avec Push To Talk Switch, cela pourrait am\u00e9liorer la qualit\u00e9 de la communication lors de la lib\u00e9ration du commutateur.<\/p>\n<p><iframe title=\"Lecteur vid\u00e9o YouTube\" src=\"https:\/\/www.youtube.com\/embed\/sZkHPoaxf9Y?si=lbCkkBo0V-49DMNF\" width=\"560\" height=\"315\" frameborder=\"0\" allowfullscreen=\"allowfullscreen\"><\/iframe><\/p>\n<h2>D\u00e9tails du cordon boucl\u00e9 externe du combin\u00e9 t\u00e9l\u00e9phonique r\u00e9sistant aux intemp\u00e9ries<\/h2>\n<p>- Cordon boucl\u00e9 en PVC (par d\u00e9faut), temp\u00e9rature de travail: -20 \u2103 ~ + 40 \u2103<br \/>\n- Longueur du cordon standard de 9 pouces en r\u00e9traction, 6 pieds apr\u00e8s \u00e9tendue (par d\u00e9faut)<br \/>\n- Une longueur diff\u00e9rente personnalis\u00e9e est disponible.<br \/>\n- Cordon boucl\u00e9 en PVC r\u00e9sistant aux intemp\u00e9ries (facultatif), temp\u00e9rature de travail: -30 \u2103 ~ + 50 \u2103<br \/>\n- Temp\u00e9rature de travail Hytrel Curly (Facultatif): -40 \u2103 ~ + 100 \u2103<\/p>\n<p><img decoding=\"async\" class=\"alignnone wp-image-282 size-full\" src=\"http:\/\/siwoc.com\/wp-content\/uploads\/2025\/01\/2.\u624b\u67c4\u6d4b\u8bd5\u8bbe\u5907\u6d41\u7a0b.jpg\" alt=\"\" width=\"750\" height=\"688\" srcset=\"https:\/\/www.siwoc.com\/wp-content\/uploads\/2025\/01\/2.\u624b\u67c4\u6d4b\u8bd5\u8bbe\u5907\u6d41\u7a0b.jpg 750w, https:\/\/www.siwoc.com\/wp-content\/uploads\/2025\/01\/2.\u624b\u67c4\u6d4b\u8bd5\u8bbe\u5907\u6d41\u7a0b-300x275.jpg 300w, https:\/\/www.siwoc.com\/wp-content\/uploads\/2025\/01\/2.\u624b\u67c4\u6d4b\u8bd5\u8bbe\u5907\u6d41\u7a0b-13x12.jpg 13w, https:\/\/www.siwoc.com\/wp-content\/uploads\/2025\/01\/2.\u624b\u67c4\u6d4b\u8bd5\u8bbe\u5907\u6d41\u7a0b-600x550.jpg 600w\" sizes=\"(max-width: 750px) 100vw, 750px\" \/><\/p>\n<p>3.Ca un fabricant et un fournisseur en Chine, Siniwo accepte la personnalisation des couleurs et du logo pour ce combin\u00e9 t\u00e9l\u00e9phonique PTT Switch. La couleur commune en stock est en noir et rouge. Toute autre couleur pourrait \u00eatre personnalis\u00e9e en fonction du pantone n \u00b0 ou de l'\u00e9chantillon de couleur. Le logo pourrait \u00eatre fabriqu\u00e9 par l'impression laser ou l'impression en soie, ou personnaliser votre logo \u00e0 partir de l'outillage d'origine est acceptable.<\/p>\n<p><img decoding=\"async\" class=\"alignnone wp-image-275 size-full\" src=\"http:\/\/siwoc.com\/wp-content\/uploads\/2024\/12\/2.\u53ef\u9009\u989c\u8272.jpg\" alt=\"\" width=\"750\" height=\"500\" srcset=\"https:\/\/www.siwoc.com\/wp-content\/uploads\/2024\/12\/2.\u53ef\u9009\u989c\u8272.jpg 750w, https:\/\/www.siwoc.com\/wp-content\/uploads\/2024\/12\/2.\u53ef\u9009\u989c\u8272-300x200.jpg 300w, https:\/\/www.siwoc.com\/wp-content\/uploads\/2024\/12\/2.\u53ef\u9009\u989c\u8272-18x12.jpg 18w, https:\/\/www.siwoc.com\/wp-content\/uploads\/2024\/12\/2.\u53ef\u9009\u989c\u8272-600x400.jpg 600w\" sizes=\"(max-width: 750px) 100vw, 750px\" \/><\/p>\n<p>&nbsp;<\/p>\n<p>&nbsp;<\/p>\n<p>&nbsp;<\/p>\n<p>&nbsp;<\/p>\n<p>&nbsp;<\/p>\n<p>&nbsp;<\/p>\n<p>&nbsp;<\/p>","protected":false},"excerpt":{"rendered":"<p>En tant que fournisseur de combin\u00e9s t\u00e9l\u00e9phoniques PTT Switch en Chine, utilis\u00e9 dans la zone industrielle, Siniwo a d\u00e9velopp\u00e9 le microphone r\u00e9duisant le bruit \u00e0 partir des donn\u00e9es techniques et de la structure du microphone lors de la conception. Ce combin\u00e9 t\u00e9l\u00e9phonique Siniwo PTT Switch a \u00e9t\u00e9 choisi par Gai-Tronics pour leur plus grand nombre de t\u00e9l\u00e9phones lourds sur le march\u00e9 mondial.<\/p>","protected":false},"featured_media":286,"template":"","meta":[],"product_cat":[37,24],"product_tag":[38,39,40],"class_list":{"0":"post-280","1":"product","2":"type-product","3":"status-publish","4":"has-post-thumbnail","6":"product_cat-ptt-switch-telephone-handset","7":"product_cat-telephone-handset","8":"product_tag-customized-handset","9":"product_tag-industrial-telephone-handset","10":"product_tag-noise-canceling-handset","12":"first","13":"instock","14":"shipping-taxable","15":"product-type-simple"},"_links":{"self":[{"href":"https:\/\/www.siwoc.com\/fr\/wp-json\/wp\/v2\/product\/280","targetHints":{"allow":["GET"]}}],"collection":[{"href":"https:\/\/www.siwoc.com\/fr\/wp-json\/wp\/v2\/product"}],"about":[{"href":"https:\/\/www.siwoc.com\/fr\/wp-json\/wp\/v2\/types\/product"}],"version-history":[{"count":0,"href":"https:\/\/www.siwoc.com\/fr\/wp-json\/wp\/v2\/product\/280\/revisions"}],"wp:featuredmedia":[{"embeddable":true,"href":"https:\/\/www.siwoc.com\/fr\/wp-json\/wp\/v2\/media\/286"}],"wp:attachment":[{"href":"https:\/\/www.siwoc.com\/fr\/wp-json\/wp\/v2\/media?parent=280"}],"wp:term":[{"taxonomy":"product_cat","embeddable":true,"href":"https:\/\/www.siwoc.com\/fr\/wp-json\/wp\/v2\/product_cat?post=280"},{"taxonomy":"product_tag","embeddable":true,"href":"https:\/\/www.siwoc.com\/fr\/wp-json\/wp\/v2\/product_tag?post=280"}],"curies":[{"name":"wp","href":"https:\/\/api.w.org\/{rel}","templated":true}]}}