{"id":298,"date":"2025-01-02T13:09:22","date_gmt":"2025-01-02T05:09:22","guid":{"rendered":"http:\/\/siwoc.com\/?post_type=product&#038;p=298"},"modified":"2025-01-02T13:18:55","modified_gmt":"2025-01-02T05:18:55","slug":"rugged-telephone-handset","status":"publish","type":"product","link":"https:\/\/www.siwoc.com\/fr\/produit\/rugged-telephone-handset\/","title":{"rendered":"Combin\u00e9 t\u00e9l\u00e9phonique robuste"},"content":{"rendered":"<p>Ce combin\u00e9 t\u00e9l\u00e9phonique robuste de Siniwo est con\u00e7u selon le H250 H250, le combin\u00e9 standard MIL, qui est utilis\u00e9 pour des \u00e9quipements de t\u00e9l\u00e9communications militaires, comme la radio, le t\u00e9l\u00e9phone MIL ou le syst\u00e8me d'appel \u00e0 la police. Siniwo a \u00e9galement con\u00e7u le microphone et le haut-parleur appari\u00e9s pour les clients qui aiment l'apparence de ce combin\u00e9 t\u00e9l\u00e9phonique robuste mais n'ont pas besoin de sp\u00e9cifications standard MIL \u00e0 prix bon march\u00e9.<\/p>\n<h2>Param\u00e8tre de comparaison du combin\u00e9 t\u00e9l\u00e9phonique robuste A25 et MIL H250<\/h2>\n<table>\n<tbody>\n<tr>\n<td width=\"182\">Mod\u00e8le n \u00b0<\/td>\n<td width=\"198\">H-250<\/td>\n<td width=\"187\">A25<\/td>\n<\/tr>\n<tr>\n<td width=\"182\">Poids<\/td>\n<td width=\"198\">Environ 350g<\/td>\n<td width=\"187\">Environ 350g<\/td>\n<\/tr>\n<tr>\n<td width=\"182\">Bruit ambiant<\/td>\n<td width=\"198\">N \/ A<\/td>\n<td width=\"187\">\u2264100 dB<\/td>\n<\/tr>\n<tr>\n<td width=\"182\">Imp\u00e9dance du locuteur<\/td>\n<td width=\"198\">1000\u03a9 (@ 1 kHz)<\/td>\n<td width=\"187\">1000\u03a9 (@ 1 kHz)<\/td>\n<\/tr>\n<tr>\n<td width=\"182\">Imp\u00e9dance du microphone:<\/td>\n<td width=\"198\">150\u03a9 (@ 1 kHz)<\/td>\n<td width=\"187\">150\u03a9 (@ 1 kHz)<\/td>\n<\/tr>\n<tr>\n<td width=\"182\">Niveau de sortie du microphone:<\/td>\n<td width=\"198\">Plus de -56 dB (@ 1KHz)<\/td>\n<td width=\"187\">-59db (@ 1khz)<\/td>\n<\/tr>\n<tr>\n<td width=\"182\">Distorsion:<\/td>\n<td width=\"198\">Moins de 5% (300Hz ~ 3500Hz)<\/td>\n<td width=\"187\">Moins de 5% (200Hz ~ 4000Hz)<\/td>\n<\/tr>\n<tr>\n<td width=\"182\">Plage de temp\u00e9rature de fonctionnement<\/td>\n<td width=\"198\">-20\u2103~65\u2103<\/td>\n<td width=\"187\">-45\u2103~55\u2103<\/td>\n<\/tr>\n<tr>\n<td width=\"182\">R\u00e9sistance \u00e0 l'eau:<\/td>\n<td width=\"198\">Reste enti\u00e8rement fonction apr\u00e8s submerg\u00e9 dans 3 pieds (91 cm) d'eau pendant 2 heures<\/td>\n<td width=\"187\">Reste enti\u00e8rement fonction apr\u00e8s submerg\u00e9 dans 1 m\u00e8tre d'eau pendant 2 heures<\/td>\n<\/tr>\n<tr>\n<td width=\"182\">Durabilit\u00e9 du commutateur PTT:<\/td>\n<td width=\"198\">Plus de 2 millions d'expulsions<\/td>\n<td width=\"187\">Plus de 2 millions d'expulsions<\/td>\n<\/tr>\n<\/tbody>\n<\/table>\n<h2>Caract\u00e9ristique du combin\u00e9 t\u00e9l\u00e9phonique robuste<\/h2>\n<p>1. Ce combin\u00e9 t\u00e9l\u00e9phonique robuste est principalement con\u00e7u pour un usage militaire, donc le grade de r\u00e9sistance \u00e0 la corrosion et le niveau \u00e9tanche sont les facteurs les plus importants \u00e0 r\u00e9fl\u00e9chir. Nous fabriquons donc ce combin\u00e9 avec une membrane de passage du son \u00e9tanche sur le microphone et le haut-parleur et sceller tout l'espace par colle \u00e9tanche.<\/p>\n<p><img fetchpriority=\"high\" decoding=\"async\" class=\"alignnone wp-image-305 size-full\" src=\"http:\/\/siwoc.com\/wp-content\/uploads\/2025\/01\/1.\u5c3a\u5bf8\u56fe-1.jpg\" alt=\"\" width=\"647\" height=\"614\" srcset=\"https:\/\/www.siwoc.com\/wp-content\/uploads\/2025\/01\/1.\u5c3a\u5bf8\u56fe-1.jpg 647w, https:\/\/www.siwoc.com\/wp-content\/uploads\/2025\/01\/1.\u5c3a\u5bf8\u56fe-1-300x285.jpg 300w, https:\/\/www.siwoc.com\/wp-content\/uploads\/2025\/01\/1.\u5c3a\u5bf8\u56fe-1-13x12.jpg 13w, https:\/\/www.siwoc.com\/wp-content\/uploads\/2025\/01\/1.\u5c3a\u5bf8\u56fe-1-600x569.jpg 600w\" sizes=\"(max-width: 647px) 100vw, 647px\" \/><\/p>\n<p>2.Lorsque nous concevons ce combin\u00e9 t\u00e9l\u00e9phonique robuste pour l'environnement militaire, nous avons choisi le mat\u00e9riau en polycarbonate renforc\u00e9 de fibres approuv\u00e9 par ROHS pour r\u00e9sider la caract\u00e9ristique robuste. Pour les clients qui s'int\u00e9ressent \u00e0 ce combin\u00e9 t\u00e9l\u00e9phonique robuste dans Industrial, nous proposons un choix assorti pour r\u00e9pondre \u00e0 la demande des clients.<iframe title=\"Lecteur vid\u00e9o YouTube\" src=\"https:\/\/www.youtube.com\/embed\/-iBEaUq7-l0?si=dUOWylRfB5l2v5PO\" width=\"560\" height=\"315\" frameborder=\"0\" allowfullscreen=\"allowfullscreen\"><\/iframe><\/p>\n<h2>D\u00e9tails robustes de cordon boucl\u00e9 externe<\/h2>\n<p>- TEPU CORDE MILITAIRE DIAMENT 7 mm (par d\u00e9faut) Temp\u00e9rature de travail: -40 \u2103 ~ + 100 \u2103<br \/>\n- Longueur du cordon standard de 9 pouces en r\u00e9traction, 6 pieds apr\u00e8s \u00e9tendue (par d\u00e9faut)<br \/>\n- Une longueur diff\u00e9rente personnalis\u00e9e est disponible.<br \/>\n- Cordon boucl\u00e9 en PVC (par d\u00e9faut), temp\u00e9rature de travail: -20 \u2103 ~ + 40 \u2103<br \/>\n- Longueur du cordon standard de 9 pouces en r\u00e9traction, 6 pieds apr\u00e8s \u00e9tendue (facultatif)<br \/>\n- Une longueur diff\u00e9rente personnalis\u00e9e est disponible.<br \/>\n- Cordon boucl\u00e9 en PVC r\u00e9sistant aux intemp\u00e9ries (facultatif), temp\u00e9rature de travail: -30 \u2103 ~ + 50 \u2103<\/p>\n<p><img decoding=\"async\" class=\"alignnone wp-image-306 size-full\" src=\"http:\/\/siwoc.com\/wp-content\/uploads\/2025\/01\/2.\u624b\u67c4\u5e94\u7528.jpg\" alt=\"\" width=\"750\" height=\"536\" srcset=\"https:\/\/www.siwoc.com\/wp-content\/uploads\/2025\/01\/2.\u624b\u67c4\u5e94\u7528.jpg 750w, https:\/\/www.siwoc.com\/wp-content\/uploads\/2025\/01\/2.\u624b\u67c4\u5e94\u7528-300x214.jpg 300w, https:\/\/www.siwoc.com\/wp-content\/uploads\/2025\/01\/2.\u624b\u67c4\u5e94\u7528-18x12.jpg 18w, https:\/\/www.siwoc.com\/wp-content\/uploads\/2025\/01\/2.\u624b\u67c4\u5e94\u7528-600x429.jpg 600w\" sizes=\"(max-width: 750px) 100vw, 750px\" \/><\/p>\n<p>4.Pour ce combin\u00e9 t\u00e9l\u00e9phonique robuste utilis\u00e9 dans l'environnement militaire, une autre chose importante est la r\u00e9duction du bruit de l'arri\u00e8re-plan. L'avant et l'arri\u00e8re du microphone ont des trous d'entr\u00e9e sonore. \u00c9tant donn\u00e9 que la position de l'avant et de l'arri\u00e8re est oppos\u00e9e, le bruit est entr\u00e9 dans les deux c\u00f4t\u00e9s, qui s'annulera mutuellement. L'audio ne sera pas annul\u00e9 car il n'est entr\u00e9 que dans le c\u00f4t\u00e9 parlant du microphone. Th\u00e9oriquement, dans un environnement avec beaucoup de bruit qui est entr\u00e9 dans les deux c\u00f4t\u00e9s du microphone en m\u00eame temps, le bruit sera annul\u00e9.<\/p>\n<p><img decoding=\"async\" class=\"alignnone wp-image-307 size-large\" src=\"http:\/\/siwoc.com\/wp-content\/uploads\/2025\/01\/3.-\u624b\u67c4\u6297\u566a\u539f\u7406\u56fe-1024x411.png\" alt=\"\" width=\"800\" height=\"321\" srcset=\"https:\/\/www.siwoc.com\/wp-content\/uploads\/2025\/01\/3.-\u624b\u67c4\u6297\u566a\u539f\u7406\u56fe-1024x411.png 1024w, https:\/\/www.siwoc.com\/wp-content\/uploads\/2025\/01\/3.-\u624b\u67c4\u6297\u566a\u539f\u7406\u56fe-300x120.png 300w, https:\/\/www.siwoc.com\/wp-content\/uploads\/2025\/01\/3.-\u624b\u67c4\u6297\u566a\u539f\u7406\u56fe-768x308.png 768w, https:\/\/www.siwoc.com\/wp-content\/uploads\/2025\/01\/3.-\u624b\u67c4\u6297\u566a\u539f\u7406\u56fe-1536x616.png 1536w, https:\/\/www.siwoc.com\/wp-content\/uploads\/2025\/01\/3.-\u624b\u67c4\u6297\u566a\u539f\u7406\u56fe-2048x822.png 2048w, https:\/\/www.siwoc.com\/wp-content\/uploads\/2025\/01\/3.-\u624b\u67c4\u6297\u566a\u539f\u7406\u56fe-18x7.png 18w, https:\/\/www.siwoc.com\/wp-content\/uploads\/2025\/01\/3.-\u624b\u67c4\u6297\u566a\u539f\u7406\u56fe-600x241.png 600w\" sizes=\"(max-width: 800px) 100vw, 800px\" \/><\/p>\n<p>&nbsp;<\/p>\n<p>&nbsp;<\/p>\n<p>&nbsp;<\/p>\n<p>&nbsp;<\/p>\n<p>&nbsp;<\/p>","protected":false},"excerpt":{"rendered":"<p>Ce combin\u00e9 t\u00e9l\u00e9phonique robuste est le premier combin\u00e9 militaire con\u00e7u par Siniwo selon le combin\u00e9 H250. En tant que v\u00e9ritable fabricant et usine en Chine avec notre propre \u00e9quipe de R&amp;D, nous avons la possibilit\u00e9 de personnaliser et de concevoir un combin\u00e9 t\u00e9l\u00e9phonique robuste au nom de Siniwo avec un co\u00fbt comp\u00e9titif et une quantit\u00e9 qualifi\u00e9e pour gagner le march\u00e9 des clients.<\/p>","protected":false},"featured_media":299,"template":"","meta":[],"product_cat":[46,24],"product_tag":[48,49,47,50],"class_list":{"0":"post-298","1":"product","2":"type-product","3":"status-publish","4":"has-post-thumbnail","6":"product_cat-rugged-telephone-handset","7":"product_cat-telephone-handset","8":"product_tag-h250-handset","9":"product_tag-ip67-waterproof-grade","10":"product_tag-military-handset","11":"product_tag-military-radio-handset","13":"first","14":"instock","15":"shipping-taxable","16":"product-type-simple"},"_links":{"self":[{"href":"https:\/\/www.siwoc.com\/fr\/wp-json\/wp\/v2\/product\/298","targetHints":{"allow":["GET"]}}],"collection":[{"href":"https:\/\/www.siwoc.com\/fr\/wp-json\/wp\/v2\/product"}],"about":[{"href":"https:\/\/www.siwoc.com\/fr\/wp-json\/wp\/v2\/types\/product"}],"version-history":[{"count":0,"href":"https:\/\/www.siwoc.com\/fr\/wp-json\/wp\/v2\/product\/298\/revisions"}],"wp:featuredmedia":[{"embeddable":true,"href":"https:\/\/www.siwoc.com\/fr\/wp-json\/wp\/v2\/media\/299"}],"wp:attachment":[{"href":"https:\/\/www.siwoc.com\/fr\/wp-json\/wp\/v2\/media?parent=298"}],"wp:term":[{"taxonomy":"product_cat","embeddable":true,"href":"https:\/\/www.siwoc.com\/fr\/wp-json\/wp\/v2\/product_cat?post=298"},{"taxonomy":"product_tag","embeddable":true,"href":"https:\/\/www.siwoc.com\/fr\/wp-json\/wp\/v2\/product_tag?post=298"}],"curies":[{"name":"wp","href":"https:\/\/api.w.org\/{rel}","templated":true}]}}