{"id":309,"date":"2025-01-02T13:20:42","date_gmt":"2025-01-02T05:20:42","guid":{"rendered":"http:\/\/siwoc.com\/?post_type=product&#038;p=309"},"modified":"2025-01-02T14:54:29","modified_gmt":"2025-01-02T06:54:29","slug":"vandal-proof-industrial-keypad","status":"publish","type":"product","link":"https:\/\/www.siwoc.com\/fr\/produit\/vandal-proof-industrial-keypad\/","title":{"rendered":"Clavier industriel \u00e0 l'\u00e9preuve des vandales"},"content":{"rendered":"<h2>Param\u00e8tre du clavier industriel \u00e0 l'\u00e9preuve des vandales<\/h2>\n<table>\n<tbody>\n<tr>\n<td width=\"284\">Mod\u00e8le n \u00b0<\/td>\n<td width=\"284\">B512<\/td>\n<\/tr>\n<tr>\n<td width=\"284\">Grade imperm\u00e9able<\/td>\n<td width=\"284\">IP65<\/td>\n<\/tr>\n<tr>\n<td width=\"284\">Circuit imprim\u00e9<\/td>\n<td width=\"284\">personnalis\u00e9<\/td>\n<\/tr>\n<tr>\n<td width=\"284\">Application<\/td>\n<td width=\"284\">t\u00e9l\u00e9phone<\/td>\n<\/tr>\n<tr>\n<td width=\"284\">Couleur du cadre cl\u00e9<\/td>\n<td width=\"284\">personnalis\u00e9<\/td>\n<\/tr>\n<tr>\n<td width=\"284\">Lieu d'origine<\/td>\n<td width=\"284\">Zhejiang, Chine<\/td>\n<\/tr>\n<tr>\n<td width=\"284\">mat\u00e9riel<\/td>\n<td width=\"284\">alliage de zinc sp\u00e9cial<\/td>\n<\/tr>\n<tr>\n<td width=\"284\">Garantie<\/td>\n<td width=\"284\">1 an<\/td>\n<\/tr>\n<tr>\n<td width=\"284\">Bouton<\/td>\n<td width=\"284\">Placage chrom\u00e9 chrome ou mate brillant<\/td>\n<\/tr>\n<\/tbody>\n<\/table>\n<p>Le clavier industriel \u00e0 l'\u00e9preuve des vandales produits par le fabricant de Siniwo est largement salu\u00e9 sur le march\u00e9 pour ses excellentes capacit\u00e9s de preuve de vandale. En tant que clavier industriel, la chose la plus importante est d'\u00eatre r\u00e9sistant \u00e0 l'usure. Comme dans certains domaines sp\u00e9ciaux, nous devons d\u00e9velopper des produits qui emp\u00eachent les dommages.<\/p>\n<p><img fetchpriority=\"high\" decoding=\"async\" class=\"alignnone wp-image-315 size-full\" src=\"http:\/\/siwoc.com\/wp-content\/uploads\/2025\/01\/1.-\u5c3a\u5bf8\u56fe-1.jpg\" alt=\"\" width=\"488\" height=\"501\" srcset=\"https:\/\/www.siwoc.com\/wp-content\/uploads\/2025\/01\/1.-\u5c3a\u5bf8\u56fe-1.jpg 488w, https:\/\/www.siwoc.com\/wp-content\/uploads\/2025\/01\/1.-\u5c3a\u5bf8\u56fe-1-292x300.jpg 292w, https:\/\/www.siwoc.com\/wp-content\/uploads\/2025\/01\/1.-\u5c3a\u5bf8\u56fe-1-12x12.jpg 12w\" sizes=\"(max-width: 488px) 100vw, 488px\" \/><\/p>\n<h2>Caract\u00e9ristique du clavier industriel \u00e0 l'\u00e9preuve des vandales<\/h2>\n<p>1. Les boutons de clavier industriel \u00e0 l'\u00e9preuve du vandale sont en alliage de zinc de haute qualit\u00e9 et ont une forte r\u00e9sistance aux dommages. Ils peuvent \u00eatre utilis\u00e9s dans une vari\u00e9t\u00e9 de domaines sp\u00e9ciaux tels que la protection contre les incendies, la s\u00e9curit\u00e9, les prisons et autres champs. Il peut effectivement emp\u00eacher les cl\u00e9s d'\u00eatre endommag\u00e9es et assurer l'int\u00e9grit\u00e9 des produits et l'exp\u00e9rience client<\/p>\n<p><img decoding=\"async\" class=\"alignnone wp-image-316 size-full\" src=\"http:\/\/siwoc.com\/wp-content\/uploads\/2025\/01\/2.-\u950c\u5408\u91d1\u5e94\u7528.jpg\" alt=\"\" width=\"750\" height=\"536\" srcset=\"https:\/\/www.siwoc.com\/wp-content\/uploads\/2025\/01\/2.-\u950c\u5408\u91d1\u5e94\u7528.jpg 750w, https:\/\/www.siwoc.com\/wp-content\/uploads\/2025\/01\/2.-\u950c\u5408\u91d1\u5e94\u7528-300x214.jpg 300w, https:\/\/www.siwoc.com\/wp-content\/uploads\/2025\/01\/2.-\u950c\u5408\u91d1\u5e94\u7528-18x12.jpg 18w, https:\/\/www.siwoc.com\/wp-content\/uploads\/2025\/01\/2.-\u950c\u5408\u91d1\u5e94\u7528-600x429.jpg 600w\" sizes=\"(max-width: 750px) 100vw, 750px\" \/><\/p>\n<p>2. Le clavier industriel \u00e0 l'\u00e9preuve du Vandal utilise du caoutchouc de silicone conducteur naturel, qui est r\u00e9sistant aux intemp\u00e9ries, r\u00e9sistant \u00e0 la corrosion et anti-\u00e2ge. Il peut s'adapter \u00e0 des environnements \u00e0 haute temp\u00e9rature et \u00e0 basse temp\u00e9rature et \u00e9viter efficacement les dommages caus\u00e9s par la temp\u00e9rature aux cl\u00e9s. Il est tr\u00e8s durable, a une longue dur\u00e9e de vie et est rentable. Le clavier industriel \u00e0 l'\u00e9preuve des vandales utilise un PCB \u00e0 doigt dor\u00e9 double face, qui peut r\u00e9sister efficacement \u00e0 l'oxydation et garder le clavier brillant et beau, avec une certaine texture.<\/p>\n<p>3.La couleur du bouton du clavier industriel \u00e0 l'\u00e9preuve du vandale est un chrome brillant ou un chrome mat. La couleur du cadre cl\u00e9 peut \u00eatre personnalis\u00e9e en fonction des exigences du client, et l'interface peut \u00e9galement \u00eatre personnalis\u00e9e par les clients.<\/p>\n<p><img decoding=\"async\" class=\"alignnone wp-image-318 size-full\" src=\"http:\/\/siwoc.com\/wp-content\/uploads\/2025\/01\/4.\u952e\u76d8\u5e38\u89c4\u7528\u63a5\u53e3\u56fe\u72472.jpg\" alt=\"\" width=\"750\" height=\"150\" srcset=\"https:\/\/www.siwoc.com\/wp-content\/uploads\/2025\/01\/4.\u952e\u76d8\u5e38\u89c4\u7528\u63a5\u53e3\u56fe\u72472.jpg 750w, https:\/\/www.siwoc.com\/wp-content\/uploads\/2025\/01\/4.\u952e\u76d8\u5e38\u89c4\u7528\u63a5\u53e3\u56fe\u72472-300x60.jpg 300w, https:\/\/www.siwoc.com\/wp-content\/uploads\/2025\/01\/4.\u952e\u76d8\u5e38\u89c4\u7528\u63a5\u53e3\u56fe\u72472-18x4.jpg 18w, https:\/\/www.siwoc.com\/wp-content\/uploads\/2025\/01\/4.\u952e\u76d8\u5e38\u89c4\u7528\u63a5\u53e3\u56fe\u72472-600x120.jpg 600w\" sizes=\"(max-width: 750px) 100vw, 750px\" \/><\/p>\n<p>&nbsp;<\/p>\n<p>&nbsp;<\/p>\n<p>&nbsp;<\/p>\n<p>&nbsp;<\/p>\n<p>&nbsp;<\/p>","protected":false},"excerpt":{"rendered":"<p>Siniwo est une usine sp\u00e9cialis\u00e9e dans la production du clavier industriel \u00e0 l'\u00e9preuve des vandales depuis 2005 pour le march\u00e9 mondial en Chine. Nous continuons \u00e0 innover et \u00e0 nous efforcer de cr\u00e9er des claviers industriels avec d'excellentes capacit\u00e9s d'\u00e9preuve de vandale.<\/p>","protected":false},"featured_media":311,"template":"","meta":[],"product_cat":[15,51],"product_tag":[54,52,55,53],"class_list":{"0":"post-309","1":"product","2":"type-product","3":"status-publish","4":"has-post-thumbnail","6":"product_cat-industrial-keypad","7":"product_cat-vandal-proof-industrial-keypad","8":"product_tag-4x4-matrix-keypad","9":"product_tag-industrial-keypad","10":"product_tag-metal-keypad","11":"product_tag-zinc-alloy-keypad","13":"first","14":"instock","15":"shipping-taxable","16":"product-type-simple"},"_links":{"self":[{"href":"https:\/\/www.siwoc.com\/fr\/wp-json\/wp\/v2\/product\/309","targetHints":{"allow":["GET"]}}],"collection":[{"href":"https:\/\/www.siwoc.com\/fr\/wp-json\/wp\/v2\/product"}],"about":[{"href":"https:\/\/www.siwoc.com\/fr\/wp-json\/wp\/v2\/types\/product"}],"version-history":[{"count":0,"href":"https:\/\/www.siwoc.com\/fr\/wp-json\/wp\/v2\/product\/309\/revisions"}],"wp:featuredmedia":[{"embeddable":true,"href":"https:\/\/www.siwoc.com\/fr\/wp-json\/wp\/v2\/media\/311"}],"wp:attachment":[{"href":"https:\/\/www.siwoc.com\/fr\/wp-json\/wp\/v2\/media?parent=309"}],"wp:term":[{"taxonomy":"product_cat","embeddable":true,"href":"https:\/\/www.siwoc.com\/fr\/wp-json\/wp\/v2\/product_cat?post=309"},{"taxonomy":"product_tag","embeddable":true,"href":"https:\/\/www.siwoc.com\/fr\/wp-json\/wp\/v2\/product_tag?post=309"}],"curies":[{"name":"wp","href":"https:\/\/api.w.org\/{rel}","templated":true}]}}