{"id":332,"date":"2025-01-02T13:37:26","date_gmt":"2025-01-02T05:37:26","guid":{"rendered":"http:\/\/siwoc.com\/?post_type=product&#038;p=332"},"modified":"2025-01-02T14:56:55","modified_gmt":"2025-01-02T06:56:55","slug":"led-illuminated-industrial-keypad","status":"publish","type":"product","link":"https:\/\/www.siwoc.com\/fr\/produit\/led-illuminated-industrial-keypad\/","title":{"rendered":"LED CHEYPAD industriel illumin\u00e9"},"content":{"rendered":"<p>1.Ce le clavier industriel illumin\u00e9 \u00e0 la Siniwo a non seulement \u00e9t\u00e9 durable, mais il offre \u00e9galement une exp\u00e9rience utilisateur sup\u00e9rieure. Le clavier utilise du caoutchouc conducteur naturel pour assurer une frappe facile et pr\u00e9cise, offrant aux utilisateurs une exp\u00e9rience fluide et agr\u00e9able. Le clavier pr\u00e9sente un r\u00e9tro-\u00e9clairage LED, qui garantit la visibilit\u00e9 dans des environnements sombres, ce qui le rend id\u00e9al pour les industries op\u00e9rant la nuit.<iframe title=\"Lecteur vid\u00e9o YouTube\" src=\"https:\/\/www.youtube.com\/embed\/xIvC9QY2aOk?si=4704T-elIUfg3hKJ\" width=\"560\" height=\"315\" frameborder=\"0\" allowfullscreen=\"allowfullscreen\"><\/iframe><\/p>\n<h2>2. Caract\u00e9ristique du clavier industriel illumin\u00e9 LED<\/h2>\n<p>Ce clavier est con\u00e7u avec du caoutchouc d'\u00e9tanch\u00e9it\u00e9 \u00e9tanche. C'est le type de cote de combin\u00e9 t\u00e9l\u00e9phonique industriel imperm\u00e9able de l'IP67. Avec cette fonctionnalit\u00e9, il peut \u00eatre utilis\u00e9 dans des environnements ext\u00e9rieurs non blind\u00e9s. Des services personnalis\u00e9s sont fournis conform\u00e9ment aux exigences du client, et le clavier peut \u00e9galement \u00eatre \u00e9quip\u00e9 d'un bo\u00eetier m\u00e9tallique s\u00e9par\u00e9.<\/p>\n<p><img fetchpriority=\"high\" decoding=\"async\" class=\"alignnone wp-image-338 size-full\" src=\"http:\/\/siwoc.com\/wp-content\/uploads\/2025\/01\/\u5c3a\u5bf8\u56fe.jpg\" alt=\"\" width=\"516\" height=\"646\" srcset=\"https:\/\/www.siwoc.com\/wp-content\/uploads\/2025\/01\/\u5c3a\u5bf8\u56fe.jpg 516w, https:\/\/www.siwoc.com\/wp-content\/uploads\/2025\/01\/\u5c3a\u5bf8\u56fe-240x300.jpg 240w, https:\/\/www.siwoc.com\/wp-content\/uploads\/2025\/01\/\u5c3a\u5bf8\u56fe-10x12.jpg 10w\" sizes=\"(max-width: 516px) 100vw, 516px\" \/><\/p>\n<h2>3. Param\u00e8tre du clavier industriel \u00e9clair\u00e9 LED<\/h2>\n<table>\n<tbody>\n<tr>\n<td width=\"284\">Mod\u00e8le n \u00b0<\/td>\n<td width=\"284\">B665<\/td>\n<\/tr>\n<tr>\n<td width=\"284\">Grade imperm\u00e9able<\/td>\n<td width=\"284\">IP67<\/td>\n<\/tr>\n<tr>\n<td width=\"284\">Tension d'entr\u00e9e<\/td>\n<td width=\"284\">3.3V\/5V<\/td>\n<\/tr>\n<tr>\n<td width=\"284\">Force d'actionnement<\/td>\n<td width=\"284\">250g \/ 2,45 n (point de pression)<\/td>\n<\/tr>\n<tr>\n<td width=\"284\">Temp\u00e9rature de travail<\/td>\n<td width=\"284\">-25\u2103~+65\u2103<\/td>\n<\/tr>\n<tr>\n<td width=\"284\">Temp\u00e9rature de stockage<\/td>\n<td width=\"284\">-40\u2103~+85\u2103<\/td>\n<\/tr>\n<tr>\n<td width=\"284\">Humidit\u00e9 relative<\/td>\n<td width=\"284\">30%-95%<\/td>\n<\/tr>\n<tr>\n<td width=\"284\">Pression atmosph\u00e9rique<\/td>\n<td width=\"284\">60kpa-106kpa<\/td>\n<\/tr>\n<tr>\n<td width=\"284\">Couleur LED<\/td>\n<td width=\"284\">personnalis\u00e9<\/td>\n<\/tr>\n<\/tbody>\n<\/table>\n<p>4. L'une des caract\u00e9ristiques remarquables de ce clavier industriel illumin\u00e9 LED est la possibilit\u00e9 de personnaliser les boutons conform\u00e9ment aux exigences du client. En utilisant des outils coulants, les clients peuvent personnaliser leurs boutons de clavier pour r\u00e9pondre \u00e0 leurs besoins sp\u00e9cifiques. De plus, la surface des boutons est plaqu\u00e9e au chrom\u00e9e pour r\u00e9sister \u00e0 la corrosion et assurer la durabilit\u00e9. Pour assurer davantage sa long\u00e9vit\u00e9 et sa qualit\u00e9, le clavier a subi des tests de pulv\u00e9risation saline \u00e0 haute concentration pour prouver qu'il peut r\u00e9sister \u00e0 des environnements s\u00e9v\u00e8res.<\/p>\n<p><img decoding=\"async\" class=\"alignnone wp-image-339 size-full\" src=\"http:\/\/siwoc.com\/wp-content\/uploads\/2025\/01\/\u952e\u76d8\u6d4b\u8bd5\u8bbe\u5907\u6d41\u7a0b.jpg\" alt=\"\" width=\"900\" height=\"751\" srcset=\"https:\/\/www.siwoc.com\/wp-content\/uploads\/2025\/01\/\u952e\u76d8\u6d4b\u8bd5\u8bbe\u5907\u6d41\u7a0b.jpg 900w, https:\/\/www.siwoc.com\/wp-content\/uploads\/2025\/01\/\u952e\u76d8\u6d4b\u8bd5\u8bbe\u5907\u6d41\u7a0b-300x250.jpg 300w, https:\/\/www.siwoc.com\/wp-content\/uploads\/2025\/01\/\u952e\u76d8\u6d4b\u8bd5\u8bbe\u5907\u6d41\u7a0b-768x641.jpg 768w, https:\/\/www.siwoc.com\/wp-content\/uploads\/2025\/01\/\u952e\u76d8\u6d4b\u8bd5\u8bbe\u5907\u6d41\u7a0b-14x12.jpg 14w, https:\/\/www.siwoc.com\/wp-content\/uploads\/2025\/01\/\u952e\u76d8\u6d4b\u8bd5\u8bbe\u5907\u6d41\u7a0b-600x501.jpg 600w\" sizes=\"(max-width: 900px) 100vw, 900px\" \/><\/p>\n<p>&nbsp;<\/p>\n<p>&nbsp;<\/p>\n<p>&nbsp;<\/p>\n<p>&nbsp;<\/p>\n<p>&nbsp;<\/p>","protected":false},"excerpt":{"rendered":"<p>Siniwo propose un clavier industriel illumin\u00e9 LED \u00e0 des prix comp\u00e9titifs dans les fabricants industriels chinoises. Avec une excellente \u00e9quipe de vente \u00e0 l'\u00e9tranger, les exportations de Siniwo ont men\u00e9 un clavier industriel illumin\u00e9 \u00e0 la plupart du march\u00e9 mondial. En tant que premier fabricant en Chine, Siniwo a d'\u00e9normes avantages pour r\u00e9pondre \u00e0 la demande du march\u00e9.<\/p>","protected":false},"featured_media":336,"template":"","meta":[],"product_cat":[15,60],"product_tag":[61,64,62,63],"class_list":{"0":"post-332","1":"product","2":"type-product","3":"status-publish","4":"has-post-thumbnail","6":"product_cat-industrial-keypad","7":"product_cat-led-illuminated-industrial-keypad","8":"product_tag-3x4-keypad","9":"product_tag-door-entry-keypad","10":"product_tag-numeric-keypad","11":"product_tag-waterproof-keypad","13":"first","14":"instock","15":"shipping-taxable","16":"product-type-simple"},"_links":{"self":[{"href":"https:\/\/www.siwoc.com\/fr\/wp-json\/wp\/v2\/product\/332","targetHints":{"allow":["GET"]}}],"collection":[{"href":"https:\/\/www.siwoc.com\/fr\/wp-json\/wp\/v2\/product"}],"about":[{"href":"https:\/\/www.siwoc.com\/fr\/wp-json\/wp\/v2\/types\/product"}],"version-history":[{"count":0,"href":"https:\/\/www.siwoc.com\/fr\/wp-json\/wp\/v2\/product\/332\/revisions"}],"wp:featuredmedia":[{"embeddable":true,"href":"https:\/\/www.siwoc.com\/fr\/wp-json\/wp\/v2\/media\/336"}],"wp:attachment":[{"href":"https:\/\/www.siwoc.com\/fr\/wp-json\/wp\/v2\/media?parent=332"}],"wp:term":[{"taxonomy":"product_cat","embeddable":true,"href":"https:\/\/www.siwoc.com\/fr\/wp-json\/wp\/v2\/product_cat?post=332"},{"taxonomy":"product_tag","embeddable":true,"href":"https:\/\/www.siwoc.com\/fr\/wp-json\/wp\/v2\/product_tag?post=332"}],"curies":[{"name":"wp","href":"https:\/\/api.w.org\/{rel}","templated":true}]}}