{"id":379,"date":"2025-01-02T14:12:58","date_gmt":"2025-01-02T06:12:58","guid":{"rendered":"http:\/\/siwoc.com\/?post_type=product&#038;p=379"},"modified":"2025-01-09T09:44:03","modified_gmt":"2025-01-09T01:44:03","slug":"fire-telephone-metal-enclosure","status":"publish","type":"product","link":"https:\/\/www.siwoc.com\/fr\/produit\/fire-telephone-metal-enclosure\/","title":{"rendered":"Enclos en m\u00e9tal de t\u00e9l\u00e9phone"},"content":{"rendered":"<p>L'enceinte m\u00e9tallique T\u00e9l\u00e9phone Siniwo Fire est une enceinte de protection du combin\u00e9 t\u00e9l\u00e9phonique durable qui r\u00e9siste aux conditions m\u00e9t\u00e9orologiques et \u00e0 la violence. Cette enceinte m\u00e9tallique de t\u00e9l\u00e9phone incendie a une surface solide et a une certaine capacit\u00e9 \u00e0 r\u00e9sister \u00e0 la pression. Il s'agit d'une enceinte protectrice fournie par Siniwo pour les combin\u00e9s de t\u00e9l\u00e9phone de feu public tels que les casernes de pompiers et les stations de gaz naturel.<\/p>\n<h2>Param\u00e8tre de feu en m\u00e9tal T\u00e9l\u00e9phone:<\/h2>\n<table>\n<tbody>\n<tr>\n<td width=\"284\">Mod\u00e8le n \u00b0<\/td>\n<td width=\"284\">L38<\/td>\n<\/tr>\n<tr>\n<td width=\"284\">Grade imperm\u00e9able<\/td>\n<td width=\"284\">IP65<\/td>\n<\/tr>\n<tr>\n<td width=\"284\">Fonction<\/td>\n<td width=\"284\">Prot\u00e9ger le combin\u00e9<\/td>\n<\/tr>\n<tr>\n<td width=\"284\">Application<\/td>\n<td width=\"284\">T\u00e9l\u00e9phone d'urgence incendie<\/td>\n<\/tr>\n<tr>\n<td width=\"284\">Fonctionnalit\u00e9<\/td>\n<td width=\"284\">robuste<\/td>\n<\/tr>\n<tr>\n<td width=\"284\">Lieu d'origine<\/td>\n<td width=\"284\">Zhejiang, Chine<\/td>\n<\/tr>\n<tr>\n<td width=\"284\">Nom de produit<\/td>\n<td width=\"284\">bo\u00eetier en m\u00e9tal<\/td>\n<\/tr>\n<tr>\n<td width=\"284\">Garantie<\/td>\n<td width=\"284\">1 an<\/td>\n<\/tr>\n<tr>\n<td width=\"284\">Couleur<\/td>\n<td width=\"284\">Couleur personnalis\u00e9e<\/td>\n<\/tr>\n<\/tbody>\n<\/table>\n<h2>Caract\u00e9ristique de l'enceinte m\u00e9tallique du t\u00e9l\u00e9phone::<\/h2>\n<p>1.Fire T\u00e9l\u00e9phone Enceinte en m\u00e9tal convient \u00e0 la plupart des combin\u00e9s de t\u00e9l\u00e9phone. En tant que fabricant avec des installations bien \u00e9quip\u00e9es et une \u00e9quipe professionnelle, nous r\u00e9pondons activement aux besoins des clients lors de la conception de bo\u00eetes pour prot\u00e9ger les combin\u00e9s t\u00e9l\u00e9phoniques et fournir aux clients les produits les plus satisfaisants.<\/p>\n<p><img fetchpriority=\"high\" decoding=\"async\" class=\"alignnone wp-image-385 size-full\" src=\"http:\/\/siwoc.com\/wp-content\/uploads\/2025\/01\/1.-L38\u5c3a\u5bf8\u56fe.jpg\" alt=\"\" width=\"819\" height=\"651\" srcset=\"https:\/\/www.siwoc.com\/wp-content\/uploads\/2025\/01\/1.-L38\u5c3a\u5bf8\u56fe.jpg 819w, https:\/\/www.siwoc.com\/wp-content\/uploads\/2025\/01\/1.-L38\u5c3a\u5bf8\u56fe-300x238.jpg 300w, https:\/\/www.siwoc.com\/wp-content\/uploads\/2025\/01\/1.-L38\u5c3a\u5bf8\u56fe-768x610.jpg 768w, https:\/\/www.siwoc.com\/wp-content\/uploads\/2025\/01\/1.-L38\u5c3a\u5bf8\u56fe-15x12.jpg 15w, https:\/\/www.siwoc.com\/wp-content\/uploads\/2025\/01\/1.-L38\u5c3a\u5bf8\u56fe-600x477.jpg 600w\" sizes=\"(max-width: 819px) 100vw, 819px\" \/><\/p>\n<p>2.Lorsque nous avons con\u00e7u l'enceinte m\u00e9tallique par t\u00e9l\u00e9phone d'incendie, nous avons consid\u00e9r\u00e9 de nombreux facteurs tels que: facteurs environnementaux s\u00e9v\u00e8res, facteurs m\u00e9t\u00e9orologiques, circonstances sp\u00e9ciales, etc.<\/p>\n<p><img decoding=\"async\" class=\"alignnone wp-image-386 size-full\" src=\"http:\/\/siwoc.com\/wp-content\/uploads\/2025\/01\/2.-\u6d88\u9632\u884c\u4e1a\u6848\u4f8b.jpg\" alt=\"\" width=\"750\" height=\"668\" srcset=\"https:\/\/www.siwoc.com\/wp-content\/uploads\/2025\/01\/2.-\u6d88\u9632\u884c\u4e1a\u6848\u4f8b.jpg 750w, https:\/\/www.siwoc.com\/wp-content\/uploads\/2025\/01\/2.-\u6d88\u9632\u884c\u4e1a\u6848\u4f8b-300x267.jpg 300w, https:\/\/www.siwoc.com\/wp-content\/uploads\/2025\/01\/2.-\u6d88\u9632\u884c\u4e1a\u6848\u4f8b-13x12.jpg 13w, https:\/\/www.siwoc.com\/wp-content\/uploads\/2025\/01\/2.-\u6d88\u9632\u884c\u4e1a\u6848\u4f8b-600x534.jpg 600w\" sizes=\"(max-width: 750px) 100vw, 750px\" \/><\/p>\n<p>3.Le enclos en m\u00e9tal de t\u00e9l\u00e9phone de feu peut prot\u00e9ger le combin\u00e9 t\u00e9l\u00e9phonique dans des environnements difficiles. Le mat\u00e9riau m\u00e9tallique a une excellente r\u00e9sistance \u00e0 la pression et une r\u00e9sistance \u00e0 l'humidit\u00e9, et la surface est lisse et visuellement belle. L'ext\u00e9rieur est assez difficile pour prot\u00e9ger efficacement le r\u00e9cepteur t\u00e9l\u00e9phonique contre les dommages et l'usure.<\/p>\n<p>4. Pour cette enceinte m\u00e9tallique par t\u00e9l\u00e9phone, nous acceptons la personnalisation de la couleur et de l'impression du logo. La couleur r\u00e9guli\u00e8re du stock est rouge. Toute autre couleur peut \u00eatre personnalis\u00e9e en fonction du num\u00e9ro Pantone ou de l'\u00e9chantillon de couleur.<\/p>\n<p><img decoding=\"async\" class=\"alignnone wp-image-387 size-full\" src=\"http:\/\/siwoc.com\/wp-content\/uploads\/2025\/01\/3.\u5305\u88c5\u56fe.jpg\" alt=\"\" width=\"750\" height=\"654\" srcset=\"https:\/\/www.siwoc.com\/wp-content\/uploads\/2025\/01\/3.\u5305\u88c5\u56fe.jpg 750w, https:\/\/www.siwoc.com\/wp-content\/uploads\/2025\/01\/3.\u5305\u88c5\u56fe-300x262.jpg 300w, https:\/\/www.siwoc.com\/wp-content\/uploads\/2025\/01\/3.\u5305\u88c5\u56fe-14x12.jpg 14w, https:\/\/www.siwoc.com\/wp-content\/uploads\/2025\/01\/3.\u5305\u88c5\u56fe-600x523.jpg 600w\" sizes=\"(max-width: 750px) 100vw, 750px\" \/><\/p>","protected":false},"excerpt":{"rendered":"<p>Siniwo est le fabricant et le fournisseur d'origine de l'enceinte en m\u00e9tal d'incendie d'origine de la Chine. Avec une \u00e9quipe de R&amp;D exp\u00e9riment\u00e9e dans ce domaine, nous pouvons fournir aux clients nationaux et \u00e9trangers les produits les plus rentables. En tant qu'usine en Chine, Siniwo a une capacit\u00e9 flexible pour personnaliser l'enceinte de m\u00e9tal de t\u00e9l\u00e9phone d'incendie avec une apparence et une dimension diff\u00e9rentes selon les exigences du client.<\/p>","protected":false},"featured_media":380,"template":"","meta":[],"product_cat":[86,80],"product_tag":[88,89,90,87],"class_list":{"0":"post-379","1":"product","2":"type-product","3":"status-publish","4":"has-post-thumbnail","6":"product_cat-fire-telephone-metal-enclosure","7":"product_cat-telephone-accessory","8":"product_tag-customized-metal-enclosure","9":"product_tag-metal-sheet-enclosure","10":"product_tag-rugged-metal-enclosure","11":"product_tag-telephone-metal-enclosure","13":"first","14":"instock","15":"shipping-taxable","16":"product-type-simple"},"_links":{"self":[{"href":"https:\/\/www.siwoc.com\/fr\/wp-json\/wp\/v2\/product\/379","targetHints":{"allow":["GET"]}}],"collection":[{"href":"https:\/\/www.siwoc.com\/fr\/wp-json\/wp\/v2\/product"}],"about":[{"href":"https:\/\/www.siwoc.com\/fr\/wp-json\/wp\/v2\/types\/product"}],"version-history":[{"count":0,"href":"https:\/\/www.siwoc.com\/fr\/wp-json\/wp\/v2\/product\/379\/revisions"}],"wp:featuredmedia":[{"embeddable":true,"href":"https:\/\/www.siwoc.com\/fr\/wp-json\/wp\/v2\/media\/380"}],"wp:attachment":[{"href":"https:\/\/www.siwoc.com\/fr\/wp-json\/wp\/v2\/media?parent=379"}],"wp:term":[{"taxonomy":"product_cat","embeddable":true,"href":"https:\/\/www.siwoc.com\/fr\/wp-json\/wp\/v2\/product_cat?post=379"},{"taxonomy":"product_tag","embeddable":true,"href":"https:\/\/www.siwoc.com\/fr\/wp-json\/wp\/v2\/product_tag?post=379"}],"curies":[{"name":"wp","href":"https:\/\/api.w.org\/{rel}","templated":true}]}}