{"id":257,"date":"2024-12-31T15:53:34","date_gmt":"2024-12-31T07:53:34","guid":{"rendered":"http:\/\/siwoc.com\/?post_type=product&#038;p=257"},"modified":"2024-12-31T16:35:47","modified_gmt":"2024-12-31T08:35:47","slug":"jail-telephone-handset","status":"publish","type":"product","link":"https:\/\/www.siwoc.com\/it\/product\/jail-telephone-handset\/","title":{"rendered":"Cornetta del telefono della prigione"},"content":{"rendered":"<p>Il telefono della prigione SINIWO \u00e8 progettato per soddisfare o superare tutte le specifiche pubblicate per i telefoni da utilizzare sui terminali pubblici in prigione. Il telefono ha caratteristiche di resistenza e durata che superano qualsiasi telefono prodotto in Cina. Questo telefono carcerario prodotto da SINIWO \u00e8 dotato di design a prova di vandalo, superficie robusta e spazio sigillato, che \u00e8 sicuro da usare nelle carceri.<\/p>\n<div><iframe title=\"Lettore video di YouTube\" src=\"https:\/\/www.youtube.com\/embed\/yzT2NPSuHno?si=HqUnPgzJ9rdN6sic\" width=\"560\" height=\"315\" frameborder=\"0\" allowfullscreen=\"allowfullscreen\"><\/iframe>\n<\/div>\n<h2>Parametro della cornetta del telefono della prigione<\/h2>\n<table>\n<tbody>\n<tr>\n<td width=\"284\">Modello n.<\/td>\n<td width=\"284\">A02<\/td>\n<\/tr>\n<tr>\n<td width=\"284\">Grado impermeabile<\/td>\n<td width=\"284\">IP65<\/td>\n<\/tr>\n<tr>\n<td width=\"284\">Ambient Noise<\/td>\n<td width=\"284\">\u226460dB<\/td>\n<\/tr>\n<tr>\n<td width=\"284\">Working Frequency<\/td>\n<td width=\"284\">300~3400Hz<\/td>\n<\/tr>\n<tr>\n<td width=\"284\">SLR<\/td>\n<td width=\"284\">5~15 dB<\/td>\n<\/tr>\n<tr>\n<td width=\"284\">RLR<\/td>\n<td width=\"284\">-7~2 dB<\/td>\n<\/tr>\n<tr>\n<td width=\"284\">Temperatura di lavoro<\/td>\n<td width=\"284\">Comune: -30\u2103~+50\u2103<\/td>\n<\/tr>\n<tr>\n<td width=\"284\">Umidit\u00e0 relativa<\/td>\n<td width=\"284\">\u226495%<\/td>\n<\/tr>\n<tr>\n<td width=\"284\">Pressione atmosferica<\/td>\n<td width=\"284\">80~110Kpa<\/td>\n<\/tr>\n<tr>\n<td width=\"284\">Forza di trazione<\/td>\n<td width=\"284\">Personalizzato<\/td>\n<\/tr>\n<\/tbody>\n<\/table>\n<h2>Caratteristica della cornetta del telefono della prigione<\/h2>\n<p>1. Essendo un telefono carcerario utilizzato nelle carceri, l'antivandalismo e le caratteristiche di sicurezza sono i principali fattori che dobbiamo considerare. Allora come migliorare la sicurezza della cornetta telefonica del carcere ed evitare che diventi un'arma o la detenzione di droga da parte dei detenuti? Dalla struttura, incolliamo i cappucci del portatile con una coppia di rimozione superiore a 130 piedi-libbre. Ci\u00f2 garantisce che i tappi non possano essere rimossi dal pubblico utilizzando piccoli utensili manuali o a mani nude. A titolo di confronto, i bulloni ad alette per i pneumatici delle auto richiedono una coppia di circa 75 piedi-libbre per essere rimossi.<\/p>\n<p><img fetchpriority=\"high\" decoding=\"async\" class=\"alignnone wp-image-264 size-full\" src=\"http:\/\/siwoc.com\/wp-content\/uploads\/2024\/12\/1.-A02\u5c3a\u5bf8\u56fe.jpg\" alt=\"\" width=\"449\" height=\"500\" srcset=\"https:\/\/www.siwoc.com\/wp-content\/uploads\/2024\/12\/1.-A02\u5c3a\u5bf8\u56fe.jpg 449w, https:\/\/www.siwoc.com\/wp-content\/uploads\/2024\/12\/1.-A02\u5c3a\u5bf8\u56fe-269x300.jpg 269w, https:\/\/www.siwoc.com\/wp-content\/uploads\/2024\/12\/1.-A02\u5c3a\u5bf8\u56fe-11x12.jpg 11w\" sizes=\"(max-width: 449px) 100vw, 449px\" \/><\/p>\n<p>2. Questo telefono della prigione \u00e8 progettato principalmente per telefoni, tablet PC, chioschi o distributori automatici in prigione. A seconda dell'applicazione, il ricevitore richiede cavi e collegamenti elettrici di lunghezza diversa. Per i telefoni, la connessione normale \u00e8 costituita da connettori AMP, ma per PC o chioschi, normalmente sono richiesti jack audio USB-A o CC.<\/p>\n<p><img decoding=\"async\" class=\"alignnone wp-image-265 size-full\" src=\"http:\/\/siwoc.com\/wp-content\/uploads\/2024\/12\/2.-\u7fd4\u9f99\u76d1\u72f1\u624b\u67c4\u6848\u4f8b.jpg\" alt=\"\" width=\"750\" height=\"668\" srcset=\"https:\/\/www.siwoc.com\/wp-content\/uploads\/2024\/12\/2.-\u7fd4\u9f99\u76d1\u72f1\u624b\u67c4\u6848\u4f8b.jpg 750w, https:\/\/www.siwoc.com\/wp-content\/uploads\/2024\/12\/2.-\u7fd4\u9f99\u76d1\u72f1\u624b\u67c4\u6848\u4f8b-300x267.jpg 300w, https:\/\/www.siwoc.com\/wp-content\/uploads\/2024\/12\/2.-\u7fd4\u9f99\u76d1\u72f1\u624b\u67c4\u6848\u4f8b-13x12.jpg 13w, https:\/\/www.siwoc.com\/wp-content\/uploads\/2024\/12\/2.-\u7fd4\u9f99\u76d1\u72f1\u624b\u67c4\u6848\u4f8b-600x534.jpg 600w\" sizes=\"(max-width: 750px) 100vw, 750px\" \/><\/p>\n<h2>Dettagli del cavo riccio esterno della cornetta del telefono della prigione<\/h2>\n<p>Cavo armato flessibile in acciaio inossidabile ad incastro SUS304 in acciaio inossidabile (predefinito)<br \/>\n\u2013 La lunghezza standard del cavo armato da 32 pollici e 10 pollici, 12 pollici, 18 pollici e 23 pollici \u00e8 opzionale.<br \/>\n\u2013 Include cordino in acciaio ancorato al guscio del telefono. La corda d'acciaio abbinata ha una forza di trazione diversa.<br \/>\n\u2013 Diametro: 1,6 mm, 0,063\", Carico di prova di trazione: 170 kg, 375 libbre.<br \/>\n\u2013 Diametro: 2,0 mm, 0,078\", Carico di prova di trazione: 250 kg, 551 libbre.<br \/>\n\u2013 Diametro: 2,5 mm, 0,095\", Carico di prova di trazione: 450 kg, 992 libbre.<\/p>\n<p><img decoding=\"async\" class=\"alignnone wp-image-266 size-full\" src=\"http:\/\/siwoc.com\/wp-content\/uploads\/2024\/12\/3.\u624b\u67c4\u6d4b\u8bd5\u8bbe\u5907\u6d41\u7a0b.jpg\" alt=\"\" width=\"750\" height=\"688\" srcset=\"https:\/\/www.siwoc.com\/wp-content\/uploads\/2024\/12\/3.\u624b\u67c4\u6d4b\u8bd5\u8bbe\u5907\u6d41\u7a0b.jpg 750w, https:\/\/www.siwoc.com\/wp-content\/uploads\/2024\/12\/3.\u624b\u67c4\u6d4b\u8bd5\u8bbe\u5907\u6d41\u7a0b-300x275.jpg 300w, https:\/\/www.siwoc.com\/wp-content\/uploads\/2024\/12\/3.\u624b\u67c4\u6d4b\u8bd5\u8bbe\u5907\u6d41\u7a0b-13x12.jpg 13w, https:\/\/www.siwoc.com\/wp-content\/uploads\/2024\/12\/3.\u624b\u67c4\u6d4b\u8bd5\u8bbe\u5907\u6d41\u7a0b-600x550.jpg 600w\" sizes=\"(max-width: 750px) 100vw, 750px\" \/><\/p>\n<h2>Dettagli del cavo della cornetta del telefono della prigione<\/h2>\n<p>Viene utilizzato un filo intrecciato di calibro minimo 26 per garantire una buona qualit\u00e0 di trasmissione, flessibilit\u00e0 e durata. L'isolamento \u00e8 in Teflon, che non sopporta la fiamma dovuta al calore. (Gli accendini su altri tipi di isolamento faranno s\u00ec che l'isolamento prenda fuoco e bruci.) La maggior parte dei concorrenti utilizza un filo di diametro inferiore e un isolamento pi\u00f9 economico, con conseguenti potenziali problemi di trasmissione e incendio.<\/p>\n<p>&nbsp;<\/p>\n<p>&nbsp;<\/p>\n<p>&nbsp;<\/p>","protected":false},"excerpt":{"rendered":"<p>SINIWO \u00e8 una fabbrica originale e fornitore di telefoni carcerari in Cina. Abbiamo un distributore di telefoni carcerari nel mercato nordamericano, che pu\u00f2 offrire tempi di consegna rapidi e servizio post vendita. Cerchiamo distributori o grossisti qualificati di telefoni carcerari come partner a lungo termine nel mercato globale.<\/p>","protected":false},"featured_media":258,"template":"","meta":[],"product_cat":[30,24],"product_tag":[33,31,32,35,34],"class_list":{"0":"post-257","1":"product","2":"type-product","3":"status-publish","4":"has-post-thumbnail","6":"product_cat-jail-telephone-handset","7":"product_cat-telephone-handset","8":"product_tag-inmate-telephone-handset","9":"product_tag-jail-telphone-handset","10":"product_tag-prison-phone-handset","11":"product_tag-rugged-telephone-handset","12":"product_tag-vandal-proof-telephone-handset","14":"first","15":"instock","16":"shipping-taxable","17":"product-type-simple"},"_links":{"self":[{"href":"https:\/\/www.siwoc.com\/it\/wp-json\/wp\/v2\/product\/257","targetHints":{"allow":["GET"]}}],"collection":[{"href":"https:\/\/www.siwoc.com\/it\/wp-json\/wp\/v2\/product"}],"about":[{"href":"https:\/\/www.siwoc.com\/it\/wp-json\/wp\/v2\/types\/product"}],"version-history":[{"count":0,"href":"https:\/\/www.siwoc.com\/it\/wp-json\/wp\/v2\/product\/257\/revisions"}],"wp:featuredmedia":[{"embeddable":true,"href":"https:\/\/www.siwoc.com\/it\/wp-json\/wp\/v2\/media\/258"}],"wp:attachment":[{"href":"https:\/\/www.siwoc.com\/it\/wp-json\/wp\/v2\/media?parent=257"}],"wp:term":[{"taxonomy":"product_cat","embeddable":true,"href":"https:\/\/www.siwoc.com\/it\/wp-json\/wp\/v2\/product_cat?post=257"},{"taxonomy":"product_tag","embeddable":true,"href":"https:\/\/www.siwoc.com\/it\/wp-json\/wp\/v2\/product_tag?post=257"}],"curies":[{"name":"wp","href":"https:\/\/api.w.org\/{rel}","templated":true}]}}