{"id":280,"date":"2025-01-02T11:18:02","date_gmt":"2025-01-02T03:18:02","guid":{"rendered":"http:\/\/siwoc.com\/?post_type=product&#038;p=280"},"modified":"2025-01-02T11:32:14","modified_gmt":"2025-01-02T03:32:14","slug":"ptt-switch-telephone-handset","status":"publish","type":"product","link":"https:\/\/www.siwoc.com\/it\/product\/ptt-switch-telephone-handset\/","title":{"rendered":"Interruttore PTT Ricevitore telefonico"},"content":{"rendered":"<p>Questo ricevitore telefonico con interruttore PTT SINIWO \u00e8 un ricevitore telefonico personalizzato per carichi pesanti utilizzato negli impianti chimici, nelle stazioni di petrolio e gas e nei porti marittimi, dove \u00e8 richiesta la riduzione del rumore e la funzione push-to-talk. \u00c8 conforme alla Direttiva EMC 2014\/30\/UE del Consiglio secondo gli standard di test EN55032:2015\/A1:2020 e EN55035:2017\/A11:2020.<\/p>\n<h2>Parametro del ricevitore telefonico con interruttore PTT<\/h2>\n<table>\n<tbody>\n<tr>\n<td width=\"284\">Modello n.<\/td>\n<td width=\"284\">A15<\/td>\n<\/tr>\n<tr>\n<td width=\"284\">Grado impermeabile<\/td>\n<td width=\"284\">IP65<\/td>\n<\/tr>\n<tr>\n<td width=\"284\">Ambient Noise<\/td>\n<td width=\"284\">\u226460dB<\/td>\n<\/tr>\n<tr>\n<td width=\"284\">Working Frequency<\/td>\n<td width=\"284\">300~3400Hz<\/td>\n<\/tr>\n<tr>\n<td width=\"284\">SLR<\/td>\n<td width=\"284\">5~15 dB<\/td>\n<\/tr>\n<tr>\n<td width=\"284\">RLR<\/td>\n<td width=\"284\">-7~2 dB<\/td>\n<\/tr>\n<tr>\n<td width=\"284\">Funzione speciale<\/td>\n<td width=\"284\">Ricevitore telefonico con interruttore PTT con riduzione del rumore<\/td>\n<\/tr>\n<tr>\n<td width=\"284\">Temperatura di lavoro<\/td>\n<td width=\"284\">Common:-20\u2103~+40\u2103<br \/>\nSpecial: -40\u2103~+50\u2103<br \/>\n(Please tell us your request in advance)<\/td>\n<\/tr>\n<tr>\n<td width=\"284\">Umidit\u00e0 relativa<\/td>\n<td width=\"284\">\u226495%<\/td>\n<\/tr>\n<tr>\n<td width=\"284\">Pressione atmosferica<\/td>\n<td width=\"284\">80~110Kpa<\/td>\n<\/tr>\n<\/tbody>\n<\/table>\n<h2>Caratteristica del ricevitore telefonico con interruttore PTT<\/h2>\n<p>1.Questa cornetta telefonica resistente alle intemperie \u00e8 progettata ergonomicamente e adatta alla maggior parte dei telefoni da esterno. In qualit\u00e0 di produttore speciale nel campo delle telecomunicazioni industriali, abbiamo una ricca esperienza nella progettazione di telefoni cellulari resistenti alle intemperie e forniamo soluzioni per i clienti.<\/p>\n<p>&nbsp;<\/p>\n<p><img fetchpriority=\"high\" decoding=\"async\" class=\"alignnone wp-image-281 size-full\" src=\"http:\/\/siwoc.com\/wp-content\/uploads\/2025\/01\/1.\u5c3a\u5bf8\u56fe.jpg\" alt=\"\" width=\"300\" height=\"354\" srcset=\"https:\/\/www.siwoc.com\/wp-content\/uploads\/2025\/01\/1.\u5c3a\u5bf8\u56fe.jpg 300w, https:\/\/www.siwoc.com\/wp-content\/uploads\/2025\/01\/1.\u5c3a\u5bf8\u56fe-254x300.jpg 254w, https:\/\/www.siwoc.com\/wp-content\/uploads\/2025\/01\/1.\u5c3a\u5bf8\u56fe-10x12.jpg 10w\" sizes=\"(max-width: 300px) 100vw, 300px\" \/><\/p>\n<p>2. Per questo ricevitore telefonico con interruttore PTT utilizzato in ambienti difficili, offriamo un altoparlante per apparecchi acustici per persone con problemi di udito e un microfono con riduzione del rumore, che potrebbe eliminare il rumore di fondo quando si risponde alle chiamate; Con l'interruttore push-to-talk, potrebbe migliorare la qualit\u00e0 della comunicazione quando si rilascia l'interruttore.<\/p>\n<p><iframe title=\"Lettore video di YouTube\" src=\"https:\/\/www.youtube.com\/embed\/sZkHPoaxf9Y?si=lbCkkBo0V-49DMNF\" width=\"560\" height=\"315\" frameborder=\"0\" allowfullscreen=\"allowfullscreen\"><\/iframe><\/p>\n<h2>Dettagli del cavo riccio esterno della cornetta telefonica resistente alle intemperie<\/h2>\n<p>\u2013 PVC curly cord (Default), working temperature: -20\u2103~+40\u2103<br \/>\n\u2013 Standard cord length 9 inch in retracted, 6 feet after extended (Default)<br \/>\n\u2013 Customized different length is available.<br \/>\n\u2013 Weather resistant PVC curly cord (Optional), working temperature: -30\u2103~+50\u2103<br \/>\n\u2013 Temperatura di funzionamento del cavo riccio Hytrel (opzionale): -40 \u2103 ~ +100\u2103<\/p>\n<p><img decoding=\"async\" class=\"alignnone wp-image-282 size-full\" src=\"http:\/\/siwoc.com\/wp-content\/uploads\/2025\/01\/2.\u624b\u67c4\u6d4b\u8bd5\u8bbe\u5907\u6d41\u7a0b.jpg\" alt=\"\" width=\"750\" height=\"688\" srcset=\"https:\/\/www.siwoc.com\/wp-content\/uploads\/2025\/01\/2.\u624b\u67c4\u6d4b\u8bd5\u8bbe\u5907\u6d41\u7a0b.jpg 750w, https:\/\/www.siwoc.com\/wp-content\/uploads\/2025\/01\/2.\u624b\u67c4\u6d4b\u8bd5\u8bbe\u5907\u6d41\u7a0b-300x275.jpg 300w, https:\/\/www.siwoc.com\/wp-content\/uploads\/2025\/01\/2.\u624b\u67c4\u6d4b\u8bd5\u8bbe\u5907\u6d41\u7a0b-13x12.jpg 13w, https:\/\/www.siwoc.com\/wp-content\/uploads\/2025\/01\/2.\u624b\u67c4\u6d4b\u8bd5\u8bbe\u5907\u6d41\u7a0b-600x550.jpg 600w\" sizes=\"(max-width: 750px) 100vw, 750px\" \/><\/p>\n<p>3. In qualit\u00e0 di produttore e fornitore in Cina, SINIWO accetta la personalizzazione del colore e del logo per questo ricevitore telefonico con interruttore PTT. Il colore comune in stock \u00e8 nero e rosso. Qualsiasi altro colore pu\u00f2 essere personalizzato in base al numero Pantone o al campione di colore. Il logo pu\u00f2 essere realizzato mediante stampa laser o serigrafica oppure \u00e8 accettabile personalizzare il logo dall'attrezzatura originale.<\/p>\n<p><img decoding=\"async\" class=\"alignnone wp-image-275 size-full\" src=\"http:\/\/siwoc.com\/wp-content\/uploads\/2024\/12\/2.\u53ef\u9009\u989c\u8272.jpg\" alt=\"\" width=\"750\" height=\"500\" srcset=\"https:\/\/www.siwoc.com\/wp-content\/uploads\/2024\/12\/2.\u53ef\u9009\u989c\u8272.jpg 750w, https:\/\/www.siwoc.com\/wp-content\/uploads\/2024\/12\/2.\u53ef\u9009\u989c\u8272-300x200.jpg 300w, https:\/\/www.siwoc.com\/wp-content\/uploads\/2024\/12\/2.\u53ef\u9009\u989c\u8272-18x12.jpg 18w, https:\/\/www.siwoc.com\/wp-content\/uploads\/2024\/12\/2.\u53ef\u9009\u989c\u8272-600x400.jpg 600w\" sizes=\"(max-width: 750px) 100vw, 750px\" \/><\/p>\n<p>&nbsp;<\/p>\n<p>&nbsp;<\/p>\n<p>&nbsp;<\/p>\n<p>&nbsp;<\/p>\n<p>&nbsp;<\/p>\n<p>&nbsp;<\/p>\n<p>&nbsp;<\/p>","protected":false},"excerpt":{"rendered":"<p>In qualit\u00e0 di fornitore di telefoni con interruttore PTT in Cina, utilizzati in aree industriali, SINIWO ha sviluppato un microfono con riduzione del rumore partendo dai dati tecnici e dalla struttura del microfono quando lo ha progettato. Questo ricevitore telefonico con interruttore PTT SINIWO \u00e8 stato scelto da Gai-tronics per la maggior parte dei telefoni pesanti nel mercato globale.<\/p>","protected":false},"featured_media":286,"template":"","meta":[],"product_cat":[37,24],"product_tag":[38,39,40],"class_list":{"0":"post-280","1":"product","2":"type-product","3":"status-publish","4":"has-post-thumbnail","6":"product_cat-ptt-switch-telephone-handset","7":"product_cat-telephone-handset","8":"product_tag-customized-handset","9":"product_tag-industrial-telephone-handset","10":"product_tag-noise-canceling-handset","12":"first","13":"instock","14":"shipping-taxable","15":"product-type-simple"},"_links":{"self":[{"href":"https:\/\/www.siwoc.com\/it\/wp-json\/wp\/v2\/product\/280","targetHints":{"allow":["GET"]}}],"collection":[{"href":"https:\/\/www.siwoc.com\/it\/wp-json\/wp\/v2\/product"}],"about":[{"href":"https:\/\/www.siwoc.com\/it\/wp-json\/wp\/v2\/types\/product"}],"version-history":[{"count":0,"href":"https:\/\/www.siwoc.com\/it\/wp-json\/wp\/v2\/product\/280\/revisions"}],"wp:featuredmedia":[{"embeddable":true,"href":"https:\/\/www.siwoc.com\/it\/wp-json\/wp\/v2\/media\/286"}],"wp:attachment":[{"href":"https:\/\/www.siwoc.com\/it\/wp-json\/wp\/v2\/media?parent=280"}],"wp:term":[{"taxonomy":"product_cat","embeddable":true,"href":"https:\/\/www.siwoc.com\/it\/wp-json\/wp\/v2\/product_cat?post=280"},{"taxonomy":"product_tag","embeddable":true,"href":"https:\/\/www.siwoc.com\/it\/wp-json\/wp\/v2\/product_tag?post=280"}],"curies":[{"name":"wp","href":"https:\/\/api.w.org\/{rel}","templated":true}]}}