{"id":257,"date":"2024-12-31T15:53:34","date_gmt":"2024-12-31T07:53:34","guid":{"rendered":"http:\/\/siwoc.com\/?post_type=product&#038;p=257"},"modified":"2024-12-31T16:35:47","modified_gmt":"2024-12-31T08:35:47","slug":"jail-telephone-handset","status":"publish","type":"product","link":"https:\/\/www.siwoc.com\/pl\/product\/jail-telephone-handset\/","title":{"rendered":"S\u0142uchawka telefonu wi\u0119ziennego"},"content":{"rendered":"<p>Telefon kom\u00f3rkowy SINIWO jest zaprojektowany w taki spos\u00f3b, aby spe\u0142nia\u0142 lub przekracza\u0142 wszystkie opublikowane specyfikacje dotycz\u0105ce telefon\u00f3w do u\u017cytku na publicznych terminalach w wi\u0119zieniu. Telefon ma cechy wytrzyma\u0142o\u015bci i odporno\u015bci, kt\u00f3re przekraczaj\u0105 ka\u017cdy telefon wytworzony w Chinach. Ten telefon kom\u00f3rkowy w zak\u0142adzie wi\u0119ziennej wyprodukowany przez SINIWO ma zaprojektowan\u0105 konstrukcj\u0119 odporn\u0105 na przemoc, odporn\u0105 powierzchni\u0119 i zamkni\u0119te wn\u0119trze, co zapewnia bezpiecze\u0144stwo w u\u017cyciu w wi\u0119zniach.<\/p>\n<div><iframe title=\"Odtwarzacz wideo YouTube\" src=\"https:\/\/www.youtube.com\/embed\/yzT2NPSuHno?si=HqUnPgzJ9rdN6sic\" width=\"560\" height=\"315\" frameborder=\"0\" allowfullscreen=\"allowfullscreen\"><\/iframe>\n<\/div>\n<h2>Parametr telefonu kom\u00f3rkowego w komnacie wi\u0119ziennych<\/h2>\n<table>\n<tbody>\n<tr>\n<td width=\"284\">Nr modelu<\/td>\n<td width=\"284\">A02<\/td>\n<\/tr>\n<tr>\n<td width=\"284\">Stopie\u0144 wodoodporno\u015bci<\/td>\n<td width=\"284\">IP65<\/td>\n<\/tr>\n<tr>\n<td width=\"284\">D\u017awi\u0119k t\u0142a<\/td>\n<td width=\"284\">\u226460dB<\/td>\n<\/tr>\n<tr>\n<td width=\"284\">Cz\u0119stotliwo\u015b\u0107 pracy<\/td>\n<td width=\"284\">300~3400Hz<\/td>\n<\/tr>\n<tr>\n<td width=\"284\">SLR<\/td>\n<td width=\"284\">5~15 dB<\/td>\n<\/tr>\n<tr>\n<td width=\"284\">RLR<\/td>\n<td width=\"284\">-7~2 dB<\/td>\n<\/tr>\n<tr>\n<td width=\"284\">Working Temperature<\/td>\n<td width=\"284\">Wsp\u00f3lne:-30\u2103~+50\u2103<\/td>\n<\/tr>\n<tr>\n<td width=\"284\">Wilgotno\u015b\u0107 wzgl\u0119dna<\/td>\n<td width=\"284\">\u226495%<\/td>\n<\/tr>\n<tr>\n<td width=\"284\">Ci\u015bnienie atmosferyczne<\/td>\n<td width=\"284\">80~110Kpa<\/td>\n<\/tr>\n<tr>\n<td width=\"284\">Si\u0142a wyci\u0105gania<\/td>\n<td width=\"284\">Customized<\/td>\n<\/tr>\n<\/tbody>\n<\/table>\n<h2>Funkcja telefonu kom\u00f3rkowego w komnacie wi\u0119ziennych<\/h2>\n<p>Jako telefon kom\u00f3rkowy u\u017cywany w wi\u0119zieniach, ochrona przed zniszczeniem i cechy bezpiecze\u0144stwa to g\u0142\u00f3wne czynniki, kt\u00f3re musimy uwzgl\u0119dni\u0107. Wtedy jak poprawi\u0107 bezpiecze\u0144stwo telefonu kom\u00f3rkowego w wi\u0119zieniu i unikn\u0105\u0107 jego wykorzystania jako broni lub przechowywania narkotyk\u00f3w przez wi\u0119\u017ani\u00f3w? Z punktu widzenia konstrukcji, \u0142\u0105czy si\u0119 kaptury telefon\u00f3w kom\u00f3rkowych przy u\u017cyciu nadmiaru momentu obrotowego wynosz\u0105cego ponad 130 stopni stopni. To zapewnia, \u017ce kaptury nie mog\u0105 zosta\u0107 usuni\u0119te przez publiczno\u015b\u0107 za pomoc\u0105 ma\u0142ych narz\u0119dzi r\u0119cznych lub r\u0119kami pustymi. W por\u00f3wnaniu, \u015bruby do odkr\u0119cania opon samochodowych wymagaj\u0105 oko\u0142o 75 ft-lb momentu obrotowego.<\/p>\n<p><img fetchpriority=\"high\" decoding=\"async\" class=\"alignnone wp-image-264 size-full\" src=\"http:\/\/siwoc.com\/wp-content\/uploads\/2024\/12\/1.-A02\u5c3a\u5bf8\u56fe.jpg\" alt=\"\" width=\"449\" height=\"500\" srcset=\"https:\/\/www.siwoc.com\/wp-content\/uploads\/2024\/12\/1.-A02\u5c3a\u5bf8\u56fe.jpg 449w, https:\/\/www.siwoc.com\/wp-content\/uploads\/2024\/12\/1.-A02\u5c3a\u5bf8\u56fe-269x300.jpg 269w, https:\/\/www.siwoc.com\/wp-content\/uploads\/2024\/12\/1.-A02\u5c3a\u5bf8\u56fe-11x12.jpg 11w\" sizes=\"(max-width: 449px) 100vw, 449px\" \/><\/p>\n<p>2. Ten telefon kom\u00f3rkowy w komnatach wi\u0119ziennych zosta\u0142 g\u0142\u00f3wnie zaprojektowany do telefon\u00f3w, tablet\u00f3w PC, kiosk\u00f3w lub maszyn automatycznych w wi\u0119zieniach. Dla r\u00f3\u017cnych zastosowa\u0144, telefon kom\u00f3rkowy wymaga r\u00f3\u017cnych d\u0142ugo\u015bci przewodu i po\u0142\u0105cze\u0144 elektrycznych. Dla telefon\u00f3w standardowym po\u0142\u0105czeniem s\u0105 gniazda AMP, ale dla komputer\u00f3w lub stanowisk kioskowych zwykle wymagane s\u0105 gniazda USB-A lub gniazdo audio DC.<\/p>\n<p><img decoding=\"async\" class=\"alignnone wp-image-265 size-full\" src=\"http:\/\/siwoc.com\/wp-content\/uploads\/2024\/12\/2.-\u7fd4\u9f99\u76d1\u72f1\u624b\u67c4\u6848\u4f8b.jpg\" alt=\"\" width=\"750\" height=\"668\" srcset=\"https:\/\/www.siwoc.com\/wp-content\/uploads\/2024\/12\/2.-\u7fd4\u9f99\u76d1\u72f1\u624b\u67c4\u6848\u4f8b.jpg 750w, https:\/\/www.siwoc.com\/wp-content\/uploads\/2024\/12\/2.-\u7fd4\u9f99\u76d1\u72f1\u624b\u67c4\u6848\u4f8b-300x267.jpg 300w, https:\/\/www.siwoc.com\/wp-content\/uploads\/2024\/12\/2.-\u7fd4\u9f99\u76d1\u72f1\u624b\u67c4\u6848\u4f8b-13x12.jpg 13w, https:\/\/www.siwoc.com\/wp-content\/uploads\/2024\/12\/2.-\u7fd4\u9f99\u76d1\u72f1\u624b\u67c4\u6848\u4f8b-600x534.jpg 600w\" sizes=\"(max-width: 750px) 100vw, 750px\" \/><\/p>\n<h2>Szczeg\u00f3\u0142y zewn\u0119trznej krzywej przewodzenia telefonu kom\u00f3rkowego w komorze wi\u0119zienna<\/h2>\n<p>Czujnikowy przew\u00f3d stalowy SUS304 stal nierdzewna (domy\u015blny)<br \/>\n\u2013 D\u0142ugo\u015b\u0107 standardowego przewodu z warstw\u0105 izolacyjn\u0105 32 cali, a tak\u017ce 10 cali, 12 cali, 18 cali i 23 cali jest opcjonalna.<br \/>\n\u2013 W\u0142\u0105cz sznurek stalowy, kt\u00f3ry jest przyczepiony do obudowy telefonu. Zamocowana linia stalowa ma r\u00f3\u017cne si\u0142y rozci\u0105gania.<br \/>\n\u2013 \u015arednica: 1,6 mm, 0,063 \", obci\u0105\u017cenie testowe wyci\u0105gowe: 170 kg, 375 lbs.<br \/>\n\u2013 \u015arednica: 2,0 mm, 0,078\", obci\u0105\u017cenie testowe wyci\u0105gowe: 250 kg, 551 funty.<br \/>\n\u2013 \u015arednica: 2,5 mm, 0,095\", Si\u0142a testu wyci\u0105gania: 450 kg, 992 funty.<\/p>\n<p><img decoding=\"async\" class=\"alignnone wp-image-266 size-full\" src=\"http:\/\/siwoc.com\/wp-content\/uploads\/2024\/12\/3.\u624b\u67c4\u6d4b\u8bd5\u8bbe\u5907\u6d41\u7a0b.jpg\" alt=\"\" width=\"750\" height=\"688\" srcset=\"https:\/\/www.siwoc.com\/wp-content\/uploads\/2024\/12\/3.\u624b\u67c4\u6d4b\u8bd5\u8bbe\u5907\u6d41\u7a0b.jpg 750w, https:\/\/www.siwoc.com\/wp-content\/uploads\/2024\/12\/3.\u624b\u67c4\u6d4b\u8bd5\u8bbe\u5907\u6d41\u7a0b-300x275.jpg 300w, https:\/\/www.siwoc.com\/wp-content\/uploads\/2024\/12\/3.\u624b\u67c4\u6d4b\u8bd5\u8bbe\u5907\u6d41\u7a0b-13x12.jpg 13w, https:\/\/www.siwoc.com\/wp-content\/uploads\/2024\/12\/3.\u624b\u67c4\u6d4b\u8bd5\u8bbe\u5907\u6d41\u7a0b-600x550.jpg 600w\" sizes=\"(max-width: 750px) 100vw, 750px\" \/><\/p>\n<h2>Szczeg\u00f3\u0142y przewodu s\u0142uchawkowego telefonu w wi\u0119zieniu<\/h2>\n<p>Przew\u00f3d zatrzaskowy o \u015brednicy co najmniej 26 cali s\u0142u\u017cy do zapewnienia dobrego jako\u015bci transmisji i elastyczno\u015bci oraz trwa\u0142o\u015bci. Izolacja jest Teflon, kt\u00f3ry nie wspiera p\u0142omie\u0144 od ciep\u0142a. (Palniki do papieros\u00f3w na innych rodzajach izolacji spowoduj\u0105, \u017ce izolacja zapali si\u0119 i spali si\u0119.) Wi\u0119kszo\u015b\u0107 konkurencji u\u017cywa cie\u0144szego przewodu i ta\u0144szej izolacji, co mo\u017ce prowadzi\u0107 do potencjalnych problem\u00f3w z przesy\u0142aniem i po\u017carem.<\/p>\n<p>&nbsp;<\/p>\n<p>&nbsp;<\/p>\n<p>&nbsp;<\/p>","protected":false},"excerpt":{"rendered":"<p>SINIWO to oryginalny producent i dostawca telefon\u00f3w kom\u00f3rkowych do kom\u00f3r w Chinach. Mamy dystrybutora telefonu kom\u00f3rkowego w rynku ameryka\u0144skim, kt\u00f3ry mo\u017ce zapewni\u0107 szybkie czas dostawy oraz us\u0142ugi serwisowe. Wyszukujemy kwalifikowanego dystrybutora lub hurtownia telefonu kom\u00f3rkowego do wi\u0119zienia jako d\u0142ugoterminowego partnera na rynku globalnym.<\/p>","protected":false},"featured_media":258,"template":"","meta":[],"product_cat":[30,24],"product_tag":[33,31,32,35,34],"class_list":{"0":"post-257","1":"product","2":"type-product","3":"status-publish","4":"has-post-thumbnail","6":"product_cat-jail-telephone-handset","7":"product_cat-telephone-handset","8":"product_tag-inmate-telephone-handset","9":"product_tag-jail-telphone-handset","10":"product_tag-prison-phone-handset","11":"product_tag-rugged-telephone-handset","12":"product_tag-vandal-proof-telephone-handset","14":"first","15":"instock","16":"shipping-taxable","17":"product-type-simple"},"_links":{"self":[{"href":"https:\/\/www.siwoc.com\/pl\/wp-json\/wp\/v2\/product\/257","targetHints":{"allow":["GET"]}}],"collection":[{"href":"https:\/\/www.siwoc.com\/pl\/wp-json\/wp\/v2\/product"}],"about":[{"href":"https:\/\/www.siwoc.com\/pl\/wp-json\/wp\/v2\/types\/product"}],"version-history":[{"count":0,"href":"https:\/\/www.siwoc.com\/pl\/wp-json\/wp\/v2\/product\/257\/revisions"}],"wp:featuredmedia":[{"embeddable":true,"href":"https:\/\/www.siwoc.com\/pl\/wp-json\/wp\/v2\/media\/258"}],"wp:attachment":[{"href":"https:\/\/www.siwoc.com\/pl\/wp-json\/wp\/v2\/media?parent=257"}],"wp:term":[{"taxonomy":"product_cat","embeddable":true,"href":"https:\/\/www.siwoc.com\/pl\/wp-json\/wp\/v2\/product_cat?post=257"},{"taxonomy":"product_tag","embeddable":true,"href":"https:\/\/www.siwoc.com\/pl\/wp-json\/wp\/v2\/product_tag?post=257"}],"curies":[{"name":"wp","href":"https:\/\/api.w.org\/{rel}","templated":true}]}}