{"id":271,"date":"2024-12-31T16:38:24","date_gmt":"2024-12-31T08:38:24","guid":{"rendered":"http:\/\/siwoc.com\/?post_type=product&#038;p=271"},"modified":"2025-01-13T17:40:43","modified_gmt":"2025-01-13T09:40:43","slug":"abs-plastic-ptt-switch-industrial-telephone-handset","status":"publish","type":"product","link":"https:\/\/www.siwoc.com\/pl\/product\/abs-plastic-ptt-switch-industrial-telephone-handset\/","title":{"rendered":"Plastikowy prze\u0142\u0105cznik PTT z tworzywa ABS, przemys\u0142owa s\u0142uchawka telefoniczna"},"content":{"rendered":"<h2>Parametr ABS Plastiku PTT Prze\u0142\u0105cznika Telefonu Kom\u00f3rkowego Przemys\u0142owego<\/h2>\n<div>\n<table>\n<tbody>\n<tr>\n<td width=\"49.3400%\">Nr modelu<\/td>\n<td width=\"50.6400%\">A05+L33<\/td>\n<\/tr>\n<tr>\n<td width=\"49.3400%\">Stopie\u0144 wodoodporno\u015bci<\/td>\n<td width=\"50.6400%\">IP54<\/td>\n<\/tr>\n<tr>\n<td width=\"49.3400%\">Operate temperature<\/td>\n<td width=\"50.6400%\">-30\uff5e+65\u2103<\/td>\n<\/tr>\n<tr>\n<td width=\"49.3400%\">Storage temperature<\/td>\n<td width=\"50.6400%\">-40\uff5e+85\u2103<\/td>\n<\/tr>\n<tr>\n<td width=\"49.3400%\">Wilgotno\u015b\u0107 wzgl\u0119dna<\/td>\n<td width=\"50.6400%\">30%-90%RH<\/td>\n<\/tr>\n<tr>\n<td width=\"49.3400%\">Ci\u015bnienie atmosferyczne<\/td>\n<td width=\"50.6400%\">60~106Kpa<\/td>\n<\/tr>\n<tr>\n<td width=\"49.3400%\">Tworzywo<\/td>\n<td width=\"50.6400%\">Utwierdzony przez UL ABS<\/td>\n<\/tr>\n<tr>\n<td width=\"49.3400%\">Typ PTT<\/td>\n<td width=\"50.6400%\">Przycisk PTT w kszta\u0142cie ko\u0142a<\/td>\n<\/tr>\n<tr>\n<td width=\"49.3400%\">Typ kontroli<\/td>\n<td width=\"50.6400%\">Customized<\/td>\n<\/tr>\n<tr>\n<td width=\"49.3400%\">Funkcje<\/td>\n<td width=\"50.6400%\">Z podstaw\u0105 odporn\u0105 na wibracje<\/td>\n<\/tr>\n<\/tbody>\n<\/table>\n<\/div>\n<p>SINIWO ABS plastikowy prze\u0142\u0105cznik PTT telefonu kom\u00f3rkowego jest wykonany z dopasowanego podstawy, kt\u00f3ry szeroko stosowany jest w nieprzyjemnych pojazdach, z silnym magnesem, kt\u00f3ry utrzymuje s\u0142uchawk\u0119 mocno z cechami antywibracyjnymi.<\/p>\n<p><iframe title=\"Odtwarzacz wideo YouTube\" src=\"https:\/\/www.youtube.com\/embed\/iyzDdBuVMyA?si=o7gt8LDfMRazK4p7\" width=\"560\" height=\"315\" frameborder=\"0\" allowfullscreen=\"allowfullscreen\"><\/iframe><\/p>\n<h2>W\u0142a\u015bciwo\u015b\u0107 plastiku ABS prze\u0142\u0105cznika PTT telefonu kom\u00f3rkowego indyjskiego<\/h2>\n<p>1. Telefon kom\u00f3rkowy ABS PTT z prze\u0142\u0105cznikiem z plastiku Siniw\u00f3 przeznaczony jest do pojazd\u00f3w z nier\u00f3wnym terenem, kt\u00f3re wymagaj\u0105 przycisk\u00f3w odpornych na wibracje dla radiostacji samochodowych. Z silnym magnesem zar\u00f3wno w telefonie, jak i w podstawce, telefon nie mo\u017ce swobodnie si\u0119 przesuwa\u0107, gdy go umieszcza si\u0119 na podstawce. Z przyciskiem PTT mo\u017cna kontrolowa\u0107 mikrofon i g\u0142o\u015bnik zgodnie z Twoimi potrzebami.<\/p>\n<p><img fetchpriority=\"high\" decoding=\"async\" class=\"alignnone wp-image-274 size-full\" src=\"http:\/\/siwoc.com\/wp-content\/uploads\/2024\/12\/1.\u5c3a\u5bf8\u56fe.png\" alt=\"\" width=\"1002\" height=\"741\" srcset=\"https:\/\/www.siwoc.com\/wp-content\/uploads\/2024\/12\/1.\u5c3a\u5bf8\u56fe.png 1002w, https:\/\/www.siwoc.com\/wp-content\/uploads\/2024\/12\/1.\u5c3a\u5bf8\u56fe-300x222.png 300w, https:\/\/www.siwoc.com\/wp-content\/uploads\/2024\/12\/1.\u5c3a\u5bf8\u56fe-768x568.png 768w, https:\/\/www.siwoc.com\/wp-content\/uploads\/2024\/12\/1.\u5c3a\u5bf8\u56fe-16x12.png 16w, https:\/\/www.siwoc.com\/wp-content\/uploads\/2024\/12\/1.\u5c3a\u5bf8\u56fe-600x444.png 600w\" sizes=\"(max-width: 1002px) 100vw, 1002px\" \/><\/p>\n<p>2. Prze\u0142\u0105cznik PTT z tworzywa ABS Siniw\u00f3 do telefonu kom\u00f3rkowego przemys\u0142owego jest szeroko stosowany w nieprzyjaznych dla pojazd\u00f3w i kolor mo\u017ce by\u0107 r\u00f3wnie\u017c dostosowany do koloru Twojego pojazdu, niezale\u017cnie czy jest czerwony, bia\u0142y, niebieski czy pomara\u0144czowy. Ale SINIWO ma wniosek MOQ dotycz\u0105cy r\u00f3\u017cnych kolor\u00f3w, wi\u0119c prosz\u0119 o kontakt z nami w celu uzyskania wi\u0119cej informacji.<\/p>\n<p><img decoding=\"async\" class=\"alignnone wp-image-275 size-full\" src=\"http:\/\/siwoc.com\/wp-content\/uploads\/2024\/12\/2.\u53ef\u9009\u989c\u8272.jpg\" alt=\"\" width=\"750\" height=\"500\" srcset=\"https:\/\/www.siwoc.com\/wp-content\/uploads\/2024\/12\/2.\u53ef\u9009\u989c\u8272.jpg 750w, https:\/\/www.siwoc.com\/wp-content\/uploads\/2024\/12\/2.\u53ef\u9009\u989c\u8272-300x200.jpg 300w, https:\/\/www.siwoc.com\/wp-content\/uploads\/2024\/12\/2.\u53ef\u9009\u989c\u8272-18x12.jpg 18w, https:\/\/www.siwoc.com\/wp-content\/uploads\/2024\/12\/2.\u53ef\u9009\u989c\u8272-600x400.jpg 600w\" sizes=\"(max-width: 750px) 100vw, 750px\" \/><\/p>\n<p>3. Prze\u0142\u0105cznik PTT z tworzywa sztucznego SINIWOABS do telefonu przemys\u0142owego mo\u017ce by\u0107 wysy\u0142any przez mi\u0119dzynarodowy przew\u00f3z ekspresowy, lotniczo lub morsko, z us\u0142ug\u0105 dor\u0119czenia do drzwi lub port do portu. SINIWO ma zaufanego przewo\u017anika, kt\u00f3ry zajmuje si\u0119 sprawami przesy\u0142ek dla klienta z szybszym, bezpiecznym, konkurencyjn\u0105 cen\u0105 i kr\u00f3tkim czasem dostawy. Zwykle wymaga to 5 dni roboczych na przesy\u0142k\u0119 ekspresow\u0105 mi\u0119dzynarodow\u0105 i 7 dni roboczych na przesy\u0142k\u0119 lotnicz\u0105.<\/p>\n<p><img decoding=\"async\" class=\"alignnone wp-image-276 size-full\" src=\"http:\/\/siwoc.com\/wp-content\/uploads\/2024\/12\/3.-\u8fd0\u8f93\u56fe.jpg\" alt=\"\" width=\"750\" height=\"424\" srcset=\"https:\/\/www.siwoc.com\/wp-content\/uploads\/2024\/12\/3.-\u8fd0\u8f93\u56fe.jpg 750w, https:\/\/www.siwoc.com\/wp-content\/uploads\/2024\/12\/3.-\u8fd0\u8f93\u56fe-300x170.jpg 300w, https:\/\/www.siwoc.com\/wp-content\/uploads\/2024\/12\/3.-\u8fd0\u8f93\u56fe-18x10.jpg 18w, https:\/\/www.siwoc.com\/wp-content\/uploads\/2024\/12\/3.-\u8fd0\u8f93\u56fe-600x339.jpg 600w\" sizes=\"(max-width: 750px) 100vw, 750px\" \/><\/p>\n<p>&nbsp;<\/p>\n<p>&nbsp;<\/p>\n<p>&nbsp;<\/p>\n<p>&nbsp;<\/p>\n<p>&nbsp;<\/p>","protected":false},"excerpt":{"rendered":"<p>SINIWO skupia si\u0119 na stanie si\u0119 globalnym producentem zintegrowanym w bran\u017cy przemys\u0142owej w Chinach, produkuj\u0105cym przeka\u017aniki ABS, PTT, przemys\u0142owe telefony kom\u00f3rkowe i s\u0142uchawki. SINIWO rozbudowa\u0142o swoje fabryk\u0119 o pracowni\u0119 formowania przez iniekcj\u0119, pracowni\u0119 kucia, pracowni\u0119 obr\u00f3bki blach, pracowni\u0119 SMT oraz pracowni\u0119 monta\u017cow\u0105 w tym roku, aby oferowa\u0107 ca\u0142kowit\u0105 us\u0142ug\u0119 dla klienta.<\/p>","protected":false},"featured_media":273,"template":"","meta":[],"product_cat":[36,24],"product_tag":[33,31,32,35,34],"class_list":{"0":"post-271","1":"product","2":"type-product","3":"status-publish","4":"has-post-thumbnail","6":"product_cat-abs-plastic-ptt-switch-industrial-telephone-handset","7":"product_cat-telephone-handset","8":"product_tag-inmate-telephone-handset","9":"product_tag-jail-telphone-handset","10":"product_tag-prison-phone-handset","11":"product_tag-rugged-telephone-handset","12":"product_tag-vandal-proof-telephone-handset","14":"first","15":"instock","16":"shipping-taxable","17":"product-type-simple"},"_links":{"self":[{"href":"https:\/\/www.siwoc.com\/pl\/wp-json\/wp\/v2\/product\/271","targetHints":{"allow":["GET"]}}],"collection":[{"href":"https:\/\/www.siwoc.com\/pl\/wp-json\/wp\/v2\/product"}],"about":[{"href":"https:\/\/www.siwoc.com\/pl\/wp-json\/wp\/v2\/types\/product"}],"version-history":[{"count":0,"href":"https:\/\/www.siwoc.com\/pl\/wp-json\/wp\/v2\/product\/271\/revisions"}],"wp:featuredmedia":[{"embeddable":true,"href":"https:\/\/www.siwoc.com\/pl\/wp-json\/wp\/v2\/media\/273"}],"wp:attachment":[{"href":"https:\/\/www.siwoc.com\/pl\/wp-json\/wp\/v2\/media?parent=271"}],"wp:term":[{"taxonomy":"product_cat","embeddable":true,"href":"https:\/\/www.siwoc.com\/pl\/wp-json\/wp\/v2\/product_cat?post=271"},{"taxonomy":"product_tag","embeddable":true,"href":"https:\/\/www.siwoc.com\/pl\/wp-json\/wp\/v2\/product_tag?post=271"}],"curies":[{"name":"wp","href":"https:\/\/api.w.org\/{rel}","templated":true}]}}