{"id":280,"date":"2025-01-02T11:18:02","date_gmt":"2025-01-02T03:18:02","guid":{"rendered":"http:\/\/siwoc.com\/?post_type=product&#038;p=280"},"modified":"2025-01-02T11:32:14","modified_gmt":"2025-01-02T03:32:14","slug":"ptt-switch-telephone-handset","status":"publish","type":"product","link":"https:\/\/www.siwoc.com\/pl\/product\/ptt-switch-telephone-handset\/","title":{"rendered":"S\u0142uchawka telefoniczna z prze\u0142\u0105cznikiem PTT"},"content":{"rendered":"<p>To niestandardowe, wytrzyma\u0142e s\u0142uchawki telefoniczne prze\u0142\u0105cznika SINIWO PTT s\u0105 stosowane w zak\u0142adach chemicznych, stacjach naftowych i gazowych oraz stacjach portowych, gdzie wymagana jest funkcja redukcji szum\u00f3w i funkcji push to talk. Zgodne jest z dyrektyw\u0105 Rady w sprawie kompatybilno\u015bci elektromagnetycznej 2014\/30\/EU zgodnie z norm\u0105 testow\u0105 EN55032:2015\/A1:2020 oraz EN55035:2017\/A11:2020.<\/p>\n<h2>Parametr prze\u0142\u0105cznika PTT telefonu kom\u00f3rkowego<\/h2>\n<table>\n<tbody>\n<tr>\n<td width=\"284\">Nr modelu<\/td>\n<td width=\"284\">A15<\/td>\n<\/tr>\n<tr>\n<td width=\"284\">Stopie\u0144 wodoodporno\u015bci<\/td>\n<td width=\"284\">IP65<\/td>\n<\/tr>\n<tr>\n<td width=\"284\">D\u017awi\u0119k t\u0142a<\/td>\n<td width=\"284\">\u226460dB<\/td>\n<\/tr>\n<tr>\n<td width=\"284\">Cz\u0119stotliwo\u015b\u0107 pracy<\/td>\n<td width=\"284\">300~3400Hz<\/td>\n<\/tr>\n<tr>\n<td width=\"284\">SLR<\/td>\n<td width=\"284\">5~15 dB<\/td>\n<\/tr>\n<tr>\n<td width=\"284\">RLR<\/td>\n<td width=\"284\">-7~2 dB<\/td>\n<\/tr>\n<tr>\n<td width=\"284\">Funkcja specjalna<\/td>\n<td width=\"284\">przeka\u017anik telefonu kom\u00f3rkowego z funkcj\u0105 redukcji szum\u00f3w<\/td>\n<\/tr>\n<tr>\n<td width=\"284\">Working Temperature<\/td>\n<td width=\"284\">Zwyk\u0142y:-20\u2103~+40\u2103<br \/>\nSpecjalny: -40\u2103~+50\u2103<br \/>\nProsz\u0119 poinformowa\u0107 nas o swoim \u017c\u0105daniu z wyprzedzeniem<\/td>\n<\/tr>\n<tr>\n<td width=\"284\">Wilgotno\u015b\u0107 wzgl\u0119dna<\/td>\n<td width=\"284\">\u226495%<\/td>\n<\/tr>\n<tr>\n<td width=\"284\">Ci\u015bnienie atmosferyczne<\/td>\n<td width=\"284\">80~110Kpa<\/td>\n<\/tr>\n<\/tbody>\n<\/table>\n<h2>Funkcja telefonu kom\u00f3rkowego PTT<\/h2>\n<p>Ten telefon kom\u00f3rkowy odporny na warunki atmosferyczne zosta\u0142 zaprojektowany ergonomicznie i jest odpowiedni dla wi\u0119kszo\u015bci telefon\u00f3w kom\u00f3rkowych zewn\u0119trznych. Jako specjalista w bran\u017cy telekomunikacji przemys\u0142owej, mamy bogate do\u015bwiadczenie w projektowaniu telefon\u00f3w kom\u00f3rkowych odpornych na warunki atmosferyczne oraz oferujemy rozwi\u0105zania dla klient\u00f3w.<\/p>\n<p>&nbsp;<\/p>\n<p><img fetchpriority=\"high\" decoding=\"async\" class=\"alignnone wp-image-281 size-full\" src=\"http:\/\/siwoc.com\/wp-content\/uploads\/2025\/01\/1.\u5c3a\u5bf8\u56fe.jpg\" alt=\"\" width=\"300\" height=\"354\" srcset=\"https:\/\/www.siwoc.com\/wp-content\/uploads\/2025\/01\/1.\u5c3a\u5bf8\u56fe.jpg 300w, https:\/\/www.siwoc.com\/wp-content\/uploads\/2025\/01\/1.\u5c3a\u5bf8\u56fe-254x300.jpg 254w, https:\/\/www.siwoc.com\/wp-content\/uploads\/2025\/01\/1.\u5c3a\u5bf8\u56fe-10x12.jpg 10w\" sizes=\"(max-width: 300px) 100vw, 300px\" \/><\/p>\n<p>Dla tego PTT przeka\u017anika telefonicznego u\u017cywanego w trudnych warunkach \u015brodowiskowych, oferujemy g\u0142o\u015bnik do s\u0142uchatele oraz mikrofon redukuj\u0105cy szum, kt\u00f3ry mo\u017ce skasowa\u0107 szum t\u0142a podczas odbierania po\u0142\u0105cze\u0144; z przeka\u017anikiem \"push to talk\" mo\u017cna poprawi\u0107 jako\u015b\u0107 komunikacji po zwolnieniu przeka\u017anika.<\/p>\n<p><iframe title=\"Odtwarzacz wideo YouTube\" src=\"https:\/\/www.youtube.com\/embed\/sZkHPoaxf9Y?si=lbCkkBo0V-49DMNF\" width=\"560\" height=\"315\" frameborder=\"0\" allowfullscreen=\"allowfullscreen\"><\/iframe><\/p>\n<h2>sznurek zewn\u0119trzny z detalami telefonu kom\u00f3rkowego odpornego na warunki atmosferyczne<\/h2>\n<p>\u2013 Kabel krzywy z PVC (domy\u015blny), temperatura pracy: -20\u2103~+40\u2103<br \/>\n\u2013 D\u0142ugo\u015b\u0107 standardowego kabla 9 cali w zwini\u0119tym stanie, 6 st\u00f3p po roz\u0142o\u017ceniu (domy\u015blne)<br \/>\n\u2013 Dost\u0119pna jest niestandardowa r\u00f3\u017cna d\u0142ugo\u015b\u0107.<br \/>\n\u2013 Cieniutki kabel z PVC, kr\u0119ty, odporny na warunki pogodowe (opcjonalnie), zakres temperatur pracy: -30\u2103~+50\u2103<br \/>\n\u2013 Sznurek kr\u0119ty Hytrel (opcjonalnie) temperatura pracy: -40\u2103~+100\u2103<\/p>\n<p><img decoding=\"async\" class=\"alignnone wp-image-282 size-full\" src=\"http:\/\/siwoc.com\/wp-content\/uploads\/2025\/01\/2.\u624b\u67c4\u6d4b\u8bd5\u8bbe\u5907\u6d41\u7a0b.jpg\" alt=\"\" width=\"750\" height=\"688\" srcset=\"https:\/\/www.siwoc.com\/wp-content\/uploads\/2025\/01\/2.\u624b\u67c4\u6d4b\u8bd5\u8bbe\u5907\u6d41\u7a0b.jpg 750w, https:\/\/www.siwoc.com\/wp-content\/uploads\/2025\/01\/2.\u624b\u67c4\u6d4b\u8bd5\u8bbe\u5907\u6d41\u7a0b-300x275.jpg 300w, https:\/\/www.siwoc.com\/wp-content\/uploads\/2025\/01\/2.\u624b\u67c4\u6d4b\u8bd5\u8bbe\u5907\u6d41\u7a0b-13x12.jpg 13w, https:\/\/www.siwoc.com\/wp-content\/uploads\/2025\/01\/2.\u624b\u67c4\u6d4b\u8bd5\u8bbe\u5907\u6d41\u7a0b-600x550.jpg 600w\" sizes=\"(max-width: 750px) 100vw, 750px\" \/><\/p>\n<p>Jako producent i dostawca w Chinach, SINIWO akceptuje personalizacj\u0119 koloru i logotypu dla tego telefonu kom\u00f3rkowego PTT. Kolor wsp\u00f3lny w magazynie to czarny i czerwony. Inny kolor mo\u017ce by\u0107 dostosowany zgodnie z numerem Pantone lub pr\u00f3b\u0105 koloru. Logo mo\u017cna wydrukowa\u0107 za pomoc\u0105 druku laserowego lub druku sztucznej tkaniny, lub dostosowa\u0107 swoje logo z oryginalnego narz\u0119dzia, co jest akceptowalne.<\/p>\n<p><img decoding=\"async\" class=\"alignnone wp-image-275 size-full\" src=\"http:\/\/siwoc.com\/wp-content\/uploads\/2024\/12\/2.\u53ef\u9009\u989c\u8272.jpg\" alt=\"\" width=\"750\" height=\"500\" srcset=\"https:\/\/www.siwoc.com\/wp-content\/uploads\/2024\/12\/2.\u53ef\u9009\u989c\u8272.jpg 750w, https:\/\/www.siwoc.com\/wp-content\/uploads\/2024\/12\/2.\u53ef\u9009\u989c\u8272-300x200.jpg 300w, https:\/\/www.siwoc.com\/wp-content\/uploads\/2024\/12\/2.\u53ef\u9009\u989c\u8272-18x12.jpg 18w, https:\/\/www.siwoc.com\/wp-content\/uploads\/2024\/12\/2.\u53ef\u9009\u989c\u8272-600x400.jpg 600w\" sizes=\"(max-width: 750px) 100vw, 750px\" \/><\/p>\n<p>&nbsp;<\/p>\n<p>&nbsp;<\/p>\n<p>&nbsp;<\/p>\n<p>&nbsp;<\/p>\n<p>&nbsp;<\/p>\n<p>&nbsp;<\/p>\n<p>&nbsp;<\/p>","protected":false},"excerpt":{"rendered":"<p>Jako dostawca telefon\u00f3w kom\u00f3rkowych z przyciskiem PTT w Chinach, wykorzystywanych w obszarach przemys\u0142owych, SINIWO opracowa\u0142 mikrofon zmniejszaj\u0105cy szum na podstawie danych technicznych i struktury mikrofonu podczas projektowania. Te telefon kom\u00f3rkowy z przyciskiem PTT SINIWO zosta\u0142y wybrane przez Gai-tronics do wi\u0119kszo\u015bci telefon\u00f3w typu heavy duty na rynku globalnym.<\/p>","protected":false},"featured_media":286,"template":"","meta":[],"product_cat":[37,24],"product_tag":[38,39,40],"class_list":{"0":"post-280","1":"product","2":"type-product","3":"status-publish","4":"has-post-thumbnail","6":"product_cat-ptt-switch-telephone-handset","7":"product_cat-telephone-handset","8":"product_tag-customized-handset","9":"product_tag-industrial-telephone-handset","10":"product_tag-noise-canceling-handset","12":"first","13":"instock","14":"shipping-taxable","15":"product-type-simple"},"_links":{"self":[{"href":"https:\/\/www.siwoc.com\/pl\/wp-json\/wp\/v2\/product\/280","targetHints":{"allow":["GET"]}}],"collection":[{"href":"https:\/\/www.siwoc.com\/pl\/wp-json\/wp\/v2\/product"}],"about":[{"href":"https:\/\/www.siwoc.com\/pl\/wp-json\/wp\/v2\/types\/product"}],"version-history":[{"count":0,"href":"https:\/\/www.siwoc.com\/pl\/wp-json\/wp\/v2\/product\/280\/revisions"}],"wp:featuredmedia":[{"embeddable":true,"href":"https:\/\/www.siwoc.com\/pl\/wp-json\/wp\/v2\/media\/286"}],"wp:attachment":[{"href":"https:\/\/www.siwoc.com\/pl\/wp-json\/wp\/v2\/media?parent=280"}],"wp:term":[{"taxonomy":"product_cat","embeddable":true,"href":"https:\/\/www.siwoc.com\/pl\/wp-json\/wp\/v2\/product_cat?post=280"},{"taxonomy":"product_tag","embeddable":true,"href":"https:\/\/www.siwoc.com\/pl\/wp-json\/wp\/v2\/product_tag?post=280"}],"curies":[{"name":"wp","href":"https:\/\/api.w.org\/{rel}","templated":true}]}}