{"id":298,"date":"2025-01-02T13:09:22","date_gmt":"2025-01-02T05:09:22","guid":{"rendered":"http:\/\/siwoc.com\/?post_type=product&#038;p=298"},"modified":"2025-01-02T13:18:55","modified_gmt":"2025-01-02T05:18:55","slug":"rugged-telephone-handset","status":"publish","type":"product","link":"https:\/\/www.siwoc.com\/pl\/product\/rugged-telephone-handset\/","title":{"rendered":"Wytrzyma\u0142a s\u0142uchawka telefoniczna"},"content":{"rendered":"<p>Ten trudny w u\u017cyciu telefon kom\u00f3rkowy SINIWO zosta\u0142 zaprojektowany zgodnie z standardem MIL telefonu H250, kt\u00f3ry jest stosowany w sprz\u0119cie telekomunikacyjnym wojskowym, takim jak radio, telefon MIL lub system po\u0142\u0105cze\u0144 policji. SINIWO zaprojektowa\u0142 r\u00f3wnie\u017c dopasowany mikrofon i g\u0142o\u015bnik dla klient\u00f3w, kt\u00f3rzy lubi\u0105 wygl\u0105d tego grubej telefonu kom\u00f3rkowego, ale nie potrzebuj\u0105 specyfikacji standardu MIL z tanim cen\u0105.<\/p>\n<h2>Parametr por\u00f3wnawczy telefonu kom\u00f3rkowego A25 i MIL H250<\/h2>\n<table>\n<tbody>\n<tr>\n<td width=\"182\">Nr modelu<\/td>\n<td width=\"198\">H-250<\/td>\n<td width=\"187\">A25<\/td>\n<\/tr>\n<tr>\n<td width=\"182\">Waga<\/td>\n<td width=\"198\">Oko\u0142o 350 g<\/td>\n<td width=\"187\">Oko\u0142o 350 g<\/td>\n<\/tr>\n<tr>\n<td width=\"182\">D\u017awi\u0119k t\u0142a<\/td>\n<td width=\"198\">Nie dotyczy<\/td>\n<td width=\"187\">\u2264100dB<\/td>\n<\/tr>\n<tr>\n<td width=\"182\">Impedancja mowy<\/td>\n<td width=\"198\">1000\u03a9\u00a0(@1kHz)<\/td>\n<td width=\"187\">1000\u03a9\u00a0(@1kHz)<\/td>\n<\/tr>\n<tr>\n<td width=\"182\">Impedancja mikrofonu:<\/td>\n<td width=\"198\">150\u03a9\u00a0(@1kHz)<\/td>\n<td width=\"187\">150\u03a9\u00a0(@1kHz)<\/td>\n<\/tr>\n<tr>\n<td width=\"182\">Poziom wyj\u015bcia mikrofonu:<\/td>\n<td width=\"198\">Wi\u0119cej ni\u017c -56dB(@1kHz)<\/td>\n<td width=\"187\">-59dB(@1kHz)<\/td>\n<\/tr>\n<tr>\n<td width=\"182\">Zniekszta\u0142cenie:<\/td>\n<td width=\"198\">Mniej ni\u017c 5%(300Hz~3500Hz)<\/td>\n<td width=\"187\">Mniej ni\u017c 5%(200Hz~4000Hz)<\/td>\n<\/tr>\n<tr>\n<td width=\"182\">Zakres temperatur pracy<\/td>\n<td width=\"198\">-20\u2103~65\u2103<\/td>\n<td width=\"187\">-45\u2103~55\u2103<\/td>\n<\/tr>\n<tr>\n<td width=\"182\">Oporno\u015b\u0107 na wod\u0119:<\/td>\n<td width=\"198\">Zachowuje pe\u0142n\u0105 funkcj\u0119 po zanurzeniu w wodzie o g\u0142\u0119boko\u015bci 3 st\u00f3p (91 cm) przez 2 godziny<\/td>\n<td width=\"187\">Zachowuje pe\u0142n\u0105 funkcj\u0119 po zanurzeniu w 1 metrze wody przez 2 godziny<\/td>\n<\/tr>\n<tr>\n<td width=\"182\">trwa\u0142o\u015b\u0107 prze\u0142\u0105cznika PTT:<\/td>\n<td width=\"198\">Wi\u0119cej ni\u017c 2 miliony aktywacji<\/td>\n<td width=\"187\">Wi\u0119cej ni\u017c 2 miliony aktywacji<\/td>\n<\/tr>\n<\/tbody>\n<\/table>\n<h2>W\u0142a\u015bciwo\u015b\u0107 trudnego telefonu kom\u00f3rkowego<\/h2>\n<p>1. Ten trudny do u\u017cytku telefon z telefonem jest g\u0142\u00f3wnie zaprojektowany do u\u017cytku wojskowego, wi\u0119c stopie\u0144 odporno\u015bci na korozj\u0119 i stopie\u0144 odporno\u015bci na wod\u0119 s\u0105 najwa\u017cniejszymi czynnikami do rozwa\u017cenia. Wi\u0119c produkujemy ten telefon z membran\u0105 przepuszczaj\u0105c\u0105 d\u017awi\u0119k odporn\u0105 na wod\u0119 zar\u00f3wno dla mikrofonu, jak i g\u0142o\u015bnika, a tak\u017ce zamykamy ca\u0142\u0105 przestrze\u0144 za pomoc\u0105 kleju odpornego na wod\u0119.<\/p>\n<p><img fetchpriority=\"high\" decoding=\"async\" class=\"alignnone wp-image-305 size-full\" src=\"http:\/\/siwoc.com\/wp-content\/uploads\/2025\/01\/1.\u5c3a\u5bf8\u56fe-1.jpg\" alt=\"\" width=\"647\" height=\"614\" srcset=\"https:\/\/www.siwoc.com\/wp-content\/uploads\/2025\/01\/1.\u5c3a\u5bf8\u56fe-1.jpg 647w, https:\/\/www.siwoc.com\/wp-content\/uploads\/2025\/01\/1.\u5c3a\u5bf8\u56fe-1-300x285.jpg 300w, https:\/\/www.siwoc.com\/wp-content\/uploads\/2025\/01\/1.\u5c3a\u5bf8\u56fe-1-13x12.jpg 13w, https:\/\/www.siwoc.com\/wp-content\/uploads\/2025\/01\/1.\u5c3a\u5bf8\u56fe-1-600x569.jpg 600w\" sizes=\"(max-width: 647px) 100vw, 647px\" \/><\/p>\n<p>2. Gdy projektowali\u015bmy taki trudny w u\u017cyciu telefon kom\u00f3rkowy do \u015brodowiska wojskowego, wybrali\u015bmy materia\u0142 z w\u0142\u00f3kna szklanego wzmacniaj\u0105cego polikarbonat zatwierdzony przez RoHS, aby zwi\u0119kszy\u0107 odporno\u015b\u0107 na uszkodzenia. Dla klient\u00f3w zainteresowanych tym trudnym telefonem kom\u00f3rkowym w przemy\u015ble oferujemy dopasowane wyboru, aby spe\u0142ni\u0107 potrzeby klient\u00f3w.<iframe title=\"Odtwarzacz wideo YouTube\" src=\"https:\/\/www.youtube.com\/embed\/-iBEaUq7-l0?si=dUOWylRfB5l2v5PO\" width=\"560\" height=\"315\" frameborder=\"0\" allowfullscreen=\"allowfullscreen\"><\/iframe><\/p>\n<h2>szczeg\u00f3\u0142y trudnej telefonu zewn\u0119trznej krzywej sznura<\/h2>\n<p>\u2013 Kabel krzy\u017cykowy wojskowy TEPU, \u015brednica 7 mm (domy\u015blny), temperatura pracy: -40\u2103~+100\u2103<br \/>\n\u2013 D\u0142ugo\u015b\u0107 standardowego kabla 9 cali w zwini\u0119tym stanie, 6 st\u00f3p po roz\u0142o\u017ceniu (domy\u015blne)<br \/>\n\u2013 Dost\u0119pna jest niestandardowa r\u00f3\u017cna d\u0142ugo\u015b\u0107.<br \/>\n\u2013 Kabel krzywy z PVC (domy\u015blny), temperatura pracy: -20\u2103~+40\u2103<br \/>\n\u2013 D\u0142ugo\u015b\u0107 standardowego kabla 9 cali w zwini\u0119tym stanie, 6 st\u00f3p po roz\u0142o\u017ceniu (opcjonalnie)<br \/>\n\u2013 Dost\u0119pna jest niestandardowa r\u00f3\u017cna d\u0142ugo\u015b\u0107.<br \/>\n\u2013 Cieniutki kabel z PVC, kr\u0119ty, odporny na warunki pogodowe (opcjonalnie), zakres temperatur pracy: -30\u2103~+50\u2103<\/p>\n<p><img decoding=\"async\" class=\"alignnone wp-image-306 size-full\" src=\"http:\/\/siwoc.com\/wp-content\/uploads\/2025\/01\/2.\u624b\u67c4\u5e94\u7528.jpg\" alt=\"\" width=\"750\" height=\"536\" srcset=\"https:\/\/www.siwoc.com\/wp-content\/uploads\/2025\/01\/2.\u624b\u67c4\u5e94\u7528.jpg 750w, https:\/\/www.siwoc.com\/wp-content\/uploads\/2025\/01\/2.\u624b\u67c4\u5e94\u7528-300x214.jpg 300w, https:\/\/www.siwoc.com\/wp-content\/uploads\/2025\/01\/2.\u624b\u67c4\u5e94\u7528-18x12.jpg 18w, https:\/\/www.siwoc.com\/wp-content\/uploads\/2025\/01\/2.\u624b\u67c4\u5e94\u7528-600x429.jpg 600w\" sizes=\"(max-width: 750px) 100vw, 750px\" \/><\/p>\n<p>Dla tego trudnego w u\u017cyciu telefonu kom\u00f3rkowego wykorzystywanego w \u015brodowisku wojskowym, innym wa\u017cnym czynnikiem jest redukcja szum\u00f3w t\u0142a. Obie strony mikrofonu maj\u0105 otwory do wprowadzania d\u017awi\u0119ku. Poniewa\u017c pozycja przodu i ty\u0142u jest przeciwstawnia, d\u017awi\u0119k wprowadzany jest do obu stron, co skutkuje wzajemnym anulowaniem. D\u017awi\u0119k nie zostanie anulowany, poniewa\u017c jest tylko wprowadzany do strony m\u00f3wi\u0105cej mikrofonu. Teoretycznie, w \u015brodowisku z du\u017c\u0105 ilo\u015bci\u0105 szumu, kt\u00f3ry jest wprowadzany na obie strony mikrofonu jednocze\u015bnie, szum zostanie anulowany.<\/p>\n<p><img decoding=\"async\" class=\"alignnone wp-image-307 size-large\" src=\"http:\/\/siwoc.com\/wp-content\/uploads\/2025\/01\/3.-\u624b\u67c4\u6297\u566a\u539f\u7406\u56fe-1024x411.png\" alt=\"\" width=\"800\" height=\"321\" srcset=\"https:\/\/www.siwoc.com\/wp-content\/uploads\/2025\/01\/3.-\u624b\u67c4\u6297\u566a\u539f\u7406\u56fe-1024x411.png 1024w, https:\/\/www.siwoc.com\/wp-content\/uploads\/2025\/01\/3.-\u624b\u67c4\u6297\u566a\u539f\u7406\u56fe-300x120.png 300w, https:\/\/www.siwoc.com\/wp-content\/uploads\/2025\/01\/3.-\u624b\u67c4\u6297\u566a\u539f\u7406\u56fe-768x308.png 768w, https:\/\/www.siwoc.com\/wp-content\/uploads\/2025\/01\/3.-\u624b\u67c4\u6297\u566a\u539f\u7406\u56fe-1536x616.png 1536w, https:\/\/www.siwoc.com\/wp-content\/uploads\/2025\/01\/3.-\u624b\u67c4\u6297\u566a\u539f\u7406\u56fe-2048x822.png 2048w, https:\/\/www.siwoc.com\/wp-content\/uploads\/2025\/01\/3.-\u624b\u67c4\u6297\u566a\u539f\u7406\u56fe-18x7.png 18w, https:\/\/www.siwoc.com\/wp-content\/uploads\/2025\/01\/3.-\u624b\u67c4\u6297\u566a\u539f\u7406\u56fe-600x241.png 600w\" sizes=\"(max-width: 800px) 100vw, 800px\" \/><\/p>\n<p>&nbsp;<\/p>\n<p>&nbsp;<\/p>\n<p>&nbsp;<\/p>\n<p>&nbsp;<\/p>\n<p>&nbsp;<\/p>","protected":false},"excerpt":{"rendered":"<p>To trudny telefon z telefonem jest pierwszym telefonem militarnym zaprojektowanym przez SINIWO zgodnie z telefonem H250. Jako rzeczywisty producent i fabryka w Chinach z w\u0142asn\u0105 zespo\u0142em R&amp;D, mamy mo\u017cliwo\u015b\u0107 dostosowania i projektowania trudnych telefon\u00f3w kom\u00f3rkowych w imieniu SINIWO z konkurencyjnym kosztem i odpowiedni\u0105 ilo\u015bci\u0105, aby wygra\u0107 na rynku dla klient\u00f3w.<\/p>","protected":false},"featured_media":299,"template":"","meta":[],"product_cat":[46,24],"product_tag":[48,49,47,50],"class_list":{"0":"post-298","1":"product","2":"type-product","3":"status-publish","4":"has-post-thumbnail","6":"product_cat-rugged-telephone-handset","7":"product_cat-telephone-handset","8":"product_tag-h250-handset","9":"product_tag-ip67-waterproof-grade","10":"product_tag-military-handset","11":"product_tag-military-radio-handset","13":"first","14":"instock","15":"shipping-taxable","16":"product-type-simple"},"_links":{"self":[{"href":"https:\/\/www.siwoc.com\/pl\/wp-json\/wp\/v2\/product\/298","targetHints":{"allow":["GET"]}}],"collection":[{"href":"https:\/\/www.siwoc.com\/pl\/wp-json\/wp\/v2\/product"}],"about":[{"href":"https:\/\/www.siwoc.com\/pl\/wp-json\/wp\/v2\/types\/product"}],"version-history":[{"count":0,"href":"https:\/\/www.siwoc.com\/pl\/wp-json\/wp\/v2\/product\/298\/revisions"}],"wp:featuredmedia":[{"embeddable":true,"href":"https:\/\/www.siwoc.com\/pl\/wp-json\/wp\/v2\/media\/299"}],"wp:attachment":[{"href":"https:\/\/www.siwoc.com\/pl\/wp-json\/wp\/v2\/media?parent=298"}],"wp:term":[{"taxonomy":"product_cat","embeddable":true,"href":"https:\/\/www.siwoc.com\/pl\/wp-json\/wp\/v2\/product_cat?post=298"},{"taxonomy":"product_tag","embeddable":true,"href":"https:\/\/www.siwoc.com\/pl\/wp-json\/wp\/v2\/product_tag?post=298"}],"curies":[{"name":"wp","href":"https:\/\/api.w.org\/{rel}","templated":true}]}}